{"id":115,"date":"2017-02-04T10:02:27","date_gmt":"2017-02-04T09:02:27","guid":{"rendered":"http:\/\/la-ferte-beauharnais.fr\/?page_id=115"},"modified":"2017-04-27T09:36:21","modified_gmt":"2017-04-27T07:36:21","slug":"location-de-salle","status":"publish","type":"page","link":"https:\/\/la-ferte-beauharnais.fr\/index.php\/location-de-salle\/","title":{"rendered":"Location de salle"},"content":{"rendered":"<h1><span style=\"font-size: 20px; color: #ffffff; background-color: #808080;\"><strong>\u00a0 La salle du Conseil \u00a0 \u00a0<\/strong>\u00a0 \u00a0 \u00a0 \u00a0 \u00a0 \u00a0 \u00a0 \u00a0 \u00a0 \u00a0 \u00a0 \u00a0 \u00a0 \u00a0 \u00a0 \u00a0 \u00a0 \u00a0 \u00a0 \u00a0 \u00a0 \u00a0 \u00a0 \u00a0 \u00a0 \u00a0 \u00a0 \u00a0 \u00a0 \u00a0 \u00a0 \u00a0 \u00a0 \u00a0 \u00a0 \u00a0 \u00a0<\/span><\/h1>\n<p>La salle du Conseil est mise \u00e0 disposition pour des activit\u00e9s commerciales<br \/>\nTarif : 70 \u20ac la journ\u00e9e<\/p>\n<p>&nbsp;<\/p>\n<h1><span style=\"font-size: 20px; background-color: #808080; color: #ffffff;\"><strong>&#8220;L&#8217;Espace Fran\u00e7ois de Beauharnais&#8221;<\/strong> \u00a0 \u00a0\u00a0<\/span><\/h1>\n<p>&nbsp;<\/p>\n<p>Au centre du village, cet espace\u00a0communale est \u00e0 votre disposition pour organiser toutes vos manifestations, r\u00e9unions, c\u00e9r\u00e9monies&#8230;<\/p>\n<p style=\"text-align: center;\"><span style=\"font-size: 14px;\"><strong>Les r\u00e9servations se font uniquement en Mairie. T\u00e9l : 02 54 83 60 74<\/strong><\/span><\/p>\n<p><center><br \/>\n<a title=\"Salle communale\" href=\"https:\/\/la-ferte-beauharnais.fr\/tempo\/images\/salle_fete\/salle1.jpg\" rel=\"lightbox-atomium\"><img decoding=\"async\" title=\"Agrandir\" src=\"https:\/\/la-ferte-beauharnais.fr\/tempo\/images\/salle_fete\/salle1.jpg\" width=\"150\" border=\"0\" \/><\/a> <a title=\"Salle communale\" href=\"https:\/\/la-ferte-beauharnais.fr\/tempo\/images\/salle_fete\/salle2.jpg\" rel=\"lightbox-atomium\"><img decoding=\"async\" title=\"Agrandir\" src=\"https:\/\/la-ferte-beauharnais.fr\/tempo\/images\/salle_fete\/salle2.jpg\" width=\"150\" border=\"0\" \/><\/a> <a title=\"Salle communale\" href=\"https:\/\/la-ferte-beauharnais.fr\/tempo\/images\/salle_fete\/salle3.jpg\" rel=\"lightbox-atomium\"><img decoding=\"async\" title=\"Agrandir\" src=\"https:\/\/la-ferte-beauharnais.fr\/tempo\/images\/salle_fete\/salle3.jpg\" width=\"150\" border=\"0\" \/><\/a> <a title=\"Salle communale\" href=\"https:\/\/la-ferte-beauharnais.fr\/tempo\/images\/salle_fete\/salle4.jpg\" rel=\"lightbox-atomium\"><img decoding=\"async\" title=\"Agrandir\" src=\"https:\/\/la-ferte-beauharnais.fr\/tempo\/images\/salle_fete\/salle4.jpg\" width=\"150\" border=\"0\" \/><\/a><\/center>&nbsp;<\/p>\n<p><center><a title=\"Salle communale\" href=\"https:\/\/la-ferte-beauharnais.fr\/tempo\/images\/salle_fete\/salle5.jpg\" rel=\"lightbox-atomium\"><img decoding=\"async\" title=\"Agrandir\" src=\"https:\/\/la-ferte-beauharnais.fr\/tempo\/images\/salle_fete\/salle5.jpg\" width=\"150\" border=\"0\" \/><\/a> <a title=\"Salle communale\" href=\"https:\/\/la-ferte-beauharnais.fr\/tempo\/images\/salle_fete\/salle6.jpg\" rel=\"lightbox-atomium\"><img decoding=\"async\" title=\"Agrandir\" src=\"https:\/\/la-ferte-beauharnais.fr\/tempo\/images\/salle_fete\/salle6.jpg\" width=\"150\" border=\"0\" \/><\/a> <a title=\"Salle communale\" href=\"https:\/\/la-ferte-beauharnais.fr\/tempo\/images\/salle_fete\/salle7.jpg\" rel=\"lightbox-atomium\"><img decoding=\"async\" title=\"Agrandir\" src=\"https:\/\/la-ferte-beauharnais.fr\/tempo\/images\/salle_fete\/salle7.jpg\" width=\"150\" border=\"0\" \/><\/a> <a title=\"Salle communale\" href=\"https:\/\/la-ferte-beauharnais.fr\/tempo\/images\/salle_fete\/salle8.jpg\" rel=\"lightbox-atomium\"><img decoding=\"async\" title=\"Agrandir\" src=\"https:\/\/la-ferte-beauharnais.fr\/tempo\/images\/salle_fete\/salle8.jpg\" width=\"150\" border=\"0\" \/><\/a><\/center><img decoding=\"async\" src=\"https:\/\/la-ferte-beauharnais.fr\/tempo\/images\/sepa_horiz1.jpg\" alt=\"\" width=\"650px\" \/><\/p>\n<h2>Tarifs<\/h2>\n<table id=\"tableau\" border=\"1\" width=\"100%\" cellspacing=\"0\" cellpadding=\"5\">\n<tbody>\n<tr align=\"left\" valign=\"top\" bgcolor=\"#cccccc\">\n<td><b>Habitants de la commune<\/b><\/td>\n<td><\/td>\n<td><\/td>\n<\/tr>\n<tr align=\"left\" valign=\"top\" bgcolor=\"#ffffff\">\n<td width=\"25%\">&#8211; Location vin d&#8217;honneurs<br \/>\n&#8211; Location \u00e0 la journ\u00e9e<br \/>\n&#8211; Location week-end<\/td>\n<td align=\"right\" width=\"13%\">60 \u20ac<br \/>\n150 \u20ac<br \/>\n250\u00a0\u20ac<\/td>\n<td>Seulement en semaine<br \/>\n<br \/>\nDu samedi matin au dimanche soir<\/td>\n<\/tr>\n<tr align=\"left\" valign=\"top\" bgcolor=\"#cccccc\">\n<td><b>Habitants hors commune<\/b><\/td>\n<td><\/td>\n<td><\/td>\n<\/tr>\n<tr align=\"left\" valign=\"top\" bgcolor=\"#ffffff\">\n<td width=\"40%\">&#8211; Location vin d&#8217;honneurs<br \/>\n&#8211; Location \u00e0 la journ\u00e9e<br \/>\n&#8211; Location week-end<\/td>\n<td align=\"right\">130\u00a0\u20ac<br \/>\n250\u00a0\u20ac<br \/>\n460\u00a0\u20ac<\/td>\n<td>Seulement en semaine<br \/>\n<br \/>\nDu samedi matin au dimanche soir<\/td>\n<\/tr>\n<tr align=\"left\" valign=\"top\" bgcolor=\"#cccccc\">\n<td><b>Association commune et communaut\u00e9 de communes<\/b><\/td>\n<td><\/td>\n<td><\/td>\n<\/tr>\n<tr align=\"left\" valign=\"top\" bgcolor=\"#ffffff\">\n<td width=\"40%\">&#8211; Location vin d&#8217;honneurs<br \/>\n&#8211; Location \u00e0 la journ\u00e9e<\/td>\n<td align=\"right\">30\u00a0\u20ac<br \/>\n60\u00a0\u20ac<\/td>\n<td><\/td>\n<\/tr>\n<\/tbody>\n<\/table>\n<p>&nbsp;<\/p>\n<table id=\"tableau\" border=\"1\" width=\"100%\" cellspacing=\"0\" cellpadding=\"5\">\n<tbody>\n<tr align=\"left\" valign=\"top\" bgcolor=\"#96CF4C\">\n<td width=\"100%\"><b>\u00a0Une caution de 500\u00a0\u20ac et une attestation d&#8217;assurance sont demand\u00e9s pour valider la r\u00e9servation.<\/b><\/td>\n<\/tr>\n<\/tbody>\n<\/table>\n<p>La salle des f\u00eate n&#8217;est pas \u00e9quip\u00e9e de vaisselle.<\/p>\n<p class=\"cadre5\">Le nettoyage et la remise en \u00e9tat devront \u00eatre effectu\u00e9s par le locataire.<br \/>\nDans le cas contraire, les heures de m\u00e9nage seront factur\u00e9es au tarif horaire d&#8217;un adjoint technique principal.<\/p>\n","protected":false},"excerpt":{"rendered":"<p>\u00a0 La salle du Conseil \u00a0 \u00a0\u00a0 \u00a0 \u00a0 \u00a0 \u00a0 \u00a0 \u00a0 \u00a0 \u00a0 \u00a0 \u00a0 \u00a0 \u00a0 \u00a0 \u00a0 \u00a0 \u00a0 \u00a0 \u00a0 \u00a0 \u00a0 \u00a0 \u00a0 \u00a0 \u00a0 \u00a0 \u00a0 \u00a0 \u00a0 \u00a0 \u00a0 \u00a0 \u00a0 \u00a0 \u00a0 \u00a0 \u00a0 La salle du Conseil est mise \u00e0\u2026<\/p>\n<p> <a class=\"continue-reading-link\" href=\"https:\/\/la-ferte-beauharnais.fr\/index.php\/location-de-salle\/\"><span>Lire la suite<\/span><i class=\"crycon-right-dir\"><\/i><\/a> <\/p>\n","protected":false},"author":1,"featured_media":0,"parent":0,"menu_order":0,"comment_status":"closed","ping_status":"closed","template":"","meta":{"_exactmetrics_skip_tracking":false,"_exactmetrics_sitenote_active":false,"_exactmetrics_sitenote_note":"","_exactmetrics_sitenote_category":0,"footnotes":""},"class_list":["post-115","page","type-page","status-publish","hentry"],"yoast_head":"<!-- This site is optimized with the Yoast SEO plugin v27.3 - https:\/\/yoast.com\/product\/yoast-seo-wordpress\/ -->\n<title>Location de salle - Mairie de La Fert\u00e9 Beauharnais - Site officiel de la commune<\/title>\n<meta name=\"robots\" content=\"index, follow, max-snippet:-1, max-image-preview:large, max-video-preview:-1\" \/>\n<link rel=\"canonical\" href=\"https:\/\/la-ferte-beauharnais.fr\/index.php\/location-de-salle\/\" \/>\n<meta property=\"og:locale\" content=\"fr_FR\" \/>\n<meta property=\"og:type\" content=\"article\" \/>\n<meta property=\"og:title\" content=\"Location de salle - Mairie de La Fert\u00e9 Beauharnais - Site officiel de la commune\" \/>\n<meta property=\"og:description\" content=\"\u00a0 La salle du Conseil \u00a0 \u00a0\u00a0 \u00a0 \u00a0 \u00a0 \u00a0 \u00a0 \u00a0 \u00a0 \u00a0 \u00a0 \u00a0 \u00a0 \u00a0 \u00a0 \u00a0 \u00a0 \u00a0 \u00a0 \u00a0 \u00a0 \u00a0 \u00a0 \u00a0 \u00a0 \u00a0 \u00a0 \u00a0 \u00a0 \u00a0 \u00a0 \u00a0 \u00a0 \u00a0 \u00a0 \u00a0 \u00a0 \u00a0 La salle du Conseil est mise \u00e0\u2026 Lire la suite\" \/>\n<meta property=\"og:url\" content=\"https:\/\/la-ferte-beauharnais.fr\/index.php\/location-de-salle\/\" \/>\n<meta property=\"og:site_name\" content=\"Mairie de La Fert\u00e9 Beauharnais - Site officiel de la commune\" \/>\n<meta property=\"article:modified_time\" content=\"2017-04-27T07:36:21+00:00\" \/>\n<meta property=\"og:image\" content=\"http:\/\/la-ferte-beauharnais.fr\/tempo\/images\/salle_fete\/salle1.jpg\" \/>\n<meta name=\"twitter:card\" content=\"summary_large_image\" \/>\n<meta name=\"twitter:label1\" content=\"Dur\u00e9e de lecture estim\u00e9e\" \/>\n\t<meta name=\"twitter:data1\" content=\"1 minute\" \/>\n<script type=\"application\/ld+json\" class=\"yoast-schema-graph\">{\"@context\":\"https:\\\/\\\/schema.org\",\"@graph\":[{\"@type\":\"WebPage\",\"@id\":\"https:\\\/\\\/la-ferte-beauharnais.fr\\\/index.php\\\/location-de-salle\\\/\",\"url\":\"https:\\\/\\\/la-ferte-beauharnais.fr\\\/index.php\\\/location-de-salle\\\/\",\"name\":\"Location de salle - Mairie de La Fert\u00e9 Beauharnais - Site officiel de la commune\",\"isPartOf\":{\"@id\":\"https:\\\/\\\/la-ferte-beauharnais.fr\\\/#website\"},\"primaryImageOfPage\":{\"@id\":\"https:\\\/\\\/la-ferte-beauharnais.fr\\\/index.php\\\/location-de-salle\\\/#primaryimage\"},\"image\":{\"@id\":\"https:\\\/\\\/la-ferte-beauharnais.fr\\\/index.php\\\/location-de-salle\\\/#primaryimage\"},\"thumbnailUrl\":\"http:\\\/\\\/la-ferte-beauharnais.fr\\\/tempo\\\/images\\\/salle_fete\\\/salle1.jpg\",\"datePublished\":\"2017-02-04T09:02:27+00:00\",\"dateModified\":\"2017-04-27T07:36:21+00:00\",\"breadcrumb\":{\"@id\":\"https:\\\/\\\/la-ferte-beauharnais.fr\\\/index.php\\\/location-de-salle\\\/#breadcrumb\"},\"inLanguage\":\"fr-FR\",\"potentialAction\":[{\"@type\":\"ReadAction\",\"target\":[\"https:\\\/\\\/la-ferte-beauharnais.fr\\\/index.php\\\/location-de-salle\\\/\"]}]},{\"@type\":\"ImageObject\",\"inLanguage\":\"fr-FR\",\"@id\":\"https:\\\/\\\/la-ferte-beauharnais.fr\\\/index.php\\\/location-de-salle\\\/#primaryimage\",\"url\":\"http:\\\/\\\/la-ferte-beauharnais.fr\\\/tempo\\\/images\\\/salle_fete\\\/salle1.jpg\",\"contentUrl\":\"http:\\\/\\\/la-ferte-beauharnais.fr\\\/tempo\\\/images\\\/salle_fete\\\/salle1.jpg\"},{\"@type\":\"BreadcrumbList\",\"@id\":\"https:\\\/\\\/la-ferte-beauharnais.fr\\\/index.php\\\/location-de-salle\\\/#breadcrumb\",\"itemListElement\":[{\"@type\":\"ListItem\",\"position\":1,\"name\":\"Accueil\",\"item\":\"https:\\\/\\\/la-ferte-beauharnais.fr\\\/\"},{\"@type\":\"ListItem\",\"position\":2,\"name\":\"Location de salle\"}]},{\"@type\":\"WebSite\",\"@id\":\"https:\\\/\\\/la-ferte-beauharnais.fr\\\/#website\",\"url\":\"https:\\\/\\\/la-ferte-beauharnais.fr\\\/\",\"name\":\"Mairie de La Fert\u00e9 Beauharnais - Site officiel de la commune\",\"description\":\"Village de Sologne situ\u00e9 entre Orl\u00e9ans et Romorantin-Lanthenay.\",\"potentialAction\":[{\"@type\":\"SearchAction\",\"target\":{\"@type\":\"EntryPoint\",\"urlTemplate\":\"https:\\\/\\\/la-ferte-beauharnais.fr\\\/?s={search_term_string}\"},\"query-input\":{\"@type\":\"PropertyValueSpecification\",\"valueRequired\":true,\"valueName\":\"search_term_string\"}}],\"inLanguage\":\"fr-FR\"}]}<\/script>\n<!-- \/ Yoast SEO plugin. -->","yoast_head_json":{"title":"Location de salle - Mairie de La Fert\u00e9 Beauharnais - Site officiel de la commune","robots":{"index":"index","follow":"follow","max-snippet":"max-snippet:-1","max-image-preview":"max-image-preview:large","max-video-preview":"max-video-preview:-1"},"canonical":"https:\/\/la-ferte-beauharnais.fr\/index.php\/location-de-salle\/","og_locale":"fr_FR","og_type":"article","og_title":"Location de salle - Mairie de La Fert\u00e9 Beauharnais - Site officiel de la commune","og_description":"\u00a0 La salle du Conseil \u00a0 \u00a0\u00a0 \u00a0 \u00a0 \u00a0 \u00a0 \u00a0 \u00a0 \u00a0 \u00a0 \u00a0 \u00a0 \u00a0 \u00a0 \u00a0 \u00a0 \u00a0 \u00a0 \u00a0 \u00a0 \u00a0 \u00a0 \u00a0 \u00a0 \u00a0 \u00a0 \u00a0 \u00a0 \u00a0 \u00a0 \u00a0 \u00a0 \u00a0 \u00a0 \u00a0 \u00a0 \u00a0 \u00a0 La salle du Conseil est mise \u00e0\u2026 Lire la suite","og_url":"https:\/\/la-ferte-beauharnais.fr\/index.php\/location-de-salle\/","og_site_name":"Mairie de La Fert\u00e9 Beauharnais - Site officiel de la commune","article_modified_time":"2017-04-27T07:36:21+00:00","og_image":[{"url":"http:\/\/la-ferte-beauharnais.fr\/tempo\/images\/salle_fete\/salle1.jpg","type":"","width":"","height":""}],"twitter_card":"summary_large_image","twitter_misc":{"Dur\u00e9e de lecture estim\u00e9e":"1 minute"},"schema":{"@context":"https:\/\/schema.org","@graph":[{"@type":"WebPage","@id":"https:\/\/la-ferte-beauharnais.fr\/index.php\/location-de-salle\/","url":"https:\/\/la-ferte-beauharnais.fr\/index.php\/location-de-salle\/","name":"Location de salle - Mairie de La Fert\u00e9 Beauharnais - Site officiel de la commune","isPartOf":{"@id":"https:\/\/la-ferte-beauharnais.fr\/#website"},"primaryImageOfPage":{"@id":"https:\/\/la-ferte-beauharnais.fr\/index.php\/location-de-salle\/#primaryimage"},"image":{"@id":"https:\/\/la-ferte-beauharnais.fr\/index.php\/location-de-salle\/#primaryimage"},"thumbnailUrl":"http:\/\/la-ferte-beauharnais.fr\/tempo\/images\/salle_fete\/salle1.jpg","datePublished":"2017-02-04T09:02:27+00:00","dateModified":"2017-04-27T07:36:21+00:00","breadcrumb":{"@id":"https:\/\/la-ferte-beauharnais.fr\/index.php\/location-de-salle\/#breadcrumb"},"inLanguage":"fr-FR","potentialAction":[{"@type":"ReadAction","target":["https:\/\/la-ferte-beauharnais.fr\/index.php\/location-de-salle\/"]}]},{"@type":"ImageObject","inLanguage":"fr-FR","@id":"https:\/\/la-ferte-beauharnais.fr\/index.php\/location-de-salle\/#primaryimage","url":"http:\/\/la-ferte-beauharnais.fr\/tempo\/images\/salle_fete\/salle1.jpg","contentUrl":"http:\/\/la-ferte-beauharnais.fr\/tempo\/images\/salle_fete\/salle1.jpg"},{"@type":"BreadcrumbList","@id":"https:\/\/la-ferte-beauharnais.fr\/index.php\/location-de-salle\/#breadcrumb","itemListElement":[{"@type":"ListItem","position":1,"name":"Accueil","item":"https:\/\/la-ferte-beauharnais.fr\/"},{"@type":"ListItem","position":2,"name":"Location de salle"}]},{"@type":"WebSite","@id":"https:\/\/la-ferte-beauharnais.fr\/#website","url":"https:\/\/la-ferte-beauharnais.fr\/","name":"Mairie de La Fert\u00e9 Beauharnais - Site officiel de la commune","description":"Village de Sologne situ\u00e9 entre Orl\u00e9ans et Romorantin-Lanthenay.","potentialAction":[{"@type":"SearchAction","target":{"@type":"EntryPoint","urlTemplate":"https:\/\/la-ferte-beauharnais.fr\/?s={search_term_string}"},"query-input":{"@type":"PropertyValueSpecification","valueRequired":true,"valueName":"search_term_string"}}],"inLanguage":"fr-FR"}]}},"_links":{"self":[{"href":"https:\/\/la-ferte-beauharnais.fr\/index.php\/wp-json\/wp\/v2\/pages\/115","targetHints":{"allow":["GET"]}}],"collection":[{"href":"https:\/\/la-ferte-beauharnais.fr\/index.php\/wp-json\/wp\/v2\/pages"}],"about":[{"href":"https:\/\/la-ferte-beauharnais.fr\/index.php\/wp-json\/wp\/v2\/types\/page"}],"author":[{"embeddable":true,"href":"https:\/\/la-ferte-beauharnais.fr\/index.php\/wp-json\/wp\/v2\/users\/1"}],"replies":[{"embeddable":true,"href":"https:\/\/la-ferte-beauharnais.fr\/index.php\/wp-json\/wp\/v2\/comments?post=115"}],"version-history":[{"count":30,"href":"https:\/\/la-ferte-beauharnais.fr\/index.php\/wp-json\/wp\/v2\/pages\/115\/revisions"}],"predecessor-version":[{"id":589,"href":"https:\/\/la-ferte-beauharnais.fr\/index.php\/wp-json\/wp\/v2\/pages\/115\/revisions\/589"}],"wp:attachment":[{"href":"https:\/\/la-ferte-beauharnais.fr\/index.php\/wp-json\/wp\/v2\/media?parent=115"}],"curies":[{"name":"wp","href":"https:\/\/api.w.org\/{rel}","templated":true}]}}