{"id":133,"date":"2017-02-04T11:01:05","date_gmt":"2017-02-04T10:01:05","guid":{"rendered":"http:\/\/la-ferte-beauharnais.fr\/?page_id=133"},"modified":"2017-12-08T15:33:06","modified_gmt":"2017-12-08T14:33:06","slug":"numeros-durgence","status":"publish","type":"page","link":"https:\/\/la-ferte-beauharnais.fr\/index.php\/numeros-durgence\/","title":{"rendered":"Num\u00e9ros d&#8217;urgence"},"content":{"rendered":"<p><strong>EDF d\u00e9pannage : <\/strong>tel : 09 726 750 41<\/p>\n<p><strong>EDF service clients : <\/strong>tel : 0810 051 778<\/p>\n<p><strong>GAZ urgences GrDF : <\/strong>tel : 0800 473 333<\/p>\n<p><strong>GAZ raccordement GrDF : <\/strong>tel : 09 69 36 35 34<\/p>\n<p><strong>Service eau et assainissement : <\/strong>Mairie de La Fert\u00e9-Beauharnais 02 54 83 60 74 (pendant les heures d\u2019ouvertures)<\/p>\n<hr class=\"spip\" \/>\n<p><strong>Centre Hospitalier Romorantin :<\/strong> tel : 02 54 88 33 00<\/p>\n<p><strong>Centre antipoison : <\/strong>tel : 0825 812 822<\/p>\n<p><strong>Resto du Coeur : <\/strong>tel : 02 54 76 79 27 (58, avenue de Salbris \u00e0 Romorantin)<\/p>\n<p><strong>SOS enfance maltrait\u00e9e : <\/strong>tel : 0800 054 141 ou le 119<\/p>\n<p><strong>SOS violence :\u00a0<\/strong>(milieu scolaire, racket, agression) tel : 0801 555 500<\/p>\n<p><strong>SOS viol femmes :<\/strong> tel : 0 800 059 595<\/p>\n<p><strong>Ecoute Suicide : <\/strong>tel : 01 45 39 40 40<\/p>\n<p><strong>Ecoute Alcool :<\/strong> tel : 0 811 913 030<\/p>\n<p><strong>Drogues info service\u00a0:<\/strong> tel : 0 800 231 313 (depuis un poste fixe) ou 01 70 23 13 13. (depuis un portable)<\/p>\n<p><strong>Allo escroquerie : <\/strong>tel : 0811 02 02 17<\/p>\n<p><strong>SOS carte bleue<\/strong> <strong>vol\u00e9e ou perdue :<\/strong> tel : 0892 690 880<\/p>\n<p><strong>SOS ch\u00e8que vol\u00e9<\/strong> <strong>ou perdu :<\/strong> tel : 0892 683 208<\/p>\n<p><strong>D\u00e9m\u00e9nagement<\/strong> <strong>\u00a0:<\/strong> changement-adresse.gouv.fr<\/p>\n<p><strong>Voyage \u00e0 l\u2019\u00e9tranger\u00a0:<\/strong> diplomatie.gouv.fr<\/p>\n<hr class=\"spip\" \/>\n<h3 class=\"h3 spip\"><span style=\"color: #800000;\"><strong><span style=\"font-size: 20px;\">Sous-Pr\u00e9fecture de Romorantin-Lanthenay\u00a0:<\/span><\/strong><\/span><\/h3>\n<p>Adresse : 3 place du ch\u00e2teau &#8211; 41208 Romorantin-Lanthenay<\/p>\n<p>Horaires : lundi au vendredi de 09h \u00e0 12h.<\/p>\n<p>T\u00e9l\u00a0: 02\u00a054 70 41 41<\/p>\n<hr class=\"spip\" \/>\n<h2 class=\"h3 spip\"><span style=\"color: #800000;\"><strong><span style=\"font-size: 20px;\">Pharmacies de garde<\/span><\/strong><\/span><\/h2>\n<p>De <strong>9h00 \u00e0 21h00, les dimanches et jours f\u00e9ri\u00e9s <\/strong>\u00a0: R\u00e9soGardes\u00a0: 3237 (audiotel 0.34 \u20ac\/mn)<\/p>\n<p>Site internet\u00a0\u00a0<a href=\"http:\/\/www.3237.fr\/\" target=\"_blank\" rel=\"noopener\">http:\/\/www.3237.fr\/<\/a><\/p>\n<p><strong>La nuit <\/strong>de 21h00 \u00e0 9h00<br \/>\nT\u00e9l : 02 54 83 47 80 (gendarmerie nationale)<\/p>\n","protected":false},"excerpt":{"rendered":"<p>EDF d\u00e9pannage : tel : 09 726 750 41 EDF service clients : tel : 0810 051 778 GAZ urgences GrDF : tel : 0800 473 333 GAZ raccordement GrDF : tel : 09 69 36 35 34 Service eau et assainissement : Mairie de La Fert\u00e9-Beauharnais 02 54 83\u2026<\/p>\n<p> <a class=\"continue-reading-link\" href=\"https:\/\/la-ferte-beauharnais.fr\/index.php\/numeros-durgence\/\"><span>Lire la suite<\/span><i class=\"crycon-right-dir\"><\/i><\/a> <\/p>\n","protected":false},"author":1,"featured_media":0,"parent":0,"menu_order":0,"comment_status":"closed","ping_status":"closed","template":"","meta":{"_exactmetrics_skip_tracking":false,"_exactmetrics_sitenote_active":false,"_exactmetrics_sitenote_note":"","_exactmetrics_sitenote_category":0,"footnotes":""},"class_list":["post-133","page","type-page","status-publish","hentry"],"yoast_head":"<!-- This site is optimized with the Yoast SEO plugin v27.3 - https:\/\/yoast.com\/product\/yoast-seo-wordpress\/ -->\n<title>Num\u00e9ros d&#039;urgence - Mairie de La Fert\u00e9 Beauharnais - Site officiel de la commune<\/title>\n<meta name=\"robots\" content=\"index, follow, max-snippet:-1, max-image-preview:large, max-video-preview:-1\" \/>\n<link rel=\"canonical\" href=\"https:\/\/la-ferte-beauharnais.fr\/index.php\/numeros-durgence\/\" \/>\n<meta property=\"og:locale\" content=\"fr_FR\" \/>\n<meta property=\"og:type\" content=\"article\" \/>\n<meta property=\"og:title\" content=\"Num\u00e9ros d&#039;urgence - Mairie de La Fert\u00e9 Beauharnais - Site officiel de la commune\" \/>\n<meta property=\"og:description\" content=\"EDF d\u00e9pannage : tel : 09 726 750 41 EDF service clients : tel : 0810 051 778 GAZ urgences GrDF : tel : 0800 473 333 GAZ raccordement GrDF : tel : 09 69 36 35 34 Service eau et assainissement : Mairie de La Fert\u00e9-Beauharnais 02 54 83\u2026 Lire la suite\" \/>\n<meta property=\"og:url\" content=\"https:\/\/la-ferte-beauharnais.fr\/index.php\/numeros-durgence\/\" \/>\n<meta property=\"og:site_name\" content=\"Mairie de La Fert\u00e9 Beauharnais - Site officiel de la commune\" \/>\n<meta property=\"article:modified_time\" content=\"2017-12-08T14:33:06+00:00\" \/>\n<meta name=\"twitter:card\" content=\"summary_large_image\" \/>\n<meta name=\"twitter:label1\" content=\"Dur\u00e9e de lecture estim\u00e9e\" \/>\n\t<meta name=\"twitter:data1\" content=\"1 minute\" \/>\n<script type=\"application\/ld+json\" class=\"yoast-schema-graph\">{\"@context\":\"https:\\\/\\\/schema.org\",\"@graph\":[{\"@type\":\"WebPage\",\"@id\":\"https:\\\/\\\/la-ferte-beauharnais.fr\\\/index.php\\\/numeros-durgence\\\/\",\"url\":\"https:\\\/\\\/la-ferte-beauharnais.fr\\\/index.php\\\/numeros-durgence\\\/\",\"name\":\"Num\u00e9ros d'urgence - Mairie de La Fert\u00e9 Beauharnais - Site officiel de la commune\",\"isPartOf\":{\"@id\":\"https:\\\/\\\/la-ferte-beauharnais.fr\\\/#website\"},\"datePublished\":\"2017-02-04T10:01:05+00:00\",\"dateModified\":\"2017-12-08T14:33:06+00:00\",\"breadcrumb\":{\"@id\":\"https:\\\/\\\/la-ferte-beauharnais.fr\\\/index.php\\\/numeros-durgence\\\/#breadcrumb\"},\"inLanguage\":\"fr-FR\",\"potentialAction\":[{\"@type\":\"ReadAction\",\"target\":[\"https:\\\/\\\/la-ferte-beauharnais.fr\\\/index.php\\\/numeros-durgence\\\/\"]}]},{\"@type\":\"BreadcrumbList\",\"@id\":\"https:\\\/\\\/la-ferte-beauharnais.fr\\\/index.php\\\/numeros-durgence\\\/#breadcrumb\",\"itemListElement\":[{\"@type\":\"ListItem\",\"position\":1,\"name\":\"Accueil\",\"item\":\"https:\\\/\\\/la-ferte-beauharnais.fr\\\/\"},{\"@type\":\"ListItem\",\"position\":2,\"name\":\"Num\u00e9ros d&#8217;urgence\"}]},{\"@type\":\"WebSite\",\"@id\":\"https:\\\/\\\/la-ferte-beauharnais.fr\\\/#website\",\"url\":\"https:\\\/\\\/la-ferte-beauharnais.fr\\\/\",\"name\":\"Mairie de La Fert\u00e9 Beauharnais - Site officiel de la commune\",\"description\":\"Village de Sologne situ\u00e9 entre Orl\u00e9ans et Romorantin-Lanthenay.\",\"potentialAction\":[{\"@type\":\"SearchAction\",\"target\":{\"@type\":\"EntryPoint\",\"urlTemplate\":\"https:\\\/\\\/la-ferte-beauharnais.fr\\\/?s={search_term_string}\"},\"query-input\":{\"@type\":\"PropertyValueSpecification\",\"valueRequired\":true,\"valueName\":\"search_term_string\"}}],\"inLanguage\":\"fr-FR\"}]}<\/script>\n<!-- \/ Yoast SEO plugin. -->","yoast_head_json":{"title":"Num\u00e9ros d'urgence - Mairie de La Fert\u00e9 Beauharnais - Site officiel de la commune","robots":{"index":"index","follow":"follow","max-snippet":"max-snippet:-1","max-image-preview":"max-image-preview:large","max-video-preview":"max-video-preview:-1"},"canonical":"https:\/\/la-ferte-beauharnais.fr\/index.php\/numeros-durgence\/","og_locale":"fr_FR","og_type":"article","og_title":"Num\u00e9ros d'urgence - Mairie de La Fert\u00e9 Beauharnais - Site officiel de la commune","og_description":"EDF d\u00e9pannage : tel : 09 726 750 41 EDF service clients : tel : 0810 051 778 GAZ urgences GrDF : tel : 0800 473 333 GAZ raccordement GrDF : tel : 09 69 36 35 34 Service eau et assainissement : Mairie de La Fert\u00e9-Beauharnais 02 54 83\u2026 Lire la suite","og_url":"https:\/\/la-ferte-beauharnais.fr\/index.php\/numeros-durgence\/","og_site_name":"Mairie de La Fert\u00e9 Beauharnais - Site officiel de la commune","article_modified_time":"2017-12-08T14:33:06+00:00","twitter_card":"summary_large_image","twitter_misc":{"Dur\u00e9e de lecture estim\u00e9e":"1 minute"},"schema":{"@context":"https:\/\/schema.org","@graph":[{"@type":"WebPage","@id":"https:\/\/la-ferte-beauharnais.fr\/index.php\/numeros-durgence\/","url":"https:\/\/la-ferte-beauharnais.fr\/index.php\/numeros-durgence\/","name":"Num\u00e9ros d'urgence - Mairie de La Fert\u00e9 Beauharnais - Site officiel de la commune","isPartOf":{"@id":"https:\/\/la-ferte-beauharnais.fr\/#website"},"datePublished":"2017-02-04T10:01:05+00:00","dateModified":"2017-12-08T14:33:06+00:00","breadcrumb":{"@id":"https:\/\/la-ferte-beauharnais.fr\/index.php\/numeros-durgence\/#breadcrumb"},"inLanguage":"fr-FR","potentialAction":[{"@type":"ReadAction","target":["https:\/\/la-ferte-beauharnais.fr\/index.php\/numeros-durgence\/"]}]},{"@type":"BreadcrumbList","@id":"https:\/\/la-ferte-beauharnais.fr\/index.php\/numeros-durgence\/#breadcrumb","itemListElement":[{"@type":"ListItem","position":1,"name":"Accueil","item":"https:\/\/la-ferte-beauharnais.fr\/"},{"@type":"ListItem","position":2,"name":"Num\u00e9ros d&#8217;urgence"}]},{"@type":"WebSite","@id":"https:\/\/la-ferte-beauharnais.fr\/#website","url":"https:\/\/la-ferte-beauharnais.fr\/","name":"Mairie de La Fert\u00e9 Beauharnais - Site officiel de la commune","description":"Village de Sologne situ\u00e9 entre Orl\u00e9ans et Romorantin-Lanthenay.","potentialAction":[{"@type":"SearchAction","target":{"@type":"EntryPoint","urlTemplate":"https:\/\/la-ferte-beauharnais.fr\/?s={search_term_string}"},"query-input":{"@type":"PropertyValueSpecification","valueRequired":true,"valueName":"search_term_string"}}],"inLanguage":"fr-FR"}]}},"_links":{"self":[{"href":"https:\/\/la-ferte-beauharnais.fr\/index.php\/wp-json\/wp\/v2\/pages\/133","targetHints":{"allow":["GET"]}}],"collection":[{"href":"https:\/\/la-ferte-beauharnais.fr\/index.php\/wp-json\/wp\/v2\/pages"}],"about":[{"href":"https:\/\/la-ferte-beauharnais.fr\/index.php\/wp-json\/wp\/v2\/types\/page"}],"author":[{"embeddable":true,"href":"https:\/\/la-ferte-beauharnais.fr\/index.php\/wp-json\/wp\/v2\/users\/1"}],"replies":[{"embeddable":true,"href":"https:\/\/la-ferte-beauharnais.fr\/index.php\/wp-json\/wp\/v2\/comments?post=133"}],"version-history":[{"count":17,"href":"https:\/\/la-ferte-beauharnais.fr\/index.php\/wp-json\/wp\/v2\/pages\/133\/revisions"}],"predecessor-version":[{"id":710,"href":"https:\/\/la-ferte-beauharnais.fr\/index.php\/wp-json\/wp\/v2\/pages\/133\/revisions\/710"}],"wp:attachment":[{"href":"https:\/\/la-ferte-beauharnais.fr\/index.php\/wp-json\/wp\/v2\/media?parent=133"}],"curies":[{"name":"wp","href":"https:\/\/api.w.org\/{rel}","templated":true}]}}