{"id":145,"date":"2017-02-04T12:14:03","date_gmt":"2017-02-04T11:14:03","guid":{"rendered":"http:\/\/la-ferte-beauharnais.fr\/?page_id=145"},"modified":"2026-02-02T10:17:45","modified_gmt":"2026-02-02T09:17:45","slug":"bulletins-municipaux","status":"publish","type":"page","link":"https:\/\/la-ferte-beauharnais.fr\/index.php\/bulletins-municipaux\/","title":{"rendered":"Bulletins municipaux"},"content":{"rendered":"<h1><span style=\"font-size: 28px;\">Le Petit Beauharnaisien<\/span><\/h1>\n<p><b>&#8220;Le Petit Beauharnaisien&#8221;<\/b> est le bulletin municipal trimestriel \u00e9dit\u00e9 par la mairie. Vous pouvez t\u00e9l\u00e9charger la version PDF en cliquant sur l&#8217;image ci dessous.<\/p>\n<p>&nbsp;<\/p>\n<p><center><b>Edition d\u00e9cembre 2025<\/b><\/center><center><\/center><center><a href=\"https:\/\/www.calameo.com\/read\/001068286441823462298\" target=\"_blank\" rel=\"noopener\"><img fetchpriority=\"high\" decoding=\"async\" class=\"alignnone\" title=\"Ouvrir\" src=\"https:\/\/la-ferte-beauharnais.fr\/tempo\/images\/bulletin\/couv_bulletin.jpg\" alt=\"Ouvrir\" width=\"378\" height=\"537\" \/><\/a> \u00a0\u00a0\u00a0\u00a0\u00a0\u00a0<\/center><a href=\"https:\/\/www.calameo.com\/read\/0010682867e34e42922ff\" target=\"_blank\" rel=\"noopener noreferrer\">Edition janvier 2024<\/a><\/p>\n<p><a href=\"https:\/\/www.calameo.com\/read\/00106828622957a5381b8\" target=\"_blank\" rel=\"noopener noreferrer\">Edition janvier 2023<\/a><\/p>\n<p><a href=\"https:\/\/www.calameo.com\/read\/001068286030f152ceef9\" target=\"_blank\" rel=\"noopener noreferrer\">Edition avril 2022<\/a><\/p>\n<p><a href=\"https:\/\/www.calameo.com\/read\/00106828605a26f487c13\" target=\"_blank\" rel=\"noopener noreferrer\">Edition janvier 2022<\/a><\/p>\n<p><a href=\"https:\/\/www.calameo.com\/read\/001068286c28711047894\" target=\"_blank\" rel=\"noopener noreferrer\">Edition janvier 2021<\/a><\/p>\n<p><a href=\"https:\/\/www.calameo.com\/read\/0010682865835793fa1de\" target=\"_blank\" rel=\"noopener noreferrer\">Edition juin 2020<\/a><\/p>\n<p><a href=\"https:\/\/www.calameo.com\/read\/001068286774bb1f183a7\" target=\"_blank\" rel=\"noopener noreferrer\">Edition septembre \u00e0 d\u00e9cembre 2018<\/a><\/p>\n<p><a href=\"https:\/\/www.calameo.com\/read\/001068286faa405b7745a\" target=\"_blank\" rel=\"noopener noreferrer\">Edition mai \u00e0 ao\u00fbt 2018<\/a><\/p>\n<p><a href=\"http:\/\/www.calameo.com\/read\/001068286437f07645bcd\" target=\"_blank\" rel=\"noopener noreferrer\">Edition janvier \u00e0 ao\u00fbt 2017<\/a><\/p>\n<p><a href=\"http:\/\/www.calameo.com\/read\/0010682862cb8d545043d\" target=\"_blank\" rel=\"noopener noreferrer\">Edition mai \u00e0 ao\u00fbt 2016<\/a><\/p>\n<p><a href=\"http:\/\/www.calameo.com\/read\/001068286c384406e6320\" target=\"_blank\" rel=\"noopener noreferrer\">Edition janvier \u00e0 avril 2016<\/a><\/p>\n<p><a href=\"http:\/\/www.calameo.com\/read\/001068286985530012b3f\">Edition septembre \u00e0 d\u00e9cembre 2015<\/a><\/p>\n<p><a href=\"http:\/\/www.calameo.com\/read\/0010682864280a6cf7366\">Edition mai \u00e0 ao\u00fbt 2015<\/a><\/p>\n<p><a href=\"http:\/\/www.calameo.com\/read\/00106828622dec7880629\">Edition janvier \u00e0 avril 2015<\/a><\/p>\n<p><a href=\"http:\/\/www.calameo.com\/read\/001068286dbcfacaf8492\">Edition septembre \u00e0 d\u00e9cembre 2014<\/a><\/p>\n<p><a href=\"http:\/\/www.calameo.com\/read\/001068286cdfe099d6a71\">Edition juin \u00e0 septembre 2014<\/a><\/p>\n<p><a href=\"http:\/\/www.calameo.com\/read\/0010682861f108ba02ca3\">Edition janvier \u00e0 mai 2014<\/a><\/p>\n<p>&nbsp;<\/p>\n","protected":false},"excerpt":{"rendered":"<p>Le Petit Beauharnaisien &#8220;Le Petit Beauharnaisien&#8221; est le bulletin municipal trimestriel \u00e9dit\u00e9 par la mairie. Vous pouvez t\u00e9l\u00e9charger la version PDF en cliquant sur l&#8217;image ci dessous. &nbsp; Edition d\u00e9cembre 2025 \u00a0\u00a0\u00a0\u00a0\u00a0\u00a0Edition janvier 2024 Edition janvier 2023 Edition avril 2022 Edition janvier 2022 Edition janvier 2021 Edition juin 2020 Edition\u2026<\/p>\n<p> <a class=\"continue-reading-link\" href=\"https:\/\/la-ferte-beauharnais.fr\/index.php\/bulletins-municipaux\/\"><span>Lire la suite<\/span><i class=\"crycon-right-dir\"><\/i><\/a> <\/p>\n","protected":false},"author":1,"featured_media":0,"parent":0,"menu_order":0,"comment_status":"closed","ping_status":"closed","template":"","meta":{"_exactmetrics_skip_tracking":false,"_exactmetrics_sitenote_active":false,"_exactmetrics_sitenote_note":"","_exactmetrics_sitenote_category":0,"footnotes":""},"class_list":["post-145","page","type-page","status-publish","hentry"],"yoast_head":"<!-- This site is optimized with the Yoast SEO plugin v27.3 - https:\/\/yoast.com\/product\/yoast-seo-wordpress\/ -->\n<title>Bulletins municipaux - Mairie de La Fert\u00e9 Beauharnais - Site officiel de la commune<\/title>\n<meta name=\"robots\" content=\"index, follow, max-snippet:-1, max-image-preview:large, max-video-preview:-1\" \/>\n<link rel=\"canonical\" href=\"https:\/\/la-ferte-beauharnais.fr\/index.php\/bulletins-municipaux\/\" \/>\n<meta property=\"og:locale\" content=\"fr_FR\" \/>\n<meta property=\"og:type\" content=\"article\" \/>\n<meta property=\"og:title\" content=\"Bulletins municipaux - Mairie de La Fert\u00e9 Beauharnais - Site officiel de la commune\" \/>\n<meta property=\"og:description\" content=\"Le Petit Beauharnaisien &#8220;Le Petit Beauharnaisien&#8221; est le bulletin municipal trimestriel \u00e9dit\u00e9 par la mairie. Vous pouvez t\u00e9l\u00e9charger la version PDF en cliquant sur l&#8217;image ci dessous. &nbsp; Edition d\u00e9cembre 2025 \u00a0\u00a0\u00a0\u00a0\u00a0\u00a0Edition janvier 2024 Edition janvier 2023 Edition avril 2022 Edition janvier 2022 Edition janvier 2021 Edition juin 2020 Edition\u2026 Lire la suite\" \/>\n<meta property=\"og:url\" content=\"https:\/\/la-ferte-beauharnais.fr\/index.php\/bulletins-municipaux\/\" \/>\n<meta property=\"og:site_name\" content=\"Mairie de La Fert\u00e9 Beauharnais - Site officiel de la commune\" \/>\n<meta property=\"article:modified_time\" content=\"2026-02-02T09:17:45+00:00\" \/>\n<meta property=\"og:image\" content=\"http:\/\/la-ferte-beauharnais.fr\/tempo\/images\/bulletin\/couv_bulletin.jpg\" \/>\n<meta name=\"twitter:card\" content=\"summary_large_image\" \/>\n<meta name=\"twitter:label1\" content=\"Dur\u00e9e de lecture estim\u00e9e\" \/>\n\t<meta name=\"twitter:data1\" content=\"1 minute\" \/>\n<script type=\"application\/ld+json\" class=\"yoast-schema-graph\">{\"@context\":\"https:\\\/\\\/schema.org\",\"@graph\":[{\"@type\":\"WebPage\",\"@id\":\"https:\\\/\\\/la-ferte-beauharnais.fr\\\/index.php\\\/bulletins-municipaux\\\/\",\"url\":\"https:\\\/\\\/la-ferte-beauharnais.fr\\\/index.php\\\/bulletins-municipaux\\\/\",\"name\":\"Bulletins municipaux - Mairie de La Fert\u00e9 Beauharnais - Site officiel de la commune\",\"isPartOf\":{\"@id\":\"https:\\\/\\\/la-ferte-beauharnais.fr\\\/#website\"},\"primaryImageOfPage\":{\"@id\":\"https:\\\/\\\/la-ferte-beauharnais.fr\\\/index.php\\\/bulletins-municipaux\\\/#primaryimage\"},\"image\":{\"@id\":\"https:\\\/\\\/la-ferte-beauharnais.fr\\\/index.php\\\/bulletins-municipaux\\\/#primaryimage\"},\"thumbnailUrl\":\"http:\\\/\\\/la-ferte-beauharnais.fr\\\/tempo\\\/images\\\/bulletin\\\/couv_bulletin.jpg\",\"datePublished\":\"2017-02-04T11:14:03+00:00\",\"dateModified\":\"2026-02-02T09:17:45+00:00\",\"breadcrumb\":{\"@id\":\"https:\\\/\\\/la-ferte-beauharnais.fr\\\/index.php\\\/bulletins-municipaux\\\/#breadcrumb\"},\"inLanguage\":\"fr-FR\",\"potentialAction\":[{\"@type\":\"ReadAction\",\"target\":[\"https:\\\/\\\/la-ferte-beauharnais.fr\\\/index.php\\\/bulletins-municipaux\\\/\"]}]},{\"@type\":\"ImageObject\",\"inLanguage\":\"fr-FR\",\"@id\":\"https:\\\/\\\/la-ferte-beauharnais.fr\\\/index.php\\\/bulletins-municipaux\\\/#primaryimage\",\"url\":\"http:\\\/\\\/la-ferte-beauharnais.fr\\\/tempo\\\/images\\\/bulletin\\\/couv_bulletin.jpg\",\"contentUrl\":\"http:\\\/\\\/la-ferte-beauharnais.fr\\\/tempo\\\/images\\\/bulletin\\\/couv_bulletin.jpg\"},{\"@type\":\"BreadcrumbList\",\"@id\":\"https:\\\/\\\/la-ferte-beauharnais.fr\\\/index.php\\\/bulletins-municipaux\\\/#breadcrumb\",\"itemListElement\":[{\"@type\":\"ListItem\",\"position\":1,\"name\":\"Accueil\",\"item\":\"https:\\\/\\\/la-ferte-beauharnais.fr\\\/\"},{\"@type\":\"ListItem\",\"position\":2,\"name\":\"Bulletins municipaux\"}]},{\"@type\":\"WebSite\",\"@id\":\"https:\\\/\\\/la-ferte-beauharnais.fr\\\/#website\",\"url\":\"https:\\\/\\\/la-ferte-beauharnais.fr\\\/\",\"name\":\"Mairie de La Fert\u00e9 Beauharnais - Site officiel de la commune\",\"description\":\"Village de Sologne situ\u00e9 entre Orl\u00e9ans et Romorantin-Lanthenay.\",\"potentialAction\":[{\"@type\":\"SearchAction\",\"target\":{\"@type\":\"EntryPoint\",\"urlTemplate\":\"https:\\\/\\\/la-ferte-beauharnais.fr\\\/?s={search_term_string}\"},\"query-input\":{\"@type\":\"PropertyValueSpecification\",\"valueRequired\":true,\"valueName\":\"search_term_string\"}}],\"inLanguage\":\"fr-FR\"}]}<\/script>\n<!-- \/ Yoast SEO plugin. -->","yoast_head_json":{"title":"Bulletins municipaux - Mairie de La Fert\u00e9 Beauharnais - Site officiel de la commune","robots":{"index":"index","follow":"follow","max-snippet":"max-snippet:-1","max-image-preview":"max-image-preview:large","max-video-preview":"max-video-preview:-1"},"canonical":"https:\/\/la-ferte-beauharnais.fr\/index.php\/bulletins-municipaux\/","og_locale":"fr_FR","og_type":"article","og_title":"Bulletins municipaux - Mairie de La Fert\u00e9 Beauharnais - Site officiel de la commune","og_description":"Le Petit Beauharnaisien &#8220;Le Petit Beauharnaisien&#8221; est le bulletin municipal trimestriel \u00e9dit\u00e9 par la mairie. Vous pouvez t\u00e9l\u00e9charger la version PDF en cliquant sur l&#8217;image ci dessous. &nbsp; Edition d\u00e9cembre 2025 \u00a0\u00a0\u00a0\u00a0\u00a0\u00a0Edition janvier 2024 Edition janvier 2023 Edition avril 2022 Edition janvier 2022 Edition janvier 2021 Edition juin 2020 Edition\u2026 Lire la suite","og_url":"https:\/\/la-ferte-beauharnais.fr\/index.php\/bulletins-municipaux\/","og_site_name":"Mairie de La Fert\u00e9 Beauharnais - Site officiel de la commune","article_modified_time":"2026-02-02T09:17:45+00:00","og_image":[{"url":"http:\/\/la-ferte-beauharnais.fr\/tempo\/images\/bulletin\/couv_bulletin.jpg","type":"","width":"","height":""}],"twitter_card":"summary_large_image","twitter_misc":{"Dur\u00e9e de lecture estim\u00e9e":"1 minute"},"schema":{"@context":"https:\/\/schema.org","@graph":[{"@type":"WebPage","@id":"https:\/\/la-ferte-beauharnais.fr\/index.php\/bulletins-municipaux\/","url":"https:\/\/la-ferte-beauharnais.fr\/index.php\/bulletins-municipaux\/","name":"Bulletins municipaux - Mairie de La Fert\u00e9 Beauharnais - Site officiel de la commune","isPartOf":{"@id":"https:\/\/la-ferte-beauharnais.fr\/#website"},"primaryImageOfPage":{"@id":"https:\/\/la-ferte-beauharnais.fr\/index.php\/bulletins-municipaux\/#primaryimage"},"image":{"@id":"https:\/\/la-ferte-beauharnais.fr\/index.php\/bulletins-municipaux\/#primaryimage"},"thumbnailUrl":"http:\/\/la-ferte-beauharnais.fr\/tempo\/images\/bulletin\/couv_bulletin.jpg","datePublished":"2017-02-04T11:14:03+00:00","dateModified":"2026-02-02T09:17:45+00:00","breadcrumb":{"@id":"https:\/\/la-ferte-beauharnais.fr\/index.php\/bulletins-municipaux\/#breadcrumb"},"inLanguage":"fr-FR","potentialAction":[{"@type":"ReadAction","target":["https:\/\/la-ferte-beauharnais.fr\/index.php\/bulletins-municipaux\/"]}]},{"@type":"ImageObject","inLanguage":"fr-FR","@id":"https:\/\/la-ferte-beauharnais.fr\/index.php\/bulletins-municipaux\/#primaryimage","url":"http:\/\/la-ferte-beauharnais.fr\/tempo\/images\/bulletin\/couv_bulletin.jpg","contentUrl":"http:\/\/la-ferte-beauharnais.fr\/tempo\/images\/bulletin\/couv_bulletin.jpg"},{"@type":"BreadcrumbList","@id":"https:\/\/la-ferte-beauharnais.fr\/index.php\/bulletins-municipaux\/#breadcrumb","itemListElement":[{"@type":"ListItem","position":1,"name":"Accueil","item":"https:\/\/la-ferte-beauharnais.fr\/"},{"@type":"ListItem","position":2,"name":"Bulletins municipaux"}]},{"@type":"WebSite","@id":"https:\/\/la-ferte-beauharnais.fr\/#website","url":"https:\/\/la-ferte-beauharnais.fr\/","name":"Mairie de La Fert\u00e9 Beauharnais - Site officiel de la commune","description":"Village de Sologne situ\u00e9 entre Orl\u00e9ans et Romorantin-Lanthenay.","potentialAction":[{"@type":"SearchAction","target":{"@type":"EntryPoint","urlTemplate":"https:\/\/la-ferte-beauharnais.fr\/?s={search_term_string}"},"query-input":{"@type":"PropertyValueSpecification","valueRequired":true,"valueName":"search_term_string"}}],"inLanguage":"fr-FR"}]}},"_links":{"self":[{"href":"https:\/\/la-ferte-beauharnais.fr\/index.php\/wp-json\/wp\/v2\/pages\/145","targetHints":{"allow":["GET"]}}],"collection":[{"href":"https:\/\/la-ferte-beauharnais.fr\/index.php\/wp-json\/wp\/v2\/pages"}],"about":[{"href":"https:\/\/la-ferte-beauharnais.fr\/index.php\/wp-json\/wp\/v2\/types\/page"}],"author":[{"embeddable":true,"href":"https:\/\/la-ferte-beauharnais.fr\/index.php\/wp-json\/wp\/v2\/users\/1"}],"replies":[{"embeddable":true,"href":"https:\/\/la-ferte-beauharnais.fr\/index.php\/wp-json\/wp\/v2\/comments?post=145"}],"version-history":[{"count":15,"href":"https:\/\/la-ferte-beauharnais.fr\/index.php\/wp-json\/wp\/v2\/pages\/145\/revisions"}],"predecessor-version":[{"id":2257,"href":"https:\/\/la-ferte-beauharnais.fr\/index.php\/wp-json\/wp\/v2\/pages\/145\/revisions\/2257"}],"wp:attachment":[{"href":"https:\/\/la-ferte-beauharnais.fr\/index.php\/wp-json\/wp\/v2\/media?parent=145"}],"curies":[{"name":"wp","href":"https:\/\/api.w.org\/{rel}","templated":true}]}}