{"id":176,"date":"2017-02-04T18:15:12","date_gmt":"2017-02-04T17:15:12","guid":{"rendered":"http:\/\/la-ferte-beauharnais.fr\/?page_id=176"},"modified":"2019-12-10T10:25:45","modified_gmt":"2019-12-10T09:25:45","slug":"services-publics","status":"publish","type":"page","link":"https:\/\/la-ferte-beauharnais.fr\/index.php\/services-publics\/","title":{"rendered":"Services publics"},"content":{"rendered":"<h2><\/h2>\n<table width=\"100%\" cellspacing=\"0\" cellpadding=\"3\">\n<tbody>\n<tr align=\"left\" valign=\"top\" bgcolor=\"#ffffff\">\n<td valign=\"top\" width=\"10%\"><img decoding=\"async\" src=\"https:\/\/la-ferte-beauharnais.fr\/tempo\/images\/administratif\/pompiers.jpg\" width=\"70px\" \/><\/td>\n<td valign=\"top\" width=\"40%\"><b>POMPIERS 18<\/b><\/td>\n<td valign=\"top\" width=\"10%\"><img decoding=\"async\" src=\"https:\/\/la-ferte-beauharnais.fr\/tempo\/images\/administratif\/gendarme.jpg\" width=\"70px\" \/><\/td>\n<td valign=\"top\"><b>Gendarmerie 17 <\/b><br \/>\n\u00e0 Neung sur Beuvron<br \/>\nT\u00e9l : 02 54 83 47 80<\/td>\n<\/tr>\n<\/tbody>\n<\/table>\n<hr \/>\n<table width=\"100%\" cellspacing=\"0\" cellpadding=\"3\">\n<tbody>\n<tr align=\"left\" valign=\"top\" bgcolor=\"#ffffff\">\n<td valign=\"top\" width=\"10%\"><img decoding=\"async\" src=\"https:\/\/la-ferte-beauharnais.fr\/tempo\/images\/administratif\/laposte.jpg\" width=\"70px\" \/><\/td>\n<td valign=\"top\" width=\"40%\"><b>La Poste<\/b><br \/>\nPoint poste \u00e0 l&#8217;\u00e9picerie aux heures d&#8217;ouvertures de celle-ci<\/td>\n<td valign=\"top\" width=\"10%\"><img decoding=\"async\" src=\"https:\/\/la-ferte-beauharnais.fr\/tempo\/images\/administratif\/tresor_public.jpg\" width=\"70px\" \/><\/td>\n<td valign=\"top\"><b>La Tr\u00e9sorerie <\/b><br \/>\n\u00e0 Lamotte Beuvron<br \/>\nT\u00e9l : 02 54 88 10 02<\/td>\n<\/tr>\n<\/tbody>\n<\/table>\n<hr \/>\n<table width=\"100%\" cellspacing=\"0\" cellpadding=\"3\">\n<tbody>\n<tr align=\"left\" valign=\"top\" bgcolor=\"#ffffff\">\n<td valign=\"top\" width=\"10%\"><img decoding=\"async\" src=\"https:\/\/la-ferte-beauharnais.fr\/wp-content\/uploads\/2019\/12\/MSAP-Logo-Horizontal_small.jpg\" width=\"70px\" \/><\/td>\n<td valign=\"top\" width=\"40%\"><b>Maison de services publics<\/b><br \/>\n07 rue Henri de Geoffre<br \/>\n41210 Neung sur beuvron<br \/>\nt\u00e9l : 02 54 76 84 47<br \/>\nmail :<a href=\"mailto:rsp@sologne-des-etangs.fr\"> rsp@sologne-des-etangs.fr <\/a><span style=\"text-decoration: underline;\"><span style=\"color: #800000;\"><strong><a style=\"color: #800000; text-decoration: underline;\" href=\"http:\/\/www.sologne-des-etangs.fr\/relais-services-publics-neung-sur-beuvron\" target=\"_blank\" rel=\"noopener noreferrer\">Site internet<\/a><\/strong><\/span><\/span><br \/>\nHoraires:<br \/>\n&#8211; Lundi : 9h-12h<br \/>\n&#8211; Mardi : 9h-12h et 14h-17h<br \/>\n&#8211; Mercredi : 09h-12h et 14h-16h<br \/>\n&#8211; Jeudi : 9h-12h et 14h-19h<br \/>\n&#8211; Vendredi : 9h-12h<\/td>\n<\/tr>\n<\/tbody>\n<\/table>\n<p>&nbsp;<\/p>\n","protected":false},"excerpt":{"rendered":"<p>POMPIERS 18 Gendarmerie 17 \u00e0 Neung sur Beuvron T\u00e9l : 02 54 83 47 80 La Poste Point poste \u00e0 l&#8217;\u00e9picerie aux heures d&#8217;ouvertures de celle-ci La Tr\u00e9sorerie \u00e0 Lamotte Beuvron T\u00e9l : 02 54 88 10 02 Maison de services publics 07 rue Henri de Geoffre 41210 Neung sur\u2026<\/p>\n<p> <a class=\"continue-reading-link\" href=\"https:\/\/la-ferte-beauharnais.fr\/index.php\/services-publics\/\"><span>Lire la suite<\/span><i class=\"crycon-right-dir\"><\/i><\/a> <\/p>\n","protected":false},"author":1,"featured_media":0,"parent":0,"menu_order":0,"comment_status":"closed","ping_status":"closed","template":"","meta":{"_exactmetrics_skip_tracking":false,"_exactmetrics_sitenote_active":false,"_exactmetrics_sitenote_note":"","_exactmetrics_sitenote_category":0,"footnotes":""},"class_list":["post-176","page","type-page","status-publish","hentry"],"yoast_head":"<!-- This site is optimized with the Yoast SEO plugin v27.3 - https:\/\/yoast.com\/product\/yoast-seo-wordpress\/ -->\n<title>Services publics - Mairie de La Fert\u00e9 Beauharnais - Site officiel de la commune<\/title>\n<meta name=\"robots\" content=\"index, follow, max-snippet:-1, max-image-preview:large, max-video-preview:-1\" \/>\n<link rel=\"canonical\" href=\"https:\/\/la-ferte-beauharnais.fr\/index.php\/services-publics\/\" \/>\n<meta property=\"og:locale\" content=\"fr_FR\" \/>\n<meta property=\"og:type\" content=\"article\" \/>\n<meta property=\"og:title\" content=\"Services publics - Mairie de La Fert\u00e9 Beauharnais - Site officiel de la commune\" \/>\n<meta property=\"og:description\" content=\"POMPIERS 18 Gendarmerie 17 \u00e0 Neung sur Beuvron T\u00e9l : 02 54 83 47 80 La Poste Point poste \u00e0 l&#8217;\u00e9picerie aux heures d&#8217;ouvertures de celle-ci La Tr\u00e9sorerie \u00e0 Lamotte Beuvron T\u00e9l : 02 54 88 10 02 Maison de services publics 07 rue Henri de Geoffre 41210 Neung sur\u2026 Lire la suite\" \/>\n<meta property=\"og:url\" content=\"https:\/\/la-ferte-beauharnais.fr\/index.php\/services-publics\/\" \/>\n<meta property=\"og:site_name\" content=\"Mairie de La Fert\u00e9 Beauharnais - Site officiel de la commune\" \/>\n<meta property=\"article:modified_time\" content=\"2019-12-10T09:25:45+00:00\" \/>\n<meta property=\"og:image\" content=\"http:\/\/la-ferte-beauharnais.fr\/tempo\/images\/administratif\/pompiers.jpg\" \/>\n<meta name=\"twitter:card\" content=\"summary_large_image\" \/>\n<script type=\"application\/ld+json\" class=\"yoast-schema-graph\">{\"@context\":\"https:\\\/\\\/schema.org\",\"@graph\":[{\"@type\":\"WebPage\",\"@id\":\"https:\\\/\\\/la-ferte-beauharnais.fr\\\/index.php\\\/services-publics\\\/\",\"url\":\"https:\\\/\\\/la-ferte-beauharnais.fr\\\/index.php\\\/services-publics\\\/\",\"name\":\"Services publics - Mairie de La Fert\u00e9 Beauharnais - Site officiel de la commune\",\"isPartOf\":{\"@id\":\"https:\\\/\\\/la-ferte-beauharnais.fr\\\/#website\"},\"primaryImageOfPage\":{\"@id\":\"https:\\\/\\\/la-ferte-beauharnais.fr\\\/index.php\\\/services-publics\\\/#primaryimage\"},\"image\":{\"@id\":\"https:\\\/\\\/la-ferte-beauharnais.fr\\\/index.php\\\/services-publics\\\/#primaryimage\"},\"thumbnailUrl\":\"http:\\\/\\\/la-ferte-beauharnais.fr\\\/tempo\\\/images\\\/administratif\\\/pompiers.jpg\",\"datePublished\":\"2017-02-04T17:15:12+00:00\",\"dateModified\":\"2019-12-10T09:25:45+00:00\",\"breadcrumb\":{\"@id\":\"https:\\\/\\\/la-ferte-beauharnais.fr\\\/index.php\\\/services-publics\\\/#breadcrumb\"},\"inLanguage\":\"fr-FR\",\"potentialAction\":[{\"@type\":\"ReadAction\",\"target\":[\"https:\\\/\\\/la-ferte-beauharnais.fr\\\/index.php\\\/services-publics\\\/\"]}]},{\"@type\":\"ImageObject\",\"inLanguage\":\"fr-FR\",\"@id\":\"https:\\\/\\\/la-ferte-beauharnais.fr\\\/index.php\\\/services-publics\\\/#primaryimage\",\"url\":\"http:\\\/\\\/la-ferte-beauharnais.fr\\\/tempo\\\/images\\\/administratif\\\/pompiers.jpg\",\"contentUrl\":\"http:\\\/\\\/la-ferte-beauharnais.fr\\\/tempo\\\/images\\\/administratif\\\/pompiers.jpg\"},{\"@type\":\"BreadcrumbList\",\"@id\":\"https:\\\/\\\/la-ferte-beauharnais.fr\\\/index.php\\\/services-publics\\\/#breadcrumb\",\"itemListElement\":[{\"@type\":\"ListItem\",\"position\":1,\"name\":\"Accueil\",\"item\":\"https:\\\/\\\/la-ferte-beauharnais.fr\\\/\"},{\"@type\":\"ListItem\",\"position\":2,\"name\":\"Services publics\"}]},{\"@type\":\"WebSite\",\"@id\":\"https:\\\/\\\/la-ferte-beauharnais.fr\\\/#website\",\"url\":\"https:\\\/\\\/la-ferte-beauharnais.fr\\\/\",\"name\":\"Mairie de La Fert\u00e9 Beauharnais - Site officiel de la commune\",\"description\":\"Village de Sologne situ\u00e9 entre Orl\u00e9ans et Romorantin-Lanthenay.\",\"potentialAction\":[{\"@type\":\"SearchAction\",\"target\":{\"@type\":\"EntryPoint\",\"urlTemplate\":\"https:\\\/\\\/la-ferte-beauharnais.fr\\\/?s={search_term_string}\"},\"query-input\":{\"@type\":\"PropertyValueSpecification\",\"valueRequired\":true,\"valueName\":\"search_term_string\"}}],\"inLanguage\":\"fr-FR\"}]}<\/script>\n<!-- \/ Yoast SEO plugin. -->","yoast_head_json":{"title":"Services publics - Mairie de La Fert\u00e9 Beauharnais - Site officiel de la commune","robots":{"index":"index","follow":"follow","max-snippet":"max-snippet:-1","max-image-preview":"max-image-preview:large","max-video-preview":"max-video-preview:-1"},"canonical":"https:\/\/la-ferte-beauharnais.fr\/index.php\/services-publics\/","og_locale":"fr_FR","og_type":"article","og_title":"Services publics - Mairie de La Fert\u00e9 Beauharnais - Site officiel de la commune","og_description":"POMPIERS 18 Gendarmerie 17 \u00e0 Neung sur Beuvron T\u00e9l : 02 54 83 47 80 La Poste Point poste \u00e0 l&#8217;\u00e9picerie aux heures d&#8217;ouvertures de celle-ci La Tr\u00e9sorerie \u00e0 Lamotte Beuvron T\u00e9l : 02 54 88 10 02 Maison de services publics 07 rue Henri de Geoffre 41210 Neung sur\u2026 Lire la suite","og_url":"https:\/\/la-ferte-beauharnais.fr\/index.php\/services-publics\/","og_site_name":"Mairie de La Fert\u00e9 Beauharnais - Site officiel de la commune","article_modified_time":"2019-12-10T09:25:45+00:00","og_image":[{"url":"http:\/\/la-ferte-beauharnais.fr\/tempo\/images\/administratif\/pompiers.jpg","type":"","width":"","height":""}],"twitter_card":"summary_large_image","schema":{"@context":"https:\/\/schema.org","@graph":[{"@type":"WebPage","@id":"https:\/\/la-ferte-beauharnais.fr\/index.php\/services-publics\/","url":"https:\/\/la-ferte-beauharnais.fr\/index.php\/services-publics\/","name":"Services publics - Mairie de La Fert\u00e9 Beauharnais - Site officiel de la commune","isPartOf":{"@id":"https:\/\/la-ferte-beauharnais.fr\/#website"},"primaryImageOfPage":{"@id":"https:\/\/la-ferte-beauharnais.fr\/index.php\/services-publics\/#primaryimage"},"image":{"@id":"https:\/\/la-ferte-beauharnais.fr\/index.php\/services-publics\/#primaryimage"},"thumbnailUrl":"http:\/\/la-ferte-beauharnais.fr\/tempo\/images\/administratif\/pompiers.jpg","datePublished":"2017-02-04T17:15:12+00:00","dateModified":"2019-12-10T09:25:45+00:00","breadcrumb":{"@id":"https:\/\/la-ferte-beauharnais.fr\/index.php\/services-publics\/#breadcrumb"},"inLanguage":"fr-FR","potentialAction":[{"@type":"ReadAction","target":["https:\/\/la-ferte-beauharnais.fr\/index.php\/services-publics\/"]}]},{"@type":"ImageObject","inLanguage":"fr-FR","@id":"https:\/\/la-ferte-beauharnais.fr\/index.php\/services-publics\/#primaryimage","url":"http:\/\/la-ferte-beauharnais.fr\/tempo\/images\/administratif\/pompiers.jpg","contentUrl":"http:\/\/la-ferte-beauharnais.fr\/tempo\/images\/administratif\/pompiers.jpg"},{"@type":"BreadcrumbList","@id":"https:\/\/la-ferte-beauharnais.fr\/index.php\/services-publics\/#breadcrumb","itemListElement":[{"@type":"ListItem","position":1,"name":"Accueil","item":"https:\/\/la-ferte-beauharnais.fr\/"},{"@type":"ListItem","position":2,"name":"Services publics"}]},{"@type":"WebSite","@id":"https:\/\/la-ferte-beauharnais.fr\/#website","url":"https:\/\/la-ferte-beauharnais.fr\/","name":"Mairie de La Fert\u00e9 Beauharnais - Site officiel de la commune","description":"Village de Sologne situ\u00e9 entre Orl\u00e9ans et Romorantin-Lanthenay.","potentialAction":[{"@type":"SearchAction","target":{"@type":"EntryPoint","urlTemplate":"https:\/\/la-ferte-beauharnais.fr\/?s={search_term_string}"},"query-input":{"@type":"PropertyValueSpecification","valueRequired":true,"valueName":"search_term_string"}}],"inLanguage":"fr-FR"}]}},"_links":{"self":[{"href":"https:\/\/la-ferte-beauharnais.fr\/index.php\/wp-json\/wp\/v2\/pages\/176","targetHints":{"allow":["GET"]}}],"collection":[{"href":"https:\/\/la-ferte-beauharnais.fr\/index.php\/wp-json\/wp\/v2\/pages"}],"about":[{"href":"https:\/\/la-ferte-beauharnais.fr\/index.php\/wp-json\/wp\/v2\/types\/page"}],"author":[{"embeddable":true,"href":"https:\/\/la-ferte-beauharnais.fr\/index.php\/wp-json\/wp\/v2\/users\/1"}],"replies":[{"embeddable":true,"href":"https:\/\/la-ferte-beauharnais.fr\/index.php\/wp-json\/wp\/v2\/comments?post=176"}],"version-history":[{"count":9,"href":"https:\/\/la-ferte-beauharnais.fr\/index.php\/wp-json\/wp\/v2\/pages\/176\/revisions"}],"predecessor-version":[{"id":1053,"href":"https:\/\/la-ferte-beauharnais.fr\/index.php\/wp-json\/wp\/v2\/pages\/176\/revisions\/1053"}],"wp:attachment":[{"href":"https:\/\/la-ferte-beauharnais.fr\/index.php\/wp-json\/wp\/v2\/media?parent=176"}],"curies":[{"name":"wp","href":"https:\/\/api.w.org\/{rel}","templated":true}]}}