{"id":187,"date":"2017-02-04T18:41:35","date_gmt":"2017-02-04T17:41:35","guid":{"rendered":"http:\/\/la-ferte-beauharnais.fr\/?page_id=187"},"modified":"2017-04-26T10:39:00","modified_gmt":"2017-04-26T08:39:00","slug":"decheterie","status":"publish","type":"page","link":"https:\/\/la-ferte-beauharnais.fr\/index.php\/decheterie\/","title":{"rendered":"D\u00e9ch\u00e8terie"},"content":{"rendered":"<p style=\"text-align: center;\"><span style=\"font-size: 20px; background-color: #88bc45;\"><strong><span style=\"color: #ffffff;\">\u00a0 \u00a0 \u00a0Horaires d\u2019ouverture de\u00a0la d\u00e9ch\u00e8terie<\/span> \u00a0 \u00a0<\/strong><\/span><\/p>\n<p style=\"text-align: center;\">Mardi et jeudi de 14h00 \u00e0 17h30<\/p>\n<p style=\"text-align: center;\">Le samedi de 14h00 \u00e0 17h00<\/p>\n<p style=\"text-align: center;\"><strong>D\u00e9ch\u00e8terie (ferm\u00e9e les jours f\u00e9ri\u00e9s)<\/strong><\/p>\n<p style=\"text-align: center;\">Lieu dit \u00ab L\u2019avignon \u00bb, Chemin de Saint-Vi\u00e2tre<\/p>\n<p style=\"text-align: center;\">41210 Neung-sur-Beuvron<\/p>\n<p style=\"text-align: center;\"><span style=\"font-size: 20px; color: #800000;\"><strong>Pr\u00e9senter un justificatif de domicile et une pi\u00e8ce d&#8217;identit\u00e9<\/strong><\/span><\/p>\n<p>&nbsp;<\/p>\n<table>\n<tbody>\n<tr>\n<td style=\"background-color: #88bc45;\"><span style=\"color: #ffffff; font-size: 20px;\"><strong>Les d\u00e9chets accept\u00e9s sur les d\u00e9ch\u00e8teries :<\/strong><\/span><\/td>\n<\/tr>\n<\/tbody>\n<\/table>\n<hr \/>\n<p>&nbsp;<\/p>\n<p><strong>Les d\u00e9chets banals :<\/strong> les cartons (ouverts et d\u00e9mont\u00e9s), les ferrailles, le tout-venant (bois peint ou vernis \u2013 matelas \u2013 sommiers \u2013 t\u00e9l\u00e9viseurs \u2013 plastique \u2013 meubles : le volume devra \u00eatre r\u00e9duit au maximum \u2013 meubles d\u00e9mont\u00e9s par exemple)<\/p>\n<p>&nbsp;<\/p>\n<p><strong>Les d\u00e9chets verts :<\/strong> Tontes, tailles (la longueur maximale des branchages sera de 1 m) le produit devra \u00eatre propre (pas de plastique, grillage, fil de fer, b\u00e9ton).<\/p>\n<p>&nbsp;<\/p>\n<p><strong>Les d\u00e9chets inertes :<\/strong> gravats (pierre, brique, terre etc\u2026), c\u00e9ramiques (appareils sanitaires).<\/p>\n<p>&nbsp;<\/p>\n<p><strong>Les d\u00e9chets M\u00e9nagers Sp\u00e9ciaux :<\/strong> peinture, vernis, colles, r\u00e9sines, cire, polish p\u00e2teux, graisses, solvants (diluant, white-spirit, anti-gel, essence de t\u00e9r\u00e9benthine, liquide de frein, d\u00e9capant, produits de traitement du bois), phytosanitaires (d\u00e9sherbants (sauf chlorate de soude), herbicide, fongicide, insecticide, raticide, engrais), n\u00e9ons (tubes fluos), a\u00e9rosols (non munis d\u2019un signe \u00ab protection de la couche d\u2019ozone), acides et bases, produits non identifi\u00e9s (produit dont l\u2019usager ne conna\u00eet pas la composition), les piles et les batteries munies de leur bouchon de fermeture.<\/p>\n<p>&nbsp;<\/p>\n<p><strong>Quantit\u00e9s maximales accept\u00e9es par d\u00e9p\u00f4t :<\/strong> peinture : 30 litres, phytosanitaires : 1 litre ou 1 kilogramme, n\u00e9ons : 5 unit\u00e9s, produit non identifi\u00e9 : 1 litre, solvant : 5 litres, acides et bases : 1 litre, a\u00e9rosols : 5 unit\u00e9s.<\/p>\n<p>&nbsp;<\/p>\n<p><strong>Les d\u00e9chets formellement interdits sont :<\/strong> les \u00e9l\u00e9ments entiers de voitures et \/ ou de camions, les ordures m\u00e9nag\u00e8res, les cadavres d\u2019animaux, les produits dangereux, corrosifs ou instables, les produits explosifs, inflammables ou radioactifs, les bonbonnes de gaz liqu\u00e9fi\u00e9, les d\u00e9chets anatomiques ou infectieux, les d\u00e9chets d\u2019activit\u00e9 de soins, les d\u00e9chets contenant de l\u2019amiante libre ou li\u00e9, la terre et les pneus.<\/p>\n<hr \/>\n<p>&nbsp;<\/p>\n<p>&nbsp;<\/p>\n<p>L\u2019acc\u00e8s est strictement r\u00e9serv\u00e9 aux particuliers habitants le territoire du SIEOM ou aux administr\u00e9s habitants dans des communes ayant une convention pour l\u2019acc\u00e8s aux d\u00e9ch\u00e8teries du SIEOM (comme La Fert\u00e9-Beauharnais). L\u2019acc\u00e8s est limit\u00e9 aux v\u00e9hicules de tourisme et \u00e0 tout v\u00e9hicule de largeur carrossable inf\u00e9rieure ou \u00e9gale \u00e0 2,25 m\u00e8tres et de PTAC inf\u00e9rieur \u00e0 3,5 tonnes. Sont admis les tracteurs avec benne port\u00e9e. Le d\u00e9p\u00f4t est limit\u00e9 \u00e0 1m3 par jour.<\/p>\n","protected":false},"excerpt":{"rendered":"<p>\u00a0 \u00a0 \u00a0Horaires d\u2019ouverture de\u00a0la d\u00e9ch\u00e8terie \u00a0 \u00a0 Mardi et jeudi de 14h00 \u00e0 17h30 Le samedi de 14h00 \u00e0 17h00 D\u00e9ch\u00e8terie (ferm\u00e9e les jours f\u00e9ri\u00e9s) Lieu dit \u00ab L\u2019avignon \u00bb, Chemin de Saint-Vi\u00e2tre 41210 Neung-sur-Beuvron Pr\u00e9senter un justificatif de domicile et une pi\u00e8ce d&#8217;identit\u00e9 &nbsp; Les d\u00e9chets accept\u00e9s sur\u2026<\/p>\n<p> <a class=\"continue-reading-link\" href=\"https:\/\/la-ferte-beauharnais.fr\/index.php\/decheterie\/\"><span>Lire la suite<\/span><i class=\"crycon-right-dir\"><\/i><\/a> <\/p>\n","protected":false},"author":1,"featured_media":0,"parent":0,"menu_order":0,"comment_status":"closed","ping_status":"closed","template":"","meta":{"_exactmetrics_skip_tracking":false,"_exactmetrics_sitenote_active":false,"_exactmetrics_sitenote_note":"","_exactmetrics_sitenote_category":0,"footnotes":""},"class_list":["post-187","page","type-page","status-publish","hentry"],"yoast_head":"<!-- This site is optimized with the Yoast SEO plugin v27.3 - https:\/\/yoast.com\/product\/yoast-seo-wordpress\/ -->\n<title>D\u00e9ch\u00e8terie - Mairie de La Fert\u00e9 Beauharnais - Site officiel de la commune<\/title>\n<meta name=\"robots\" content=\"index, follow, max-snippet:-1, max-image-preview:large, max-video-preview:-1\" \/>\n<link rel=\"canonical\" href=\"https:\/\/la-ferte-beauharnais.fr\/index.php\/decheterie\/\" \/>\n<meta property=\"og:locale\" content=\"fr_FR\" \/>\n<meta property=\"og:type\" content=\"article\" \/>\n<meta property=\"og:title\" content=\"D\u00e9ch\u00e8terie - Mairie de La Fert\u00e9 Beauharnais - Site officiel de la commune\" \/>\n<meta property=\"og:description\" content=\"\u00a0 \u00a0 \u00a0Horaires d\u2019ouverture de\u00a0la d\u00e9ch\u00e8terie \u00a0 \u00a0 Mardi et jeudi de 14h00 \u00e0 17h30 Le samedi de 14h00 \u00e0 17h00 D\u00e9ch\u00e8terie (ferm\u00e9e les jours f\u00e9ri\u00e9s) Lieu dit \u00ab L\u2019avignon \u00bb, Chemin de Saint-Vi\u00e2tre 41210 Neung-sur-Beuvron Pr\u00e9senter un justificatif de domicile et une pi\u00e8ce d&#8217;identit\u00e9 &nbsp; Les d\u00e9chets accept\u00e9s sur\u2026 Lire la suite\" \/>\n<meta property=\"og:url\" content=\"https:\/\/la-ferte-beauharnais.fr\/index.php\/decheterie\/\" \/>\n<meta property=\"og:site_name\" content=\"Mairie de La Fert\u00e9 Beauharnais - Site officiel de la commune\" \/>\n<meta property=\"article:modified_time\" content=\"2017-04-26T08:39:00+00:00\" \/>\n<meta name=\"twitter:card\" content=\"summary_large_image\" \/>\n<meta name=\"twitter:label1\" content=\"Dur\u00e9e de lecture estim\u00e9e\" \/>\n\t<meta name=\"twitter:data1\" content=\"2 minutes\" \/>\n<script type=\"application\/ld+json\" class=\"yoast-schema-graph\">{\"@context\":\"https:\\\/\\\/schema.org\",\"@graph\":[{\"@type\":\"WebPage\",\"@id\":\"https:\\\/\\\/la-ferte-beauharnais.fr\\\/index.php\\\/decheterie\\\/\",\"url\":\"https:\\\/\\\/la-ferte-beauharnais.fr\\\/index.php\\\/decheterie\\\/\",\"name\":\"D\u00e9ch\u00e8terie - Mairie de La Fert\u00e9 Beauharnais - Site officiel de la commune\",\"isPartOf\":{\"@id\":\"https:\\\/\\\/la-ferte-beauharnais.fr\\\/#website\"},\"datePublished\":\"2017-02-04T17:41:35+00:00\",\"dateModified\":\"2017-04-26T08:39:00+00:00\",\"breadcrumb\":{\"@id\":\"https:\\\/\\\/la-ferte-beauharnais.fr\\\/index.php\\\/decheterie\\\/#breadcrumb\"},\"inLanguage\":\"fr-FR\",\"potentialAction\":[{\"@type\":\"ReadAction\",\"target\":[\"https:\\\/\\\/la-ferte-beauharnais.fr\\\/index.php\\\/decheterie\\\/\"]}]},{\"@type\":\"BreadcrumbList\",\"@id\":\"https:\\\/\\\/la-ferte-beauharnais.fr\\\/index.php\\\/decheterie\\\/#breadcrumb\",\"itemListElement\":[{\"@type\":\"ListItem\",\"position\":1,\"name\":\"Accueil\",\"item\":\"https:\\\/\\\/la-ferte-beauharnais.fr\\\/\"},{\"@type\":\"ListItem\",\"position\":2,\"name\":\"D\u00e9ch\u00e8terie\"}]},{\"@type\":\"WebSite\",\"@id\":\"https:\\\/\\\/la-ferte-beauharnais.fr\\\/#website\",\"url\":\"https:\\\/\\\/la-ferte-beauharnais.fr\\\/\",\"name\":\"Mairie de La Fert\u00e9 Beauharnais - Site officiel de la commune\",\"description\":\"Village de Sologne situ\u00e9 entre Orl\u00e9ans et Romorantin-Lanthenay.\",\"potentialAction\":[{\"@type\":\"SearchAction\",\"target\":{\"@type\":\"EntryPoint\",\"urlTemplate\":\"https:\\\/\\\/la-ferte-beauharnais.fr\\\/?s={search_term_string}\"},\"query-input\":{\"@type\":\"PropertyValueSpecification\",\"valueRequired\":true,\"valueName\":\"search_term_string\"}}],\"inLanguage\":\"fr-FR\"}]}<\/script>\n<!-- \/ Yoast SEO plugin. -->","yoast_head_json":{"title":"D\u00e9ch\u00e8terie - Mairie de La Fert\u00e9 Beauharnais - Site officiel de la commune","robots":{"index":"index","follow":"follow","max-snippet":"max-snippet:-1","max-image-preview":"max-image-preview:large","max-video-preview":"max-video-preview:-1"},"canonical":"https:\/\/la-ferte-beauharnais.fr\/index.php\/decheterie\/","og_locale":"fr_FR","og_type":"article","og_title":"D\u00e9ch\u00e8terie - Mairie de La Fert\u00e9 Beauharnais - Site officiel de la commune","og_description":"\u00a0 \u00a0 \u00a0Horaires d\u2019ouverture de\u00a0la d\u00e9ch\u00e8terie \u00a0 \u00a0 Mardi et jeudi de 14h00 \u00e0 17h30 Le samedi de 14h00 \u00e0 17h00 D\u00e9ch\u00e8terie (ferm\u00e9e les jours f\u00e9ri\u00e9s) Lieu dit \u00ab L\u2019avignon \u00bb, Chemin de Saint-Vi\u00e2tre 41210 Neung-sur-Beuvron Pr\u00e9senter un justificatif de domicile et une pi\u00e8ce d&#8217;identit\u00e9 &nbsp; Les d\u00e9chets accept\u00e9s sur\u2026 Lire la suite","og_url":"https:\/\/la-ferte-beauharnais.fr\/index.php\/decheterie\/","og_site_name":"Mairie de La Fert\u00e9 Beauharnais - Site officiel de la commune","article_modified_time":"2017-04-26T08:39:00+00:00","twitter_card":"summary_large_image","twitter_misc":{"Dur\u00e9e de lecture estim\u00e9e":"2 minutes"},"schema":{"@context":"https:\/\/schema.org","@graph":[{"@type":"WebPage","@id":"https:\/\/la-ferte-beauharnais.fr\/index.php\/decheterie\/","url":"https:\/\/la-ferte-beauharnais.fr\/index.php\/decheterie\/","name":"D\u00e9ch\u00e8terie - Mairie de La Fert\u00e9 Beauharnais - Site officiel de la commune","isPartOf":{"@id":"https:\/\/la-ferte-beauharnais.fr\/#website"},"datePublished":"2017-02-04T17:41:35+00:00","dateModified":"2017-04-26T08:39:00+00:00","breadcrumb":{"@id":"https:\/\/la-ferte-beauharnais.fr\/index.php\/decheterie\/#breadcrumb"},"inLanguage":"fr-FR","potentialAction":[{"@type":"ReadAction","target":["https:\/\/la-ferte-beauharnais.fr\/index.php\/decheterie\/"]}]},{"@type":"BreadcrumbList","@id":"https:\/\/la-ferte-beauharnais.fr\/index.php\/decheterie\/#breadcrumb","itemListElement":[{"@type":"ListItem","position":1,"name":"Accueil","item":"https:\/\/la-ferte-beauharnais.fr\/"},{"@type":"ListItem","position":2,"name":"D\u00e9ch\u00e8terie"}]},{"@type":"WebSite","@id":"https:\/\/la-ferte-beauharnais.fr\/#website","url":"https:\/\/la-ferte-beauharnais.fr\/","name":"Mairie de La Fert\u00e9 Beauharnais - Site officiel de la commune","description":"Village de Sologne situ\u00e9 entre Orl\u00e9ans et Romorantin-Lanthenay.","potentialAction":[{"@type":"SearchAction","target":{"@type":"EntryPoint","urlTemplate":"https:\/\/la-ferte-beauharnais.fr\/?s={search_term_string}"},"query-input":{"@type":"PropertyValueSpecification","valueRequired":true,"valueName":"search_term_string"}}],"inLanguage":"fr-FR"}]}},"_links":{"self":[{"href":"https:\/\/la-ferte-beauharnais.fr\/index.php\/wp-json\/wp\/v2\/pages\/187","targetHints":{"allow":["GET"]}}],"collection":[{"href":"https:\/\/la-ferte-beauharnais.fr\/index.php\/wp-json\/wp\/v2\/pages"}],"about":[{"href":"https:\/\/la-ferte-beauharnais.fr\/index.php\/wp-json\/wp\/v2\/types\/page"}],"author":[{"embeddable":true,"href":"https:\/\/la-ferte-beauharnais.fr\/index.php\/wp-json\/wp\/v2\/users\/1"}],"replies":[{"embeddable":true,"href":"https:\/\/la-ferte-beauharnais.fr\/index.php\/wp-json\/wp\/v2\/comments?post=187"}],"version-history":[{"count":9,"href":"https:\/\/la-ferte-beauharnais.fr\/index.php\/wp-json\/wp\/v2\/pages\/187\/revisions"}],"predecessor-version":[{"id":557,"href":"https:\/\/la-ferte-beauharnais.fr\/index.php\/wp-json\/wp\/v2\/pages\/187\/revisions\/557"}],"wp:attachment":[{"href":"https:\/\/la-ferte-beauharnais.fr\/index.php\/wp-json\/wp\/v2\/media?parent=187"}],"curies":[{"name":"wp","href":"https:\/\/api.w.org\/{rel}","templated":true}]}}