{"id":335,"date":"2017-02-10T15:31:51","date_gmt":"2017-02-10T14:31:51","guid":{"rendered":"http:\/\/la-ferte-beauharnais.fr\/?page_id=335"},"modified":"2017-04-26T11:24:11","modified_gmt":"2017-04-26T09:24:11","slug":"sologne-a-velo","status":"publish","type":"page","link":"https:\/\/la-ferte-beauharnais.fr\/index.php\/sologne-a-velo\/","title":{"rendered":"La Sologne \u00e0 v\u00e9lo"},"content":{"rendered":"<p><img fetchpriority=\"high\" decoding=\"async\" class=\"wp-image-336 size-full aligncenter\" src=\"https:\/\/la-ferte-beauharnais.fr\/wp-content\/uploads\/2017\/02\/sologne-a-velo.jpg\" width=\"625\" height=\"528\" srcset=\"https:\/\/la-ferte-beauharnais.fr\/wp-content\/uploads\/2017\/02\/sologne-a-velo.jpg 625w, https:\/\/la-ferte-beauharnais.fr\/wp-content\/uploads\/2017\/02\/sologne-a-velo-300x253.jpg 300w, https:\/\/la-ferte-beauharnais.fr\/wp-content\/uploads\/2017\/02\/sologne-a-velo-600x507.jpg 600w, https:\/\/la-ferte-beauharnais.fr\/wp-content\/uploads\/2017\/02\/sologne-a-velo-178x150.jpg 178w, https:\/\/la-ferte-beauharnais.fr\/wp-content\/uploads\/2017\/02\/sologne-a-velo-150x127.jpg 150w\" sizes=\"(max-width: 625px) 100vw, 625px\" \/><\/p>\n<h2>La Sologne \u00e0 v\u00e9lo<\/h2>\n<p>De nombreux\u00a0circuits vous sont propos\u00e9s sur les diff\u00e9rentes communes de la Communaut\u00e9 de Communes (Neung sur Beuvron, La Marolle en Sologne, Saint-Vi\u00e2tre, Villeny, Yvoy-le-Marron).<br \/>\nLe trac\u00e9 de plus de 40 kilom\u00e8tres rejoindra celui du <a href=\"http:\/\/www.chateauxavelo.com\/\">Pays de Ch\u00e2teaux<\/a><br \/>\nainsi que celui de la <a href=\"http:\/\/www.loireavelo.fr\/\">Loire \u00e0 V\u00e9lo<\/a>.<br \/>\nCes projets ont pour ambition de valoriser les chemins communaux et les routes peu fr\u00e9quent\u00e9es de notre r\u00e9gion.<br \/>\nC\u2019est une forme de tourisme familial innovant, accessible \u00e0 tous et peu couteux.<br \/>\nLa carte est disponible sur le site du <a href=\"http:\/\/www.coeur-val-de-loire.com\/val-de-loire\/randonnee-nature\/randonnee-velo\/sologne-a-velo.asp\">Comit\u00e9 d\u00e9partemental du Tourisme<\/a>.<\/p>\n<p>&nbsp;<\/p>\n","protected":false},"excerpt":{"rendered":"<p>La Sologne \u00e0 v\u00e9lo De nombreux\u00a0circuits vous sont propos\u00e9s sur les diff\u00e9rentes communes de la Communaut\u00e9 de Communes (Neung sur Beuvron, La Marolle en Sologne, Saint-Vi\u00e2tre, Villeny, Yvoy-le-Marron). Le trac\u00e9 de plus de 40 kilom\u00e8tres rejoindra celui du Pays de Ch\u00e2teaux ainsi que celui de la Loire \u00e0 V\u00e9lo. Ces\u2026<\/p>\n<p> <a class=\"continue-reading-link\" href=\"https:\/\/la-ferte-beauharnais.fr\/index.php\/sologne-a-velo\/\"><span>Lire la suite<\/span><i class=\"crycon-right-dir\"><\/i><\/a> <\/p>\n","protected":false},"author":1,"featured_media":0,"parent":0,"menu_order":0,"comment_status":"closed","ping_status":"closed","template":"","meta":{"_exactmetrics_skip_tracking":false,"_exactmetrics_sitenote_active":false,"_exactmetrics_sitenote_note":"","_exactmetrics_sitenote_category":0,"footnotes":""},"class_list":["post-335","page","type-page","status-publish","hentry"],"yoast_head":"<!-- This site is optimized with the Yoast SEO plugin v27.3 - https:\/\/yoast.com\/product\/yoast-seo-wordpress\/ -->\n<title>La Sologne \u00e0 v\u00e9lo - Mairie de La Fert\u00e9 Beauharnais - Site officiel de la commune<\/title>\n<meta name=\"robots\" content=\"index, follow, max-snippet:-1, max-image-preview:large, max-video-preview:-1\" \/>\n<link rel=\"canonical\" href=\"https:\/\/la-ferte-beauharnais.fr\/index.php\/sologne-a-velo\/\" \/>\n<meta property=\"og:locale\" content=\"fr_FR\" \/>\n<meta property=\"og:type\" content=\"article\" \/>\n<meta property=\"og:title\" content=\"La Sologne \u00e0 v\u00e9lo - Mairie de La Fert\u00e9 Beauharnais - Site officiel de la commune\" \/>\n<meta property=\"og:description\" content=\"La Sologne \u00e0 v\u00e9lo De nombreux\u00a0circuits vous sont propos\u00e9s sur les diff\u00e9rentes communes de la Communaut\u00e9 de Communes (Neung sur Beuvron, La Marolle en Sologne, Saint-Vi\u00e2tre, Villeny, Yvoy-le-Marron). Le trac\u00e9 de plus de 40 kilom\u00e8tres rejoindra celui du Pays de Ch\u00e2teaux ainsi que celui de la Loire \u00e0 V\u00e9lo. Ces\u2026 Lire la suite\" \/>\n<meta property=\"og:url\" content=\"https:\/\/la-ferte-beauharnais.fr\/index.php\/sologne-a-velo\/\" \/>\n<meta property=\"og:site_name\" content=\"Mairie de La Fert\u00e9 Beauharnais - Site officiel de la commune\" \/>\n<meta property=\"article:modified_time\" content=\"2017-04-26T09:24:11+00:00\" \/>\n<meta property=\"og:image\" content=\"http:\/\/la-ferte-beauharnais.fr\/wp-content\/uploads\/2017\/02\/sologne-a-velo.jpg\" \/>\n<meta name=\"twitter:card\" content=\"summary_large_image\" \/>\n<meta name=\"twitter:label1\" content=\"Dur\u00e9e de lecture estim\u00e9e\" \/>\n\t<meta name=\"twitter:data1\" content=\"1 minute\" \/>\n<script type=\"application\/ld+json\" class=\"yoast-schema-graph\">{\"@context\":\"https:\\\/\\\/schema.org\",\"@graph\":[{\"@type\":\"WebPage\",\"@id\":\"https:\\\/\\\/la-ferte-beauharnais.fr\\\/index.php\\\/sologne-a-velo\\\/\",\"url\":\"https:\\\/\\\/la-ferte-beauharnais.fr\\\/index.php\\\/sologne-a-velo\\\/\",\"name\":\"La Sologne \u00e0 v\u00e9lo - Mairie de La Fert\u00e9 Beauharnais - Site officiel de la commune\",\"isPartOf\":{\"@id\":\"https:\\\/\\\/la-ferte-beauharnais.fr\\\/#website\"},\"primaryImageOfPage\":{\"@id\":\"https:\\\/\\\/la-ferte-beauharnais.fr\\\/index.php\\\/sologne-a-velo\\\/#primaryimage\"},\"image\":{\"@id\":\"https:\\\/\\\/la-ferte-beauharnais.fr\\\/index.php\\\/sologne-a-velo\\\/#primaryimage\"},\"thumbnailUrl\":\"http:\\\/\\\/la-ferte-beauharnais.fr\\\/wp-content\\\/uploads\\\/2017\\\/02\\\/sologne-a-velo.jpg\",\"datePublished\":\"2017-02-10T14:31:51+00:00\",\"dateModified\":\"2017-04-26T09:24:11+00:00\",\"breadcrumb\":{\"@id\":\"https:\\\/\\\/la-ferte-beauharnais.fr\\\/index.php\\\/sologne-a-velo\\\/#breadcrumb\"},\"inLanguage\":\"fr-FR\",\"potentialAction\":[{\"@type\":\"ReadAction\",\"target\":[\"https:\\\/\\\/la-ferte-beauharnais.fr\\\/index.php\\\/sologne-a-velo\\\/\"]}]},{\"@type\":\"ImageObject\",\"inLanguage\":\"fr-FR\",\"@id\":\"https:\\\/\\\/la-ferte-beauharnais.fr\\\/index.php\\\/sologne-a-velo\\\/#primaryimage\",\"url\":\"http:\\\/\\\/la-ferte-beauharnais.fr\\\/wp-content\\\/uploads\\\/2017\\\/02\\\/sologne-a-velo.jpg\",\"contentUrl\":\"http:\\\/\\\/la-ferte-beauharnais.fr\\\/wp-content\\\/uploads\\\/2017\\\/02\\\/sologne-a-velo.jpg\"},{\"@type\":\"BreadcrumbList\",\"@id\":\"https:\\\/\\\/la-ferte-beauharnais.fr\\\/index.php\\\/sologne-a-velo\\\/#breadcrumb\",\"itemListElement\":[{\"@type\":\"ListItem\",\"position\":1,\"name\":\"Accueil\",\"item\":\"https:\\\/\\\/la-ferte-beauharnais.fr\\\/\"},{\"@type\":\"ListItem\",\"position\":2,\"name\":\"La Sologne \u00e0 v\u00e9lo\"}]},{\"@type\":\"WebSite\",\"@id\":\"https:\\\/\\\/la-ferte-beauharnais.fr\\\/#website\",\"url\":\"https:\\\/\\\/la-ferte-beauharnais.fr\\\/\",\"name\":\"Mairie de La Fert\u00e9 Beauharnais - Site officiel de la commune\",\"description\":\"Village de Sologne situ\u00e9 entre Orl\u00e9ans et Romorantin-Lanthenay.\",\"potentialAction\":[{\"@type\":\"SearchAction\",\"target\":{\"@type\":\"EntryPoint\",\"urlTemplate\":\"https:\\\/\\\/la-ferte-beauharnais.fr\\\/?s={search_term_string}\"},\"query-input\":{\"@type\":\"PropertyValueSpecification\",\"valueRequired\":true,\"valueName\":\"search_term_string\"}}],\"inLanguage\":\"fr-FR\"}]}<\/script>\n<!-- \/ Yoast SEO plugin. -->","yoast_head_json":{"title":"La Sologne \u00e0 v\u00e9lo - Mairie de La Fert\u00e9 Beauharnais - Site officiel de la commune","robots":{"index":"index","follow":"follow","max-snippet":"max-snippet:-1","max-image-preview":"max-image-preview:large","max-video-preview":"max-video-preview:-1"},"canonical":"https:\/\/la-ferte-beauharnais.fr\/index.php\/sologne-a-velo\/","og_locale":"fr_FR","og_type":"article","og_title":"La Sologne \u00e0 v\u00e9lo - Mairie de La Fert\u00e9 Beauharnais - Site officiel de la commune","og_description":"La Sologne \u00e0 v\u00e9lo De nombreux\u00a0circuits vous sont propos\u00e9s sur les diff\u00e9rentes communes de la Communaut\u00e9 de Communes (Neung sur Beuvron, La Marolle en Sologne, Saint-Vi\u00e2tre, Villeny, Yvoy-le-Marron). Le trac\u00e9 de plus de 40 kilom\u00e8tres rejoindra celui du Pays de Ch\u00e2teaux ainsi que celui de la Loire \u00e0 V\u00e9lo. Ces\u2026 Lire la suite","og_url":"https:\/\/la-ferte-beauharnais.fr\/index.php\/sologne-a-velo\/","og_site_name":"Mairie de La Fert\u00e9 Beauharnais - Site officiel de la commune","article_modified_time":"2017-04-26T09:24:11+00:00","og_image":[{"url":"http:\/\/la-ferte-beauharnais.fr\/wp-content\/uploads\/2017\/02\/sologne-a-velo.jpg","type":"","width":"","height":""}],"twitter_card":"summary_large_image","twitter_misc":{"Dur\u00e9e de lecture estim\u00e9e":"1 minute"},"schema":{"@context":"https:\/\/schema.org","@graph":[{"@type":"WebPage","@id":"https:\/\/la-ferte-beauharnais.fr\/index.php\/sologne-a-velo\/","url":"https:\/\/la-ferte-beauharnais.fr\/index.php\/sologne-a-velo\/","name":"La Sologne \u00e0 v\u00e9lo - Mairie de La Fert\u00e9 Beauharnais - Site officiel de la commune","isPartOf":{"@id":"https:\/\/la-ferte-beauharnais.fr\/#website"},"primaryImageOfPage":{"@id":"https:\/\/la-ferte-beauharnais.fr\/index.php\/sologne-a-velo\/#primaryimage"},"image":{"@id":"https:\/\/la-ferte-beauharnais.fr\/index.php\/sologne-a-velo\/#primaryimage"},"thumbnailUrl":"http:\/\/la-ferte-beauharnais.fr\/wp-content\/uploads\/2017\/02\/sologne-a-velo.jpg","datePublished":"2017-02-10T14:31:51+00:00","dateModified":"2017-04-26T09:24:11+00:00","breadcrumb":{"@id":"https:\/\/la-ferte-beauharnais.fr\/index.php\/sologne-a-velo\/#breadcrumb"},"inLanguage":"fr-FR","potentialAction":[{"@type":"ReadAction","target":["https:\/\/la-ferte-beauharnais.fr\/index.php\/sologne-a-velo\/"]}]},{"@type":"ImageObject","inLanguage":"fr-FR","@id":"https:\/\/la-ferte-beauharnais.fr\/index.php\/sologne-a-velo\/#primaryimage","url":"http:\/\/la-ferte-beauharnais.fr\/wp-content\/uploads\/2017\/02\/sologne-a-velo.jpg","contentUrl":"http:\/\/la-ferte-beauharnais.fr\/wp-content\/uploads\/2017\/02\/sologne-a-velo.jpg"},{"@type":"BreadcrumbList","@id":"https:\/\/la-ferte-beauharnais.fr\/index.php\/sologne-a-velo\/#breadcrumb","itemListElement":[{"@type":"ListItem","position":1,"name":"Accueil","item":"https:\/\/la-ferte-beauharnais.fr\/"},{"@type":"ListItem","position":2,"name":"La Sologne \u00e0 v\u00e9lo"}]},{"@type":"WebSite","@id":"https:\/\/la-ferte-beauharnais.fr\/#website","url":"https:\/\/la-ferte-beauharnais.fr\/","name":"Mairie de La Fert\u00e9 Beauharnais - Site officiel de la commune","description":"Village de Sologne situ\u00e9 entre Orl\u00e9ans et Romorantin-Lanthenay.","potentialAction":[{"@type":"SearchAction","target":{"@type":"EntryPoint","urlTemplate":"https:\/\/la-ferte-beauharnais.fr\/?s={search_term_string}"},"query-input":{"@type":"PropertyValueSpecification","valueRequired":true,"valueName":"search_term_string"}}],"inLanguage":"fr-FR"}]}},"_links":{"self":[{"href":"https:\/\/la-ferte-beauharnais.fr\/index.php\/wp-json\/wp\/v2\/pages\/335","targetHints":{"allow":["GET"]}}],"collection":[{"href":"https:\/\/la-ferte-beauharnais.fr\/index.php\/wp-json\/wp\/v2\/pages"}],"about":[{"href":"https:\/\/la-ferte-beauharnais.fr\/index.php\/wp-json\/wp\/v2\/types\/page"}],"author":[{"embeddable":true,"href":"https:\/\/la-ferte-beauharnais.fr\/index.php\/wp-json\/wp\/v2\/users\/1"}],"replies":[{"embeddable":true,"href":"https:\/\/la-ferte-beauharnais.fr\/index.php\/wp-json\/wp\/v2\/comments?post=335"}],"version-history":[{"count":3,"href":"https:\/\/la-ferte-beauharnais.fr\/index.php\/wp-json\/wp\/v2\/pages\/335\/revisions"}],"predecessor-version":[{"id":576,"href":"https:\/\/la-ferte-beauharnais.fr\/index.php\/wp-json\/wp\/v2\/pages\/335\/revisions\/576"}],"wp:attachment":[{"href":"https:\/\/la-ferte-beauharnais.fr\/index.php\/wp-json\/wp\/v2\/media?parent=335"}],"curies":[{"name":"wp","href":"https:\/\/api.w.org\/{rel}","templated":true}]}}