{"id":388,"date":"2017-02-14T18:03:42","date_gmt":"2017-02-14T17:03:42","guid":{"rendered":"http:\/\/la-ferte-beauharnais.fr\/?page_id=388"},"modified":"2017-02-14T18:07:17","modified_gmt":"2017-02-14T17:07:17","slug":"histoire-du-village","status":"publish","type":"page","link":"https:\/\/la-ferte-beauharnais.fr\/index.php\/histoire-du-village\/","title":{"rendered":"Histoire du village"},"content":{"rendered":"<p>La Fert\u00e9 Beauharnais, autrefois nomm\u00e9e La Fert\u00e9-Avrain, est un village situ\u00e9 sur la route d\u00e9partementale 923 en provenance de Lamotte Beuvron, entre Orl\u00e9ans (50km) et Romorantin Lanthenay (25km). Son architecture est dans la pure tradition Solognote avec ses fa\u00e7ades de briques rouges.<br \/>\nCe village s&#8217;est constitu\u00e9 depuis la nuit des temps autour de 2 \u00e9l\u00e9ments : la grand-route et la rivi\u00e8re.<\/p>\n<p>&nbsp;<\/p>\n<h2>La grand route<\/h2>\n<p><img decoding=\"async\" class=\"alignleft\" src=\"https:\/\/la-ferte-beauharnais.fr\/tempo\/images\/decouvrir\/grand_rue1.jpg\" alt=\"\" width=\"284\"><\/p>\n<p>Elle fut pendant plus de 2000 ans l&#8217;unique art\u00e8re pour aller de Paris \u00e0 Toulouse.<\/p>\n<p>Elle s&#8217;appelait Le Grand Chemin. Cette voie rev\u00eatue de sable, de cailloux, de rondins ou r\u00e9duite \u00e0 l&#8217;\u00e9tat de fronti\u00e8re, a vu passer les l\u00e9gionnaires romains de Jules C\u00e9sar, les guerriers de Vercing\u00e9torix, les Crois\u00e9s, les hordes de grandes compagnies, les anglais venus conqu\u00e9rir, les \u00e9corcheurs venus d\u00e9vaster, les h\u00e9r\u00e9tiques pr\u00eats \u00e0 \u00e9gorger ainsi que les sombres dragons de louis XIV ; n&#8217;oublions pas les mercenaires du Mar\u00e9chal de Saxe, les volontaires de la R\u00e9volution et les uhlans, cavaliers allemands de 1870. Jeanne d&#8217;Arc, \u00e0 la t\u00eate de son arm\u00e9e, vint ici dans l&#8217;\u00e9glise et fit boire son cheval dans la rivi\u00e8re.<br \/>\n<a class=\"backToTop\" title=\"Retour haut de page\" href=\"https:\/\/la-ferte-beauharnais.fr\/tempo\/decouvrir.html#\">&nbsp;<\/a><\/p>\n<h2>La rivi\u00e8re<\/h2>\n<p><img decoding=\"async\" class=\"alignleft\" src=\"https:\/\/la-ferte-beauharnais.fr\/tempo\/images\/decouvrir\/beuvron.jpg\" alt=\"\" width=\"180\"><\/p>\n<p><b>Le Beuvron<\/b> qui coule en contrebas du village a constitu\u00e9 une &#8221; rivi\u00e8re fronti\u00e8re &#8221; avec les r\u00e9gions voisines pendant longtemps.<br \/>\nAutrefois on d\u00e9limitait souvent les fronti\u00e8res \u00e0 partir d&#8217;\u00e9l\u00e9ments naturels telles que collines ou rivi\u00e8res, simple \u00e0 rep\u00e9rer et faciles \u00e0 d\u00e9fendre, surtout en pays bois\u00e9. L\u00e0 o\u00f9 il y avait une fronti\u00e8re, il y avait donc octroi et p\u00e9age, d&#8217;o\u00f9 cr\u00e9ation de ressources qu&#8217;il fallait prot\u00e9ger des brigands. Cette richesse entra\u00eena donc la construction de deux forteresses, chacune d&#8217;un c\u00f4t\u00e9 de la rivi\u00e8re, et attira une coll\u00e9giale de chanoines qui se sentaient prot\u00e9g\u00e9s par ces ch\u00e2teaux forts.<br \/>\nElle attira aussi \u00e9videmment de nombreux marchands qui vendaient \u00e0 ceux qui empruntaient &#8221; Le Grand Chemin &#8221; : p\u00e8lerins, compagnons, moines, soldats, etc. De superbes auberges furent construites alors pour loger les voyageurs : l&#8217;Auberge de l&#8217;Ecu de France, le Grand Dauphin, que l&#8217;on peut encore voir dans le village. Dans la foul\u00e9e, d&#8217;\u00e9normes et nombreuses foires se cr\u00e9\u00e8rent pour favoriser les \u00e9changes. Certaines durent encore, telle la Foire de la Saint Barnab\u00e9 le 11 juin de chaque ann\u00e9e.<br \/>\n<a class=\"backToTop\" title=\"Retour haut de page\" href=\"https:\/\/la-ferte-beauharnais.fr\/tempo\/decouvrir.html#\">&nbsp;<\/a><\/p>\n<h2>L&#8217;arriv\u00e9e des Beauharnais<\/h2>\n<p><img decoding=\"async\" class=\"alignleft\" src=\"https:\/\/la-ferte-beauharnais.fr\/tempo\/images\/decouvrir\/josephine_de_beauharnais1.jpg\" alt=\"\" width=\"180\"><\/p>\n<p>En 1754, une des deux forteresses qui venait d&#8217;\u00eatre reconstruite au go\u00fbt du jour, fut achet\u00e9e par le <b>Marquis Fran\u00e7ois de Beauharnais<\/b>, gouverneur des Antilles fran\u00e7aises. Son fils Alexandre de Beauharnais \u00e9pousa en 1779 Jos\u00e9phine Tascher de la Pagerie devenue <b>Jos\u00e9phine de Beauharnais<\/b>. Il en eut deux enfants : Hortense et Eug\u00e8ne qui, m\u00eame couvert de gloire, resta attach\u00e9 \u00e0 La Fert\u00e9 et fit beaucoup pour le village. L&#8217;ex\u00e9cution d&#8217;Alexandre pendant la r\u00e9volution permit \u00e0 Jos\u00e9phine d&#8217;\u00e9pouser <b>Napol\u00e9on Bonaparte<\/b>. Celui-ci fut aussi un des visiteurs illustres de La Fert\u00e9. Le Prince Pr\u00e9sident Louis Napol\u00e9on, fils d&#8217;Hortense, essaya de racheter le ch\u00e2teau de ses grands parents qui avait \u00e9t\u00e9 vendu par les h\u00e9ritiers d&#8217;Eug\u00e8ne. Il \u00e9choua, mais devenu Napol\u00e9on III, il revint \u00e0 La Fert\u00e9 quelques ann\u00e9es plus tard en avril 1852, et y fit construire deux \u00e9coles et une mairie en souvenir de sa famille.<br \/>\n<a class=\"backToTop\" title=\"Retour haut de page\" href=\"https:\/\/la-ferte-beauharnais.fr\/tempo\/decouvrir.html#\">&nbsp;<\/a><\/p>\n<p><center><a title=\"Plan du village\" href=\"https:\/\/la-ferte-beauharnais.fr\/tempo\/images\/decouvrir\/plan1.jpg\" rel=\"lightbox-atomium\"><img decoding=\"async\" title=\"Agrandir le plan\" src=\"https:\/\/la-ferte-beauharnais.fr\/tempo\/images\/decouvrir\/plan1.jpg\" width=\"600\" border=\"0\"><\/a><\/center><\/p>\n","protected":false},"excerpt":{"rendered":"<p>La Fert\u00e9 Beauharnais, autrefois nomm\u00e9e La Fert\u00e9-Avrain, est un village situ\u00e9 sur la route d\u00e9partementale 923 en provenance de Lamotte Beuvron, entre Orl\u00e9ans (50km) et Romorantin Lanthenay (25km). Son architecture est dans la pure tradition Solognote avec ses fa\u00e7ades de briques rouges. Ce village s&#8217;est constitu\u00e9 depuis la nuit des\u2026<\/p>\n<p> <a class=\"continue-reading-link\" href=\"https:\/\/la-ferte-beauharnais.fr\/index.php\/histoire-du-village\/\"><span>Lire la suite<\/span><i class=\"crycon-right-dir\"><\/i><\/a> <\/p>\n","protected":false},"author":1,"featured_media":0,"parent":0,"menu_order":0,"comment_status":"closed","ping_status":"closed","template":"","meta":{"_exactmetrics_skip_tracking":false,"_exactmetrics_sitenote_active":false,"_exactmetrics_sitenote_note":"","_exactmetrics_sitenote_category":0,"footnotes":""},"class_list":["post-388","page","type-page","status-publish","hentry"],"yoast_head":"<!-- This site is optimized with the Yoast SEO plugin v27.3 - https:\/\/yoast.com\/product\/yoast-seo-wordpress\/ -->\n<title>Histoire du village - Mairie de La Fert\u00e9 Beauharnais - Site officiel de la commune<\/title>\n<meta name=\"robots\" content=\"index, follow, max-snippet:-1, max-image-preview:large, max-video-preview:-1\" \/>\n<link rel=\"canonical\" href=\"https:\/\/la-ferte-beauharnais.fr\/index.php\/histoire-du-village\/\" \/>\n<meta property=\"og:locale\" content=\"fr_FR\" \/>\n<meta property=\"og:type\" content=\"article\" \/>\n<meta property=\"og:title\" content=\"Histoire du village - Mairie de La Fert\u00e9 Beauharnais - Site officiel de la commune\" \/>\n<meta property=\"og:description\" content=\"La Fert\u00e9 Beauharnais, autrefois nomm\u00e9e La Fert\u00e9-Avrain, est un village situ\u00e9 sur la route d\u00e9partementale 923 en provenance de Lamotte Beuvron, entre Orl\u00e9ans (50km) et Romorantin Lanthenay (25km). Son architecture est dans la pure tradition Solognote avec ses fa\u00e7ades de briques rouges. Ce village s&#8217;est constitu\u00e9 depuis la nuit des\u2026 Lire la suite\" \/>\n<meta property=\"og:url\" content=\"https:\/\/la-ferte-beauharnais.fr\/index.php\/histoire-du-village\/\" \/>\n<meta property=\"og:site_name\" content=\"Mairie de La Fert\u00e9 Beauharnais - Site officiel de la commune\" \/>\n<meta property=\"article:modified_time\" content=\"2017-02-14T17:07:17+00:00\" \/>\n<meta property=\"og:image\" content=\"http:\/\/la-ferte-beauharnais.fr\/tempo\/images\/decouvrir\/grand_rue1.jpg\" \/>\n<meta name=\"twitter:card\" content=\"summary_large_image\" \/>\n<meta name=\"twitter:label1\" content=\"Dur\u00e9e de lecture estim\u00e9e\" \/>\n\t<meta name=\"twitter:data1\" content=\"3 minutes\" \/>\n<script type=\"application\/ld+json\" class=\"yoast-schema-graph\">{\"@context\":\"https:\\\/\\\/schema.org\",\"@graph\":[{\"@type\":\"WebPage\",\"@id\":\"https:\\\/\\\/la-ferte-beauharnais.fr\\\/index.php\\\/histoire-du-village\\\/\",\"url\":\"https:\\\/\\\/la-ferte-beauharnais.fr\\\/index.php\\\/histoire-du-village\\\/\",\"name\":\"Histoire du village - Mairie de La Fert\u00e9 Beauharnais - Site officiel de la commune\",\"isPartOf\":{\"@id\":\"https:\\\/\\\/la-ferte-beauharnais.fr\\\/#website\"},\"primaryImageOfPage\":{\"@id\":\"https:\\\/\\\/la-ferte-beauharnais.fr\\\/index.php\\\/histoire-du-village\\\/#primaryimage\"},\"image\":{\"@id\":\"https:\\\/\\\/la-ferte-beauharnais.fr\\\/index.php\\\/histoire-du-village\\\/#primaryimage\"},\"thumbnailUrl\":\"http:\\\/\\\/la-ferte-beauharnais.fr\\\/tempo\\\/images\\\/decouvrir\\\/grand_rue1.jpg\",\"datePublished\":\"2017-02-14T17:03:42+00:00\",\"dateModified\":\"2017-02-14T17:07:17+00:00\",\"breadcrumb\":{\"@id\":\"https:\\\/\\\/la-ferte-beauharnais.fr\\\/index.php\\\/histoire-du-village\\\/#breadcrumb\"},\"inLanguage\":\"fr-FR\",\"potentialAction\":[{\"@type\":\"ReadAction\",\"target\":[\"https:\\\/\\\/la-ferte-beauharnais.fr\\\/index.php\\\/histoire-du-village\\\/\"]}]},{\"@type\":\"ImageObject\",\"inLanguage\":\"fr-FR\",\"@id\":\"https:\\\/\\\/la-ferte-beauharnais.fr\\\/index.php\\\/histoire-du-village\\\/#primaryimage\",\"url\":\"http:\\\/\\\/la-ferte-beauharnais.fr\\\/tempo\\\/images\\\/decouvrir\\\/grand_rue1.jpg\",\"contentUrl\":\"http:\\\/\\\/la-ferte-beauharnais.fr\\\/tempo\\\/images\\\/decouvrir\\\/grand_rue1.jpg\"},{\"@type\":\"BreadcrumbList\",\"@id\":\"https:\\\/\\\/la-ferte-beauharnais.fr\\\/index.php\\\/histoire-du-village\\\/#breadcrumb\",\"itemListElement\":[{\"@type\":\"ListItem\",\"position\":1,\"name\":\"Accueil\",\"item\":\"https:\\\/\\\/la-ferte-beauharnais.fr\\\/\"},{\"@type\":\"ListItem\",\"position\":2,\"name\":\"Histoire du village\"}]},{\"@type\":\"WebSite\",\"@id\":\"https:\\\/\\\/la-ferte-beauharnais.fr\\\/#website\",\"url\":\"https:\\\/\\\/la-ferte-beauharnais.fr\\\/\",\"name\":\"Mairie de La Fert\u00e9 Beauharnais - Site officiel de la commune\",\"description\":\"Village de Sologne situ\u00e9 entre Orl\u00e9ans et Romorantin-Lanthenay.\",\"potentialAction\":[{\"@type\":\"SearchAction\",\"target\":{\"@type\":\"EntryPoint\",\"urlTemplate\":\"https:\\\/\\\/la-ferte-beauharnais.fr\\\/?s={search_term_string}\"},\"query-input\":{\"@type\":\"PropertyValueSpecification\",\"valueRequired\":true,\"valueName\":\"search_term_string\"}}],\"inLanguage\":\"fr-FR\"}]}<\/script>\n<!-- \/ Yoast SEO plugin. -->","yoast_head_json":{"title":"Histoire du village - Mairie de La Fert\u00e9 Beauharnais - Site officiel de la commune","robots":{"index":"index","follow":"follow","max-snippet":"max-snippet:-1","max-image-preview":"max-image-preview:large","max-video-preview":"max-video-preview:-1"},"canonical":"https:\/\/la-ferte-beauharnais.fr\/index.php\/histoire-du-village\/","og_locale":"fr_FR","og_type":"article","og_title":"Histoire du village - Mairie de La Fert\u00e9 Beauharnais - Site officiel de la commune","og_description":"La Fert\u00e9 Beauharnais, autrefois nomm\u00e9e La Fert\u00e9-Avrain, est un village situ\u00e9 sur la route d\u00e9partementale 923 en provenance de Lamotte Beuvron, entre Orl\u00e9ans (50km) et Romorantin Lanthenay (25km). Son architecture est dans la pure tradition Solognote avec ses fa\u00e7ades de briques rouges. Ce village s&#8217;est constitu\u00e9 depuis la nuit des\u2026 Lire la suite","og_url":"https:\/\/la-ferte-beauharnais.fr\/index.php\/histoire-du-village\/","og_site_name":"Mairie de La Fert\u00e9 Beauharnais - Site officiel de la commune","article_modified_time":"2017-02-14T17:07:17+00:00","og_image":[{"url":"http:\/\/la-ferte-beauharnais.fr\/tempo\/images\/decouvrir\/grand_rue1.jpg","type":"","width":"","height":""}],"twitter_card":"summary_large_image","twitter_misc":{"Dur\u00e9e de lecture estim\u00e9e":"3 minutes"},"schema":{"@context":"https:\/\/schema.org","@graph":[{"@type":"WebPage","@id":"https:\/\/la-ferte-beauharnais.fr\/index.php\/histoire-du-village\/","url":"https:\/\/la-ferte-beauharnais.fr\/index.php\/histoire-du-village\/","name":"Histoire du village - Mairie de La Fert\u00e9 Beauharnais - Site officiel de la commune","isPartOf":{"@id":"https:\/\/la-ferte-beauharnais.fr\/#website"},"primaryImageOfPage":{"@id":"https:\/\/la-ferte-beauharnais.fr\/index.php\/histoire-du-village\/#primaryimage"},"image":{"@id":"https:\/\/la-ferte-beauharnais.fr\/index.php\/histoire-du-village\/#primaryimage"},"thumbnailUrl":"http:\/\/la-ferte-beauharnais.fr\/tempo\/images\/decouvrir\/grand_rue1.jpg","datePublished":"2017-02-14T17:03:42+00:00","dateModified":"2017-02-14T17:07:17+00:00","breadcrumb":{"@id":"https:\/\/la-ferte-beauharnais.fr\/index.php\/histoire-du-village\/#breadcrumb"},"inLanguage":"fr-FR","potentialAction":[{"@type":"ReadAction","target":["https:\/\/la-ferte-beauharnais.fr\/index.php\/histoire-du-village\/"]}]},{"@type":"ImageObject","inLanguage":"fr-FR","@id":"https:\/\/la-ferte-beauharnais.fr\/index.php\/histoire-du-village\/#primaryimage","url":"http:\/\/la-ferte-beauharnais.fr\/tempo\/images\/decouvrir\/grand_rue1.jpg","contentUrl":"http:\/\/la-ferte-beauharnais.fr\/tempo\/images\/decouvrir\/grand_rue1.jpg"},{"@type":"BreadcrumbList","@id":"https:\/\/la-ferte-beauharnais.fr\/index.php\/histoire-du-village\/#breadcrumb","itemListElement":[{"@type":"ListItem","position":1,"name":"Accueil","item":"https:\/\/la-ferte-beauharnais.fr\/"},{"@type":"ListItem","position":2,"name":"Histoire du village"}]},{"@type":"WebSite","@id":"https:\/\/la-ferte-beauharnais.fr\/#website","url":"https:\/\/la-ferte-beauharnais.fr\/","name":"Mairie de La Fert\u00e9 Beauharnais - Site officiel de la commune","description":"Village de Sologne situ\u00e9 entre Orl\u00e9ans et Romorantin-Lanthenay.","potentialAction":[{"@type":"SearchAction","target":{"@type":"EntryPoint","urlTemplate":"https:\/\/la-ferte-beauharnais.fr\/?s={search_term_string}"},"query-input":{"@type":"PropertyValueSpecification","valueRequired":true,"valueName":"search_term_string"}}],"inLanguage":"fr-FR"}]}},"_links":{"self":[{"href":"https:\/\/la-ferte-beauharnais.fr\/index.php\/wp-json\/wp\/v2\/pages\/388","targetHints":{"allow":["GET"]}}],"collection":[{"href":"https:\/\/la-ferte-beauharnais.fr\/index.php\/wp-json\/wp\/v2\/pages"}],"about":[{"href":"https:\/\/la-ferte-beauharnais.fr\/index.php\/wp-json\/wp\/v2\/types\/page"}],"author":[{"embeddable":true,"href":"https:\/\/la-ferte-beauharnais.fr\/index.php\/wp-json\/wp\/v2\/users\/1"}],"replies":[{"embeddable":true,"href":"https:\/\/la-ferte-beauharnais.fr\/index.php\/wp-json\/wp\/v2\/comments?post=388"}],"version-history":[{"count":5,"href":"https:\/\/la-ferte-beauharnais.fr\/index.php\/wp-json\/wp\/v2\/pages\/388\/revisions"}],"predecessor-version":[{"id":390,"href":"https:\/\/la-ferte-beauharnais.fr\/index.php\/wp-json\/wp\/v2\/pages\/388\/revisions\/390"}],"wp:attachment":[{"href":"https:\/\/la-ferte-beauharnais.fr\/index.php\/wp-json\/wp\/v2\/media?parent=388"}],"curies":[{"name":"wp","href":"https:\/\/api.w.org\/{rel}","templated":true}]}}