{"id":489,"date":"2017-03-04T20:05:24","date_gmt":"2017-03-04T19:05:24","guid":{"rendered":"http:\/\/la-ferte-beauharnais.fr\/?page_id=489"},"modified":"2022-03-01T12:44:52","modified_gmt":"2022-03-01T11:44:52","slug":"creche","status":"publish","type":"page","link":"https:\/\/la-ferte-beauharnais.fr\/index.php\/creche\/","title":{"rendered":"Cr\u00e8che"},"content":{"rendered":"\t\t<div data-elementor-type=\"wp-page\" data-elementor-id=\"489\" class=\"elementor elementor-489\" data-elementor-post-type=\"page\">\n\t\t\t\t\t\t<section class=\"elementor-section elementor-top-section elementor-element elementor-element-31df2d5 elementor-section-boxed elementor-section-height-default elementor-section-height-default\" data-id=\"31df2d5\" data-element_type=\"section\" data-e-type=\"section\">\n\t\t\t\t\t\t<div class=\"elementor-container elementor-column-gap-default\">\n\t\t\t\t\t<div class=\"elementor-column elementor-col-100 elementor-top-column elementor-element elementor-element-5fc87880\" data-id=\"5fc87880\" data-element_type=\"column\" data-e-type=\"column\">\n\t\t\t<div class=\"elementor-widget-wrap elementor-element-populated\">\n\t\t\t\t\t\t<div class=\"elementor-element elementor-element-c7f6ea6 elementor-widget elementor-widget-image\" data-id=\"c7f6ea6\" data-element_type=\"widget\" data-e-type=\"widget\" data-widget_type=\"image.default\">\n\t\t\t\t<div class=\"elementor-widget-container\">\n\t\t\t\t\t\t\t\t\t\t\t\t\t\t\t<img fetchpriority=\"high\" decoding=\"async\" width=\"591\" height=\"718\" src=\"https:\/\/la-ferte-beauharnais.fr\/wp-content\/uploads\/2021\/08\/LOGOPTITESCANAILLES.jpg\" class=\"attachment-large size-large wp-image-1558\" alt=\"\" srcset=\"https:\/\/la-ferte-beauharnais.fr\/wp-content\/uploads\/2021\/08\/LOGOPTITESCANAILLES.jpg 591w, https:\/\/la-ferte-beauharnais.fr\/wp-content\/uploads\/2021\/08\/LOGOPTITESCANAILLES-247x300.jpg 247w, https:\/\/la-ferte-beauharnais.fr\/wp-content\/uploads\/2021\/08\/LOGOPTITESCANAILLES-123x150.jpg 123w\" sizes=\"(max-width: 591px) 100vw, 591px\" \/>\t\t\t\t\t\t\t\t\t\t\t\t\t\t\t<\/div>\n\t\t\t\t<\/div>\n\t\t\t\t<div class=\"elementor-element elementor-element-5f9a1492 elementor-widget elementor-widget-text-editor\" data-id=\"5f9a1492\" data-element_type=\"widget\" data-e-type=\"widget\" data-widget_type=\"text-editor.default\">\n\t\t\t\t<div class=\"elementor-widget-container\">\n\t\t\t\t\t\t\t\t\t<p><strong>La cr\u00e8che &#8220;Les petites Canailles&#8221;<\/strong><\/p><p>Le multi-accueil &#8220;Les P&#8217;tites Canailles&#8221; accueille toutes les familles. Celles demeurant \u00e0 La Fert\u00e9-Beauharnais restent prioritaires. L\u2019acc\u00e8s aux familles en parcours d\u2019insertion professionnelle ou sociale sera facilit\u00e9.<\/p><p>Cette structure peut accueillir des enfants \u00e2g\u00e9s entre 2 mois \u00bd et 4 ans.<\/p><p>Le nombre de places, agr\u00e9es par le Pr\u00e9sident du Conseil D\u00e9partemental, est le suivant :<\/p><ul><li>13 places entre 7h30 et 12h<\/li><li>10 places entre 12h et 14h<\/li><li>13 places entre 14h et 18h<\/li><\/ul><p>L&#8217;\u00e9tablissement est ouvert du lundi au vendredi de 8h \u00e0 18h. Il est ferm\u00e9 les 2 semaines de vacances scolaires de No\u00ebl, 4 semaines en ao\u00fbt et les jours f\u00e9ri\u00e9s. D&#8217;autres dates de fermetures peuvent se pr\u00e9senter mais les parents sont pr\u00e9venus en amont et les heures d\u00e9duites lors de la facturation.<\/p>\t\t\t\t\t\t\t\t<\/div>\n\t\t\t\t<\/div>\n\t\t\t\t\t<\/div>\n\t\t<\/div>\n\t\t\t\t\t<\/div>\n\t\t<\/section>\n\t\t\t\t<section class=\"elementor-section elementor-top-section elementor-element elementor-element-26a900a elementor-section-boxed elementor-section-height-default elementor-section-height-default\" data-id=\"26a900a\" data-element_type=\"section\" data-e-type=\"section\">\n\t\t\t\t\t\t<div class=\"elementor-container elementor-column-gap-default\">\n\t\t\t\t\t<div class=\"elementor-column elementor-col-50 elementor-top-column elementor-element elementor-element-961f8ba\" data-id=\"961f8ba\" data-element_type=\"column\" data-e-type=\"column\">\n\t\t\t<div class=\"elementor-widget-wrap elementor-element-populated\">\n\t\t\t\t\t\t<div class=\"elementor-element elementor-element-b7b4640 elementor-widget elementor-widget-image\" data-id=\"b7b4640\" data-element_type=\"widget\" data-e-type=\"widget\" data-widget_type=\"image.default\">\n\t\t\t\t<div class=\"elementor-widget-container\">\n\t\t\t\t\t\t\t\t\t\t\t\t\t\t\t<img decoding=\"async\" width=\"800\" height=\"600\" src=\"https:\/\/la-ferte-beauharnais.fr\/wp-content\/uploads\/2019\/09\/creche-la-ferte-beauharnais2.jpg\" class=\"attachment-large size-large wp-image-983\" alt=\"\" srcset=\"https:\/\/la-ferte-beauharnais.fr\/wp-content\/uploads\/2019\/09\/creche-la-ferte-beauharnais2.jpg 800w, https:\/\/la-ferte-beauharnais.fr\/wp-content\/uploads\/2019\/09\/creche-la-ferte-beauharnais2-300x225.jpg 300w, https:\/\/la-ferte-beauharnais.fr\/wp-content\/uploads\/2019\/09\/creche-la-ferte-beauharnais2-768x576.jpg 768w, https:\/\/la-ferte-beauharnais.fr\/wp-content\/uploads\/2019\/09\/creche-la-ferte-beauharnais2-150x113.jpg 150w\" sizes=\"(max-width: 800px) 100vw, 800px\" \/>\t\t\t\t\t\t\t\t\t\t\t\t\t\t\t<\/div>\n\t\t\t\t<\/div>\n\t\t\t\t\t<\/div>\n\t\t<\/div>\n\t\t\t\t<div class=\"elementor-column elementor-col-50 elementor-top-column elementor-element elementor-element-46982cc\" data-id=\"46982cc\" data-element_type=\"column\" data-e-type=\"column\">\n\t\t\t<div class=\"elementor-widget-wrap elementor-element-populated\">\n\t\t\t\t\t\t<div class=\"elementor-element elementor-element-94d280c elementor-widget elementor-widget-image\" data-id=\"94d280c\" data-element_type=\"widget\" data-e-type=\"widget\" data-widget_type=\"image.default\">\n\t\t\t\t<div class=\"elementor-widget-container\">\n\t\t\t\t\t\t\t\t\t\t\t\t\t\t\t<img decoding=\"async\" width=\"800\" height=\"600\" src=\"https:\/\/la-ferte-beauharnais.fr\/wp-content\/uploads\/2019\/09\/creche-la-ferte-beauharnais1.jpg\" class=\"attachment-large size-large wp-image-982\" alt=\"\" srcset=\"https:\/\/la-ferte-beauharnais.fr\/wp-content\/uploads\/2019\/09\/creche-la-ferte-beauharnais1.jpg 800w, https:\/\/la-ferte-beauharnais.fr\/wp-content\/uploads\/2019\/09\/creche-la-ferte-beauharnais1-300x225.jpg 300w, https:\/\/la-ferte-beauharnais.fr\/wp-content\/uploads\/2019\/09\/creche-la-ferte-beauharnais1-768x576.jpg 768w, https:\/\/la-ferte-beauharnais.fr\/wp-content\/uploads\/2019\/09\/creche-la-ferte-beauharnais1-150x113.jpg 150w\" sizes=\"(max-width: 800px) 100vw, 800px\" \/>\t\t\t\t\t\t\t\t\t\t\t\t\t\t\t<\/div>\n\t\t\t\t<\/div>\n\t\t\t\t\t<\/div>\n\t\t<\/div>\n\t\t\t\t\t<\/div>\n\t\t<\/section>\n\t\t\t\t<section class=\"elementor-section elementor-top-section elementor-element elementor-element-8702026 elementor-section-boxed elementor-section-height-default elementor-section-height-default\" data-id=\"8702026\" data-element_type=\"section\" data-e-type=\"section\">\n\t\t\t\t\t\t<div class=\"elementor-container elementor-column-gap-default\">\n\t\t\t\t\t<div class=\"elementor-column elementor-col-100 elementor-top-column elementor-element elementor-element-12d54a5\" data-id=\"12d54a5\" data-element_type=\"column\" data-e-type=\"column\">\n\t\t\t<div class=\"elementor-widget-wrap elementor-element-populated\">\n\t\t\t\t\t\t<div class=\"elementor-element elementor-element-615b55e elementor-widget elementor-widget-text-editor\" data-id=\"615b55e\" data-element_type=\"widget\" data-e-type=\"widget\" data-widget_type=\"text-editor.default\">\n\t\t\t\t<div class=\"elementor-widget-container\">\n\t\t\t\t\t\t\t\t\t<p><strong>Le multi-accueil propose diff\u00e9rents mode d&#8217;accueil :<\/strong><\/p><ol><li>accueil r\u00e9gulier<\/li><li>accueil occasionnel<\/li><li>accueil d&#8217;urgence<\/li><\/ol><p><strong><br \/>1- L&#8217;accueil r\u00e9gulier<\/strong><\/p><p>Les enfants sont connus et inscrits dans la structure selon un contrat \u00e9tabli \u00e0 l&#8217;avance entre les familles, la directrice et le Pr\u00e9sident de l\u2019association sur la base d&#8217;un nombre d&#8217;heures mensuelles. La facturation, mensuelle, correspondra aux heures inscrites sur le contrat. Il peut s&#8217;y rajouter les heures compl\u00e9mentaires ou s&#8217;y d\u00e9duire les absences justifi\u00e9es (cf. absences V.B.). Toute heure r\u00e9serv\u00e9e sera due.<\/p><p><strong><br \/>2- L&#8217;accueil occasionnel<\/strong><\/p><p>Les enfants sont inscrits dans la structure sous les m\u00eames modalit\u00e9s que pour l&#8217;accueil r\u00e9gulier mais l&#8217;accueil est pour une dur\u00e9e limit\u00e9e, ne se renouvelant pas \u00e0 un rythme r\u00e9gulier pr\u00e9visible d&#8217;avance. Une proc\u00e9dure de r\u00e9servation est obligatoire via la fiche de r\u00e9servation car elle permet au service de g\u00e9rer au mieux le planning de pr\u00e9sence des enfants. Les enfants sont accueillis en fonction du nombre de places disponibles et de l&#8217;\u00e2ge des enfants d\u00e9j\u00e0 inscrits.<\/p><p><strong><br \/>3- L&#8217;accueil d&#8217;urgence<\/strong><\/p><p>Une place d&#8217;accueil d&#8217;urgence est pr\u00e9vue dans l&#8217;agr\u00e9ment de la structure. Elle est pr\u00e9vue pour un enfant qui n&#8217;est pas inscrit la structure et pour lequel les parents ont besoin d&#8217;un accueil exceptionnel et non pr\u00e9visible en cons\u00e9quence d&#8217;une hospitalisation, d&#8217;un souci d&#8217;un autre mode de garde, d&#8217;une situation familiale ou professionnelle d\u00e9licate.<\/p><p>Le tarif s&#8217;applique de la m\u00eame mani\u00e8re que pour les familles fr\u00e9quentant la structure r\u00e9guli\u00e8rement ou occasionnellement. En cas d&#8217;absence de justificatif des ressources due \u00e0 la situation d&#8217;urgence, la structure applique un tarif horaire moyen fixe correspondant au montant total des participations familiales factur\u00e9es par l&#8217;\u00e9tablissement sur l&#8217;exercice pr\u00e9c\u00e9dent divis\u00e9 par le nombre d&#8217;actes factur\u00e9s pour le m\u00eame exercice.<\/p><p>L&#8217;\u00e9quipe est compos\u00e9e de 4 professionnelles en Contrat \u00e0 Dur\u00e9e Ind\u00e9termin\u00e9 encadrant les enfants.<\/p><ul><li>L&#8217;\u00e9quipe de direction : 1 directrice \u00c9ducatrice de Jeunes Enfants<\/li><li>L&#8217;\u00e9quipe \u00e9ducative : 1 Educatrice de Jeunes Enfants, 1 Auxiliaire Pu\u00e9ricultrice, 1 titulaire du BEP Sanitaire et Social.<\/li><\/ul><p>Les familles adh\u00e8rent \u00e0 l&#8217;association en r\u00e9glant d\u00e8s l&#8217;inscription un ch\u00e8que de cotisation de 50\u20ac \u00e0 l&#8217;ordre &#8220;Association Les P&#8217;tites Canailles&#8221; pour les familles en accueil r\u00e9gulier et de 25\u20ac pour les familles en accueil occasionnel.<\/p><p>Le multi accueil est conventionn\u00e9 par la CAF, il b\u00e9n\u00e9ficie de la PSU (prestation de service unique) qui peut \u00eatre vers\u00e9e aux \u00e9tablissements \u00e9ligibles qui accueillent des enfants \u00e2g\u00e9s de moins de 6 ans. La CAF participe financi\u00e8rement de mani\u00e8re \u00e0 appliquer un bar\u00e8me privil\u00e9gi\u00e9.<\/p><p>La participation des familles varie en fonction des ressources et du nombre d\u2019enfants \u00e0 charge. Elle correspond \u00e0 un taux d\u2019effort modulable, dans les limites d\u2019un plancher et d\u2019un plafond d\u00e9fini annuellement par la Cnaf. Ils sont communiqu\u00e9s chaque ann\u00e9e par la Caf aux EAJE.\u00a0 \u00a0<a href=\"https:\/\/la-ferte-beauharnais.fr\/wp-content\/uploads\/2021\/02\/1-bareme-Psu-2021-Accueil-Collectif-micro.pdf\" target=\"_blank\" rel=\"noopener\"><span style=\"letter-spacing: inherit; text-align: inherit; word-spacing: inherit;\">&gt;&gt;Voir le bar\u00e8me<\/span><\/a><\/p><p>Cet \u00e9tablissement est soutenu par la CAF.<\/p><p>Pour tout renseignement et inscription, merci de s\u2019adresser \u00e0 Madame DELORME Claire, directrice au 02.54.98.23.79.<\/p>\t\t\t\t\t\t\t\t<\/div>\n\t\t\t\t<\/div>\n\t\t\t\t<section class=\"elementor-section elementor-inner-section elementor-element elementor-element-1717598 elementor-section-boxed elementor-section-height-default elementor-section-height-default\" data-id=\"1717598\" data-element_type=\"section\" data-e-type=\"section\">\n\t\t\t\t\t\t<div class=\"elementor-container elementor-column-gap-default\">\n\t\t\t\t\t<div class=\"elementor-column elementor-col-50 elementor-inner-column elementor-element elementor-element-5c63a99\" data-id=\"5c63a99\" data-element_type=\"column\" data-e-type=\"column\">\n\t\t\t<div class=\"elementor-widget-wrap elementor-element-populated\">\n\t\t\t\t\t\t<div class=\"elementor-element elementor-element-a92189f elementor-widget elementor-widget-heading\" data-id=\"a92189f\" data-element_type=\"widget\" data-e-type=\"widget\" data-widget_type=\"heading.default\">\n\t\t\t\t<div class=\"elementor-widget-container\">\n\t\t\t\t\t<h3 class=\"elementor-heading-title elementor-size-default\">Suivez nous <\/h3>\t\t\t\t<\/div>\n\t\t\t\t<\/div>\n\t\t\t\t\t<\/div>\n\t\t<\/div>\n\t\t\t\t<div class=\"elementor-column elementor-col-50 elementor-inner-column elementor-element elementor-element-2eebc6c\" data-id=\"2eebc6c\" data-element_type=\"column\" data-e-type=\"column\">\n\t\t\t<div class=\"elementor-widget-wrap elementor-element-populated\">\n\t\t\t\t\t\t<div class=\"elementor-element elementor-element-3178f7e e-grid-align-left elementor-shape-rounded elementor-grid-0 elementor-widget elementor-widget-social-icons\" data-id=\"3178f7e\" data-element_type=\"widget\" data-e-type=\"widget\" data-widget_type=\"social-icons.default\">\n\t\t\t\t<div class=\"elementor-widget-container\">\n\t\t\t\t\t\t\t<div class=\"elementor-social-icons-wrapper elementor-grid\">\n\t\t\t\t\t\t\t<span class=\"elementor-grid-item\">\n\t\t\t\t\t<a class=\"elementor-icon elementor-social-icon elementor-social-icon-facebook elementor-repeater-item-43c0b62\" href=\"https:\/\/www.facebook.com\/Les-Ptites-Canailles-933240660193924\" target=\"_blank\">\n\t\t\t\t\t\t<span class=\"elementor-screen-only\">Facebook<\/span>\n\t\t\t\t\t\t<i aria-hidden=\"true\" class=\"fab fa-facebook\"><\/i>\t\t\t\t\t<\/a>\n\t\t\t\t<\/span>\n\t\t\t\t\t<\/div>\n\t\t\t\t\t\t<\/div>\n\t\t\t\t<\/div>\n\t\t\t\t\t<\/div>\n\t\t<\/div>\n\t\t\t\t\t<\/div>\n\t\t<\/section>\n\t\t\t\t\t<\/div>\n\t\t<\/div>\n\t\t\t\t\t<\/div>\n\t\t<\/section>\n\t\t\t\t<\/div>\n\t\t","protected":false},"excerpt":{"rendered":"<p>La cr\u00e8che &#8220;Les petites Canailles&#8221; Le multi-accueil &#8220;Les P&#8217;tites Canailles&#8221; accueille toutes les familles. Celles demeurant \u00e0 La Fert\u00e9-Beauharnais restent prioritaires. L\u2019acc\u00e8s aux familles en parcours d\u2019insertion professionnelle ou sociale sera facilit\u00e9. Cette structure peut accueillir des enfants \u00e2g\u00e9s entre 2 mois \u00bd et 4 ans. Le nombre de places,\u2026<\/p>\n<p> <a class=\"continue-reading-link\" href=\"https:\/\/la-ferte-beauharnais.fr\/index.php\/creche\/\"><span>Lire la suite<\/span><i class=\"crycon-right-dir\"><\/i><\/a> <\/p>\n","protected":false},"author":1,"featured_media":0,"parent":0,"menu_order":0,"comment_status":"closed","ping_status":"closed","template":"","meta":{"_exactmetrics_skip_tracking":false,"_exactmetrics_sitenote_active":false,"_exactmetrics_sitenote_note":"","_exactmetrics_sitenote_category":0,"footnotes":""},"class_list":["post-489","page","type-page","status-publish","hentry"],"yoast_head":"<!-- This site is optimized with the Yoast SEO plugin v27.3 - https:\/\/yoast.com\/product\/yoast-seo-wordpress\/ -->\n<title>Cr\u00e8che - Mairie de La Fert\u00e9 Beauharnais - Site officiel de la commune<\/title>\n<meta name=\"robots\" content=\"index, follow, max-snippet:-1, max-image-preview:large, max-video-preview:-1\" \/>\n<link rel=\"canonical\" href=\"https:\/\/la-ferte-beauharnais.fr\/index.php\/creche\/\" \/>\n<meta property=\"og:locale\" content=\"fr_FR\" \/>\n<meta property=\"og:type\" content=\"article\" \/>\n<meta property=\"og:title\" content=\"Cr\u00e8che - Mairie de La Fert\u00e9 Beauharnais - Site officiel de la commune\" \/>\n<meta property=\"og:description\" content=\"La cr\u00e8che &#8220;Les petites Canailles&#8221; Le multi-accueil &#8220;Les P&#8217;tites Canailles&#8221; accueille toutes les familles. Celles demeurant \u00e0 La Fert\u00e9-Beauharnais restent prioritaires. L\u2019acc\u00e8s aux familles en parcours d\u2019insertion professionnelle ou sociale sera facilit\u00e9. Cette structure peut accueillir des enfants \u00e2g\u00e9s entre 2 mois \u00bd et 4 ans. Le nombre de places,\u2026 Lire la suite\" \/>\n<meta property=\"og:url\" content=\"https:\/\/la-ferte-beauharnais.fr\/index.php\/creche\/\" \/>\n<meta property=\"og:site_name\" content=\"Mairie de La Fert\u00e9 Beauharnais - Site officiel de la commune\" \/>\n<meta property=\"article:modified_time\" content=\"2022-03-01T11:44:52+00:00\" \/>\n<meta property=\"og:image\" content=\"http:\/\/la-ferte-beauharnais.fr\/wp-content\/uploads\/2021\/08\/LOGOPTITESCANAILLES.jpg\" \/>\n<meta name=\"twitter:card\" content=\"summary_large_image\" \/>\n<meta name=\"twitter:label1\" content=\"Dur\u00e9e de lecture estim\u00e9e\" \/>\n\t<meta name=\"twitter:data1\" content=\"4 minutes\" \/>\n<script type=\"application\/ld+json\" class=\"yoast-schema-graph\">{\"@context\":\"https:\\\/\\\/schema.org\",\"@graph\":[{\"@type\":\"WebPage\",\"@id\":\"https:\\\/\\\/la-ferte-beauharnais.fr\\\/index.php\\\/creche\\\/\",\"url\":\"https:\\\/\\\/la-ferte-beauharnais.fr\\\/index.php\\\/creche\\\/\",\"name\":\"Cr\u00e8che - Mairie de La Fert\u00e9 Beauharnais - Site officiel de la commune\",\"isPartOf\":{\"@id\":\"https:\\\/\\\/la-ferte-beauharnais.fr\\\/#website\"},\"primaryImageOfPage\":{\"@id\":\"https:\\\/\\\/la-ferte-beauharnais.fr\\\/index.php\\\/creche\\\/#primaryimage\"},\"image\":{\"@id\":\"https:\\\/\\\/la-ferte-beauharnais.fr\\\/index.php\\\/creche\\\/#primaryimage\"},\"thumbnailUrl\":\"http:\\\/\\\/la-ferte-beauharnais.fr\\\/wp-content\\\/uploads\\\/2021\\\/08\\\/LOGOPTITESCANAILLES.jpg\",\"datePublished\":\"2017-03-04T19:05:24+00:00\",\"dateModified\":\"2022-03-01T11:44:52+00:00\",\"breadcrumb\":{\"@id\":\"https:\\\/\\\/la-ferte-beauharnais.fr\\\/index.php\\\/creche\\\/#breadcrumb\"},\"inLanguage\":\"fr-FR\",\"potentialAction\":[{\"@type\":\"ReadAction\",\"target\":[\"https:\\\/\\\/la-ferte-beauharnais.fr\\\/index.php\\\/creche\\\/\"]}]},{\"@type\":\"ImageObject\",\"inLanguage\":\"fr-FR\",\"@id\":\"https:\\\/\\\/la-ferte-beauharnais.fr\\\/index.php\\\/creche\\\/#primaryimage\",\"url\":\"http:\\\/\\\/la-ferte-beauharnais.fr\\\/wp-content\\\/uploads\\\/2021\\\/08\\\/LOGOPTITESCANAILLES.jpg\",\"contentUrl\":\"http:\\\/\\\/la-ferte-beauharnais.fr\\\/wp-content\\\/uploads\\\/2021\\\/08\\\/LOGOPTITESCANAILLES.jpg\"},{\"@type\":\"BreadcrumbList\",\"@id\":\"https:\\\/\\\/la-ferte-beauharnais.fr\\\/index.php\\\/creche\\\/#breadcrumb\",\"itemListElement\":[{\"@type\":\"ListItem\",\"position\":1,\"name\":\"Accueil\",\"item\":\"https:\\\/\\\/la-ferte-beauharnais.fr\\\/\"},{\"@type\":\"ListItem\",\"position\":2,\"name\":\"Cr\u00e8che\"}]},{\"@type\":\"WebSite\",\"@id\":\"https:\\\/\\\/la-ferte-beauharnais.fr\\\/#website\",\"url\":\"https:\\\/\\\/la-ferte-beauharnais.fr\\\/\",\"name\":\"Mairie de La Fert\u00e9 Beauharnais - Site officiel de la commune\",\"description\":\"Village de Sologne situ\u00e9 entre Orl\u00e9ans et Romorantin-Lanthenay.\",\"potentialAction\":[{\"@type\":\"SearchAction\",\"target\":{\"@type\":\"EntryPoint\",\"urlTemplate\":\"https:\\\/\\\/la-ferte-beauharnais.fr\\\/?s={search_term_string}\"},\"query-input\":{\"@type\":\"PropertyValueSpecification\",\"valueRequired\":true,\"valueName\":\"search_term_string\"}}],\"inLanguage\":\"fr-FR\"}]}<\/script>\n<!-- \/ Yoast SEO plugin. -->","yoast_head_json":{"title":"Cr\u00e8che - Mairie de La Fert\u00e9 Beauharnais - Site officiel de la commune","robots":{"index":"index","follow":"follow","max-snippet":"max-snippet:-1","max-image-preview":"max-image-preview:large","max-video-preview":"max-video-preview:-1"},"canonical":"https:\/\/la-ferte-beauharnais.fr\/index.php\/creche\/","og_locale":"fr_FR","og_type":"article","og_title":"Cr\u00e8che - Mairie de La Fert\u00e9 Beauharnais - Site officiel de la commune","og_description":"La cr\u00e8che &#8220;Les petites Canailles&#8221; Le multi-accueil &#8220;Les P&#8217;tites Canailles&#8221; accueille toutes les familles. Celles demeurant \u00e0 La Fert\u00e9-Beauharnais restent prioritaires. L\u2019acc\u00e8s aux familles en parcours d\u2019insertion professionnelle ou sociale sera facilit\u00e9. Cette structure peut accueillir des enfants \u00e2g\u00e9s entre 2 mois \u00bd et 4 ans. Le nombre de places,\u2026 Lire la suite","og_url":"https:\/\/la-ferte-beauharnais.fr\/index.php\/creche\/","og_site_name":"Mairie de La Fert\u00e9 Beauharnais - Site officiel de la commune","article_modified_time":"2022-03-01T11:44:52+00:00","og_image":[{"url":"http:\/\/la-ferte-beauharnais.fr\/wp-content\/uploads\/2021\/08\/LOGOPTITESCANAILLES.jpg","type":"","width":"","height":""}],"twitter_card":"summary_large_image","twitter_misc":{"Dur\u00e9e de lecture estim\u00e9e":"4 minutes"},"schema":{"@context":"https:\/\/schema.org","@graph":[{"@type":"WebPage","@id":"https:\/\/la-ferte-beauharnais.fr\/index.php\/creche\/","url":"https:\/\/la-ferte-beauharnais.fr\/index.php\/creche\/","name":"Cr\u00e8che - Mairie de La Fert\u00e9 Beauharnais - Site officiel de la commune","isPartOf":{"@id":"https:\/\/la-ferte-beauharnais.fr\/#website"},"primaryImageOfPage":{"@id":"https:\/\/la-ferte-beauharnais.fr\/index.php\/creche\/#primaryimage"},"image":{"@id":"https:\/\/la-ferte-beauharnais.fr\/index.php\/creche\/#primaryimage"},"thumbnailUrl":"http:\/\/la-ferte-beauharnais.fr\/wp-content\/uploads\/2021\/08\/LOGOPTITESCANAILLES.jpg","datePublished":"2017-03-04T19:05:24+00:00","dateModified":"2022-03-01T11:44:52+00:00","breadcrumb":{"@id":"https:\/\/la-ferte-beauharnais.fr\/index.php\/creche\/#breadcrumb"},"inLanguage":"fr-FR","potentialAction":[{"@type":"ReadAction","target":["https:\/\/la-ferte-beauharnais.fr\/index.php\/creche\/"]}]},{"@type":"ImageObject","inLanguage":"fr-FR","@id":"https:\/\/la-ferte-beauharnais.fr\/index.php\/creche\/#primaryimage","url":"http:\/\/la-ferte-beauharnais.fr\/wp-content\/uploads\/2021\/08\/LOGOPTITESCANAILLES.jpg","contentUrl":"http:\/\/la-ferte-beauharnais.fr\/wp-content\/uploads\/2021\/08\/LOGOPTITESCANAILLES.jpg"},{"@type":"BreadcrumbList","@id":"https:\/\/la-ferte-beauharnais.fr\/index.php\/creche\/#breadcrumb","itemListElement":[{"@type":"ListItem","position":1,"name":"Accueil","item":"https:\/\/la-ferte-beauharnais.fr\/"},{"@type":"ListItem","position":2,"name":"Cr\u00e8che"}]},{"@type":"WebSite","@id":"https:\/\/la-ferte-beauharnais.fr\/#website","url":"https:\/\/la-ferte-beauharnais.fr\/","name":"Mairie de La Fert\u00e9 Beauharnais - Site officiel de la commune","description":"Village de Sologne situ\u00e9 entre Orl\u00e9ans et Romorantin-Lanthenay.","potentialAction":[{"@type":"SearchAction","target":{"@type":"EntryPoint","urlTemplate":"https:\/\/la-ferte-beauharnais.fr\/?s={search_term_string}"},"query-input":{"@type":"PropertyValueSpecification","valueRequired":true,"valueName":"search_term_string"}}],"inLanguage":"fr-FR"}]}},"_links":{"self":[{"href":"https:\/\/la-ferte-beauharnais.fr\/index.php\/wp-json\/wp\/v2\/pages\/489","targetHints":{"allow":["GET"]}}],"collection":[{"href":"https:\/\/la-ferte-beauharnais.fr\/index.php\/wp-json\/wp\/v2\/pages"}],"about":[{"href":"https:\/\/la-ferte-beauharnais.fr\/index.php\/wp-json\/wp\/v2\/types\/page"}],"author":[{"embeddable":true,"href":"https:\/\/la-ferte-beauharnais.fr\/index.php\/wp-json\/wp\/v2\/users\/1"}],"replies":[{"embeddable":true,"href":"https:\/\/la-ferte-beauharnais.fr\/index.php\/wp-json\/wp\/v2\/comments?post=489"}],"version-history":[{"count":23,"href":"https:\/\/la-ferte-beauharnais.fr\/index.php\/wp-json\/wp\/v2\/pages\/489\/revisions"}],"predecessor-version":[{"id":1604,"href":"https:\/\/la-ferte-beauharnais.fr\/index.php\/wp-json\/wp\/v2\/pages\/489\/revisions\/1604"}],"wp:attachment":[{"href":"https:\/\/la-ferte-beauharnais.fr\/index.php\/wp-json\/wp\/v2\/media?parent=489"}],"curies":[{"name":"wp","href":"https:\/\/api.w.org\/{rel}","templated":true}]}}