{"id":491,"date":"2017-03-04T20:19:21","date_gmt":"2017-03-04T19:19:21","guid":{"rendered":"http:\/\/la-ferte-beauharnais.fr\/?page_id=491"},"modified":"2022-03-01T14:29:26","modified_gmt":"2022-03-01T13:29:26","slug":"peche","status":"publish","type":"page","link":"https:\/\/la-ferte-beauharnais.fr\/index.php\/peche\/","title":{"rendered":"P\u00eache"},"content":{"rendered":"<p>L&#8217;\u00e9tang de la Fert\u00e9-Beauharnais est g\u00e9r\u00e9 par la F\u00e9d\u00e9ration de p\u00eache du Loir et Cher. Il est situ\u00e9 route de Chaumont.<\/p>\n<p>Vous pouvez vous procurer une carte de p\u00eache\u00a0 chez Chris&#8217;Flore \u00e0 Neung sur Beuvron ou sur le site internet: <a href=\"http:\/\/www.cartedepeche.fr\/\" target=\"_blank\" rel=\"noopener noreferrer\">www.cartedepeche.fr<\/a>.<\/p>\n<p>Pas de vente sur place.<\/p>\n<p>&nbsp;<\/p>\n<table>\n<tbody>\n<tr style=\"background-color: #339e63;\">\n<td style=\"text-align: center;\" colspan=\"2\"><span style=\"font-family: 'andale mono', monospace; font-size: 24px; color: #ffffff;\"><strong>Points de vente<\/strong><\/span><\/td>\n<\/tr>\n<tr>\n<td><strong>\u00a0Chris&#8217;Flore<\/strong><\/td>\n<td>\u00a058 rue Henry de Geoffre 41210 Neug sur Beuvron &#8211; T\u00e9l : 02 54 83 65 45<\/p>\n<p>Lundi : Ferm\u00e9<br \/>\nMardi : Ferm\u00e9<br \/>\nMercredi : 8h30-12h30 Ferm\u00e9 l\u2019apr\u00e8s midi<br \/>\nJeudi : 8h30-12h30 \/ 15h30-19h00<br \/>\nVendredi : 8h30-12h30 \/ 15h30-19h00<br \/>\nSamedi : 8h30-12h30 Ferm\u00e9 l\u2019apr\u00e8s midi<br \/>\nDimanche : 8h30-12h30 Ferm\u00e9 l\u2019apr\u00e8s midi<br \/>\nIl est parfois possible d\u2019acheter une carte de p\u00eache pendant les fermetures en appelant \u00e0 l\u2019avance 02 54 83 65 45<\/td>\n<\/tr>\n<\/tbody>\n<\/table>\n<p>&nbsp;<\/p>\n<table>\n<tbody>\n<tr>\n<td style=\"background-color: #87360b; text-align: center;\" colspan=\"2\"><span style=\"color: #ffffff; font-size: 24px;\"><strong>TARIF CARTES DE P\u00caCHE\u00a0<\/strong><\/span><\/td>\n<\/tr>\n<tr>\n<td style=\"width: 33%;\"><strong>Carte personne majeure : \u00a078\u20ac<\/strong><\/p>\n<p><span style=\"font-size: 16px;\"><strong>Interf\u00e9d\u00e9rale : 100\u20ac<\/strong><\/span><\/td>\n<td>Pour ceux qui pratiquent leur loisir r\u00e9guli\u00e8rement pendant l&#8217;ann\u00e9e, la carte annuelle &#8220;personne majeure&#8221; est la carte ad\u00e9quate.<\/p>\n<p>Valable toute l&#8217;ann\u00e9e, elle permet de p\u00eacher en\u00a01\u00e8re et 2\u00e8me cat\u00e9gorie, avec tous les modes de p\u00eache autoris\u00e9s.<\/p>\n<p>La carte inter-f\u00e9d\u00e9rale vous propose d\u2019\u00e9tendre votre secteur de p\u00eache aux autres d\u00e9partements.<\/td>\n<\/tr>\n<tr>\n<td><span style=\"font-size: 16px;\"><strong>Carte d\u00e9couverte femme : 35 \u20ac<\/strong><\/span><\/td>\n<td>Cette carte annuelle et promotionnelle, destin\u00e9e aux femmes \u00e0 la recherche d&#8217;un loisir de pleine nature, permet au public f\u00e9minin de d\u00e9couvrir la p\u00eache \u00e0 un co\u00fbt attrayant.<\/p>\n<p>Valable tout l&#8217;ann\u00e9e, elle permet de p\u00eacher en\u00a01\u00e8re et 2\u00e8me cat\u00e9gorie, \u00e0 une seule ligne et \u00a0avec tous les modes de p\u00eache autoris\u00e9s.<\/td>\n<\/tr>\n<tr>\n<td>\u00a0<span style=\"font-size: 16px;\"><strong>Carte personne mineure : 21 \u20ac<\/strong><\/span><\/td>\n<td>\u00a0Cette carte annuelle s&#8217;adresse \u00e0 tous les jeunes de moins de 18 ans (au 1er janvier de l&#8217;ann\u00e9e en cours). Parfaite pour rendre la p\u00eache accessible au jeune public, \u00a0elle est valable toute l&#8217;ann\u00e9e, \u00a0en\u00a01\u00e8re et 2\u00e8me cat\u00e9gorie, avec tous les modes de p\u00eache autoris\u00e9s.<\/td>\n<\/tr>\n<tr>\n<td>\u00a0<span style=\"font-size: 16px;\"><strong>Carte d\u00e9couverte &#8211; 12 ans\u00a0: 6\u00a0\u20ac<\/strong><\/span><\/td>\n<td>\u00a0\u00a0Cette carte annuelle s&#8217;adresse \u00e0 tous les jeunes de moins de 12 ans (au 1er janvier de l&#8217;ann\u00e9e en cours). Parfaite pour d\u00e9couvrir le loisir de\u00a0p\u00eache en famille ou dans les Ateliers P\u00eache Nature, elle permet aux plus petits de pratiquer \u00a0en\u00a01\u00e8re et 2\u00e8me cat\u00e9gorie \u00e0 une seule ligne\u00a0et avec tous les modes de p\u00eache autoris\u00e9s.<\/p>\n<p>Elle est valable toute l&#8217;ann\u00e9e,<\/td>\n<\/tr>\n<tr>\n<td>\u00a0<span style=\"font-size: 16px;\"><strong>Carte hebdomadaire : 33 \u20ac<\/strong><\/span><\/td>\n<td>\u00a0Cette ann\u00e9e, c&#8217;est d\u00e9cid\u00e9 vous allez p\u00eacher pendant vos vacances !<\/p>\n<p>Cette carte d&#8217;une validit\u00e9 de 7 jours cons\u00e9cutifs vous permet de p\u00eacher pendant une semaine en 1ere ou 2\u00e8me cat\u00e9gorie, avec tous les modes de p\u00eache autoris\u00e9s.<\/p>\n<p>Elle est disponible toute l&#8217;ann\u00e9e.<\/td>\n<\/tr>\n<tr>\n<td><span style=\"font-size: 20px;\">\u00a0<strong>Carte journali\u00e8re\u00a0: 10\u00a0\u20ac<\/strong><\/span><\/td>\n<td>\u00a0Parfaite pour les emplois du temps charg\u00e9s, ou pour les parties de p\u00eache organis\u00e9es \u00e0 la derni\u00e8re minute, cette carte \u00a0permet de p\u00eacher une journ\u00e9e en 1\u00e8re ou 2\u00e8me cat\u00e9gorie, \u00a0avec tous les modes de p\u00eache autoris\u00e9s.<\/td>\n<\/tr>\n<\/tbody>\n<\/table>\n<p>&nbsp;<\/p>\n<p style=\"text-align: center;\"><span style=\"font-size: 20px;\"><strong><span style=\"color: #800000;\"><img fetchpriority=\"high\" decoding=\"async\" class=\"alignnone wp-image-499\" src=\"https:\/\/la-ferte-beauharnais.fr\/wp-content\/uploads\/2017\/03\/etang3-300x225.jpg\" alt=\"\" width=\"635\" height=\"476\" srcset=\"https:\/\/la-ferte-beauharnais.fr\/wp-content\/uploads\/2017\/03\/etang3-300x225.jpg 300w, https:\/\/la-ferte-beauharnais.fr\/wp-content\/uploads\/2017\/03\/etang3-768x576.jpg 768w, https:\/\/la-ferte-beauharnais.fr\/wp-content\/uploads\/2017\/03\/etang3-600x450.jpg 600w, https:\/\/la-ferte-beauharnais.fr\/wp-content\/uploads\/2017\/03\/etang3-200x150.jpg 200w, https:\/\/la-ferte-beauharnais.fr\/wp-content\/uploads\/2017\/03\/etang3-150x113.jpg 150w, https:\/\/la-ferte-beauharnais.fr\/wp-content\/uploads\/2017\/03\/etang3.jpg 800w\" sizes=\"(max-width: 635px) 100vw, 635px\" \/><\/span><\/strong><\/span><\/p>\n<p>&nbsp;<\/p>\n","protected":false},"excerpt":{"rendered":"<p>L&#8217;\u00e9tang de la Fert\u00e9-Beauharnais est g\u00e9r\u00e9 par la F\u00e9d\u00e9ration de p\u00eache du Loir et Cher. Il est situ\u00e9 route de Chaumont. Vous pouvez vous procurer une carte de p\u00eache\u00a0 chez Chris&#8217;Flore \u00e0 Neung sur Beuvron ou sur le site internet: www.cartedepeche.fr. Pas de vente sur place. &nbsp; Points de vente\u2026<\/p>\n<p> <a class=\"continue-reading-link\" href=\"https:\/\/la-ferte-beauharnais.fr\/index.php\/peche\/\"><span>Lire la suite<\/span><i class=\"crycon-right-dir\"><\/i><\/a> <\/p>\n","protected":false},"author":1,"featured_media":0,"parent":0,"menu_order":0,"comment_status":"closed","ping_status":"closed","template":"","meta":{"_exactmetrics_skip_tracking":false,"_exactmetrics_sitenote_active":false,"_exactmetrics_sitenote_note":"","_exactmetrics_sitenote_category":0,"footnotes":""},"class_list":["post-491","page","type-page","status-publish","hentry"],"yoast_head":"<!-- This site is optimized with the Yoast SEO plugin v27.3 - https:\/\/yoast.com\/product\/yoast-seo-wordpress\/ -->\n<title>P\u00eache - Mairie de La Fert\u00e9 Beauharnais - Site officiel de la commune<\/title>\n<meta name=\"robots\" content=\"index, follow, max-snippet:-1, max-image-preview:large, max-video-preview:-1\" \/>\n<link rel=\"canonical\" href=\"https:\/\/la-ferte-beauharnais.fr\/index.php\/peche\/\" \/>\n<meta property=\"og:locale\" content=\"fr_FR\" \/>\n<meta property=\"og:type\" content=\"article\" \/>\n<meta property=\"og:title\" content=\"P\u00eache - Mairie de La Fert\u00e9 Beauharnais - Site officiel de la commune\" \/>\n<meta property=\"og:description\" content=\"L&#8217;\u00e9tang de la Fert\u00e9-Beauharnais est g\u00e9r\u00e9 par la F\u00e9d\u00e9ration de p\u00eache du Loir et Cher. Il est situ\u00e9 route de Chaumont. Vous pouvez vous procurer une carte de p\u00eache\u00a0 chez Chris&#8217;Flore \u00e0 Neung sur Beuvron ou sur le site internet: www.cartedepeche.fr. Pas de vente sur place. &nbsp; Points de vente\u2026 Lire la suite\" \/>\n<meta property=\"og:url\" content=\"https:\/\/la-ferte-beauharnais.fr\/index.php\/peche\/\" \/>\n<meta property=\"og:site_name\" content=\"Mairie de La Fert\u00e9 Beauharnais - Site officiel de la commune\" \/>\n<meta property=\"article:modified_time\" content=\"2022-03-01T13:29:26+00:00\" \/>\n<meta property=\"og:image\" content=\"http:\/\/la-ferte-beauharnais.fr\/wp-content\/uploads\/2017\/03\/etang3-300x225.jpg\" \/>\n<meta name=\"twitter:card\" content=\"summary_large_image\" \/>\n<meta name=\"twitter:label1\" content=\"Dur\u00e9e de lecture estim\u00e9e\" \/>\n\t<meta name=\"twitter:data1\" content=\"3 minutes\" \/>\n<script type=\"application\/ld+json\" class=\"yoast-schema-graph\">{\"@context\":\"https:\\\/\\\/schema.org\",\"@graph\":[{\"@type\":\"WebPage\",\"@id\":\"https:\\\/\\\/la-ferte-beauharnais.fr\\\/index.php\\\/peche\\\/\",\"url\":\"https:\\\/\\\/la-ferte-beauharnais.fr\\\/index.php\\\/peche\\\/\",\"name\":\"P\u00eache - Mairie de La Fert\u00e9 Beauharnais - Site officiel de la commune\",\"isPartOf\":{\"@id\":\"https:\\\/\\\/la-ferte-beauharnais.fr\\\/#website\"},\"primaryImageOfPage\":{\"@id\":\"https:\\\/\\\/la-ferte-beauharnais.fr\\\/index.php\\\/peche\\\/#primaryimage\"},\"image\":{\"@id\":\"https:\\\/\\\/la-ferte-beauharnais.fr\\\/index.php\\\/peche\\\/#primaryimage\"},\"thumbnailUrl\":\"http:\\\/\\\/la-ferte-beauharnais.fr\\\/wp-content\\\/uploads\\\/2017\\\/03\\\/etang3-300x225.jpg\",\"datePublished\":\"2017-03-04T19:19:21+00:00\",\"dateModified\":\"2022-03-01T13:29:26+00:00\",\"breadcrumb\":{\"@id\":\"https:\\\/\\\/la-ferte-beauharnais.fr\\\/index.php\\\/peche\\\/#breadcrumb\"},\"inLanguage\":\"fr-FR\",\"potentialAction\":[{\"@type\":\"ReadAction\",\"target\":[\"https:\\\/\\\/la-ferte-beauharnais.fr\\\/index.php\\\/peche\\\/\"]}]},{\"@type\":\"ImageObject\",\"inLanguage\":\"fr-FR\",\"@id\":\"https:\\\/\\\/la-ferte-beauharnais.fr\\\/index.php\\\/peche\\\/#primaryimage\",\"url\":\"http:\\\/\\\/la-ferte-beauharnais.fr\\\/wp-content\\\/uploads\\\/2017\\\/03\\\/etang3-300x225.jpg\",\"contentUrl\":\"http:\\\/\\\/la-ferte-beauharnais.fr\\\/wp-content\\\/uploads\\\/2017\\\/03\\\/etang3-300x225.jpg\"},{\"@type\":\"BreadcrumbList\",\"@id\":\"https:\\\/\\\/la-ferte-beauharnais.fr\\\/index.php\\\/peche\\\/#breadcrumb\",\"itemListElement\":[{\"@type\":\"ListItem\",\"position\":1,\"name\":\"Accueil\",\"item\":\"https:\\\/\\\/la-ferte-beauharnais.fr\\\/\"},{\"@type\":\"ListItem\",\"position\":2,\"name\":\"P\u00eache\"}]},{\"@type\":\"WebSite\",\"@id\":\"https:\\\/\\\/la-ferte-beauharnais.fr\\\/#website\",\"url\":\"https:\\\/\\\/la-ferte-beauharnais.fr\\\/\",\"name\":\"Mairie de La Fert\u00e9 Beauharnais - Site officiel de la commune\",\"description\":\"Village de Sologne situ\u00e9 entre Orl\u00e9ans et Romorantin-Lanthenay.\",\"potentialAction\":[{\"@type\":\"SearchAction\",\"target\":{\"@type\":\"EntryPoint\",\"urlTemplate\":\"https:\\\/\\\/la-ferte-beauharnais.fr\\\/?s={search_term_string}\"},\"query-input\":{\"@type\":\"PropertyValueSpecification\",\"valueRequired\":true,\"valueName\":\"search_term_string\"}}],\"inLanguage\":\"fr-FR\"}]}<\/script>\n<!-- \/ Yoast SEO plugin. -->","yoast_head_json":{"title":"P\u00eache - Mairie de La Fert\u00e9 Beauharnais - Site officiel de la commune","robots":{"index":"index","follow":"follow","max-snippet":"max-snippet:-1","max-image-preview":"max-image-preview:large","max-video-preview":"max-video-preview:-1"},"canonical":"https:\/\/la-ferte-beauharnais.fr\/index.php\/peche\/","og_locale":"fr_FR","og_type":"article","og_title":"P\u00eache - Mairie de La Fert\u00e9 Beauharnais - Site officiel de la commune","og_description":"L&#8217;\u00e9tang de la Fert\u00e9-Beauharnais est g\u00e9r\u00e9 par la F\u00e9d\u00e9ration de p\u00eache du Loir et Cher. Il est situ\u00e9 route de Chaumont. Vous pouvez vous procurer une carte de p\u00eache\u00a0 chez Chris&#8217;Flore \u00e0 Neung sur Beuvron ou sur le site internet: www.cartedepeche.fr. Pas de vente sur place. &nbsp; Points de vente\u2026 Lire la suite","og_url":"https:\/\/la-ferte-beauharnais.fr\/index.php\/peche\/","og_site_name":"Mairie de La Fert\u00e9 Beauharnais - Site officiel de la commune","article_modified_time":"2022-03-01T13:29:26+00:00","og_image":[{"url":"http:\/\/la-ferte-beauharnais.fr\/wp-content\/uploads\/2017\/03\/etang3-300x225.jpg","type":"","width":"","height":""}],"twitter_card":"summary_large_image","twitter_misc":{"Dur\u00e9e de lecture estim\u00e9e":"3 minutes"},"schema":{"@context":"https:\/\/schema.org","@graph":[{"@type":"WebPage","@id":"https:\/\/la-ferte-beauharnais.fr\/index.php\/peche\/","url":"https:\/\/la-ferte-beauharnais.fr\/index.php\/peche\/","name":"P\u00eache - Mairie de La Fert\u00e9 Beauharnais - Site officiel de la commune","isPartOf":{"@id":"https:\/\/la-ferte-beauharnais.fr\/#website"},"primaryImageOfPage":{"@id":"https:\/\/la-ferte-beauharnais.fr\/index.php\/peche\/#primaryimage"},"image":{"@id":"https:\/\/la-ferte-beauharnais.fr\/index.php\/peche\/#primaryimage"},"thumbnailUrl":"http:\/\/la-ferte-beauharnais.fr\/wp-content\/uploads\/2017\/03\/etang3-300x225.jpg","datePublished":"2017-03-04T19:19:21+00:00","dateModified":"2022-03-01T13:29:26+00:00","breadcrumb":{"@id":"https:\/\/la-ferte-beauharnais.fr\/index.php\/peche\/#breadcrumb"},"inLanguage":"fr-FR","potentialAction":[{"@type":"ReadAction","target":["https:\/\/la-ferte-beauharnais.fr\/index.php\/peche\/"]}]},{"@type":"ImageObject","inLanguage":"fr-FR","@id":"https:\/\/la-ferte-beauharnais.fr\/index.php\/peche\/#primaryimage","url":"http:\/\/la-ferte-beauharnais.fr\/wp-content\/uploads\/2017\/03\/etang3-300x225.jpg","contentUrl":"http:\/\/la-ferte-beauharnais.fr\/wp-content\/uploads\/2017\/03\/etang3-300x225.jpg"},{"@type":"BreadcrumbList","@id":"https:\/\/la-ferte-beauharnais.fr\/index.php\/peche\/#breadcrumb","itemListElement":[{"@type":"ListItem","position":1,"name":"Accueil","item":"https:\/\/la-ferte-beauharnais.fr\/"},{"@type":"ListItem","position":2,"name":"P\u00eache"}]},{"@type":"WebSite","@id":"https:\/\/la-ferte-beauharnais.fr\/#website","url":"https:\/\/la-ferte-beauharnais.fr\/","name":"Mairie de La Fert\u00e9 Beauharnais - Site officiel de la commune","description":"Village de Sologne situ\u00e9 entre Orl\u00e9ans et Romorantin-Lanthenay.","potentialAction":[{"@type":"SearchAction","target":{"@type":"EntryPoint","urlTemplate":"https:\/\/la-ferte-beauharnais.fr\/?s={search_term_string}"},"query-input":{"@type":"PropertyValueSpecification","valueRequired":true,"valueName":"search_term_string"}}],"inLanguage":"fr-FR"}]}},"_links":{"self":[{"href":"https:\/\/la-ferte-beauharnais.fr\/index.php\/wp-json\/wp\/v2\/pages\/491","targetHints":{"allow":["GET"]}}],"collection":[{"href":"https:\/\/la-ferte-beauharnais.fr\/index.php\/wp-json\/wp\/v2\/pages"}],"about":[{"href":"https:\/\/la-ferte-beauharnais.fr\/index.php\/wp-json\/wp\/v2\/types\/page"}],"author":[{"embeddable":true,"href":"https:\/\/la-ferte-beauharnais.fr\/index.php\/wp-json\/wp\/v2\/users\/1"}],"replies":[{"embeddable":true,"href":"https:\/\/la-ferte-beauharnais.fr\/index.php\/wp-json\/wp\/v2\/comments?post=491"}],"version-history":[{"count":15,"href":"https:\/\/la-ferte-beauharnais.fr\/index.php\/wp-json\/wp\/v2\/pages\/491\/revisions"}],"predecessor-version":[{"id":1615,"href":"https:\/\/la-ferte-beauharnais.fr\/index.php\/wp-json\/wp\/v2\/pages\/491\/revisions\/1615"}],"wp:attachment":[{"href":"https:\/\/la-ferte-beauharnais.fr\/index.php\/wp-json\/wp\/v2\/media?parent=491"}],"curies":[{"name":"wp","href":"https:\/\/api.w.org\/{rel}","templated":true}]}}