{"id":57,"date":"2017-01-30T18:14:54","date_gmt":"2017-01-30T17:14:54","guid":{"rendered":"http:\/\/la-ferte-beauharnais.fr\/?page_id=57"},"modified":"2025-10-23T11:28:24","modified_gmt":"2025-10-23T09:28:24","slug":"secretariat-de-mairie","status":"publish","type":"page","link":"https:\/\/la-ferte-beauharnais.fr\/index.php\/secretariat-de-mairie\/","title":{"rendered":"Secr\u00e9tariat de mairie"},"content":{"rendered":"<p><span style=\"font-family: 'Source Sans Pro';\"><strong>Kim NIVAULT<\/strong> &#8211; Secr\u00e9taire g\u00e9n\u00e9rale de mairie<\/span><span style=\"font-family: 'Source Sans Pro';\"> &#8211;\u00a0 vous accueille et vous renseigne.<\/span><\/p>\n<p><span style=\"font-size: 14pt; color: #cb5920;\"><strong>Le secr\u00e9tariat\u00a0est ouvert\u00a0le :<\/strong><\/span><\/p>\n<hr \/>\n<p><!--\n\n\n<p style=\"text-align: center;\"><span style=\"color: #ff0000;\"><strong>------------------------------------------- ATTENTION CONG\u00c9S D\u2019\u00c9T\u00c9 \u00a0-------------------------------------------<\/strong><\/span><\/p>\n\n\n\n\n<p style=\"text-align: center;\"><strong><u>Fermeture mairie\u00a0:<\/u><\/strong><\/p>\n\n\n\n\n<p style=\"text-align: center;\">Mercredis \u00a027 juillet et 3 aout<\/p>\n\n\n\n\n<p style=\"text-align: center;\"><span style=\"text-decoration: underline;\"><strong>Permanence du 06 au 28 aout\u00a0<\/strong><\/span><u>\u00a0:<\/u><\/p>\n\n\n\n\n<p style=\"text-align: center;\">Lundi 08 \u00a0\u00a0\u00a0\u00a0\u00a0\u00a0\u00a0\u00a0\u00a0\u00a0\u00a0\u00a0\u00a0\u00a0\u00a0\u00a0\u00a0\u00a0\u00a0\u00a0 de 10h \u00e0 12h<\/p>\n\n\n\n\n<p style=\"text-align: center;\">Mercredi 10\u00a0\u00a0\u00a0\u00a0\u00a0\u00a0\u00a0\u00a0\u00a0\u00a0\u00a0\u00a0\u00a0\u00a0\u00a0\u00a0\u00a0\u00a0 de 10h \u00e0 12h<\/p>\n\n\n\n\n<p style=\"text-align: center;\">Vendredi 12 \u00a0\u00a0\u00a0\u00a0 \u00a0\u00a0\u00a0\u00a0\u00a0\u00a0\u00a0\u00a0\u00a0\u00a0\u00a0 de 14h \u00e0 16h<\/p>\n\n\n\n\n<p style=\"text-align: center;\">Mercredi 17 \u00a0\u00a0\u00a0\u00a0\u00a0 \u00a0\u00a0\u00a0\u00a0\u00a0\u00a0\u00a0\u00a0\u00a0\u00a0\u00a0 de 10h \u00e0 12h<\/p>\n\n\n\n\n<p style=\"text-align: center;\">Vendredi 19 \u00a0\u00a0\u00a0\u00a0 \u00a0\u00a0\u00a0\u00a0\u00a0\u00a0\u00a0\u00a0\u00a0\u00a0\u00a0 de 14h \u00e0 16h<\/p>\n\n\n\n\n<p style=\"text-align: center;\">Ferm\u00e9e du 22 au 28 aout<\/p>\n\n\n\n\n<p style=\"text-align: center;\"><strong><span style=\"color: #ff0000;\">---------------------------------------------------------------------------------------------------------------------------------<\/span><\/strong><\/p>\n\n\n--><\/p>\n<p><center><strong>Lundi : 15h00 \u2013 17h30<br \/>\nMardi : 09h00 \u2013 12h00<br \/>\n<\/strong><strong>Mercredi : Ferm\u00e9<br \/>\nJeudi : Ferm\u00e9<br \/>\n<\/strong><strong>Vendredi : 14h00 \u2013 16h30<\/strong><\/center>Vous d\u00e9sirez des documents ou faire des recherches g\u00e9n\u00e9alogiques : nous vous conseillons de prendre rendez-vous.<\/p>\n<p><center><\/center><a name=\"contact\"><\/a><\/p>\n<p>&nbsp;<\/p>\n<p><span style=\"color: #cb5920; font-size: 14pt;\"><strong>Coordonn\u00e9es et contact :\u00a0<\/strong><\/span><\/p>\n<hr \/>\n<p><center><strong>Mairie de La Fert\u00e9 Beauharnais <\/strong><\/center><center><strong>350 rue du G\u00e9n\u00e9ral Alexandre de Beauharnais\u00a0 <\/strong><\/center><center><strong>41210 La Fert\u00e9-Beauharnais\u00a0<\/strong><\/center><center><strong>T\u00e9l : 02.54.83.60.74<\/strong><\/center><center><\/center><center><strong>E-mail :\u00a0<a href=\"mailto:lafertebeauharnais@orange.fr\"> lafertebeauharnais@orange.fr<\/a><\/strong><\/center><center><\/center><center><a href=\"https:\/\/www.facebook.com\/pages\/La-Fert%C3%A9-Beauharnais\/107922629229102?rf=103079123066029\" target=\"_blank\" rel=\"noopener noreferrer\"><img decoding=\"async\" class=\"alignnone wp-image-62\" title=\"Rejoignez-nous sur Facebook\" src=\"https:\/\/la-ferte-beauharnais.fr\/wp-content\/uploads\/2017\/01\/logo-facebook-300x86.jpg\" width=\"181\" height=\"52\" srcset=\"https:\/\/la-ferte-beauharnais.fr\/wp-content\/uploads\/2017\/01\/logo-facebook-300x86.jpg 300w, https:\/\/la-ferte-beauharnais.fr\/wp-content\/uploads\/2017\/01\/logo-facebook-250x72.jpg 250w, https:\/\/la-ferte-beauharnais.fr\/wp-content\/uploads\/2017\/01\/logo-facebook-150x43.jpg 150w, https:\/\/la-ferte-beauharnais.fr\/wp-content\/uploads\/2017\/01\/logo-facebook.jpg 418w\" sizes=\"(max-width: 181px) 100vw, 181px\" \/><\/a><\/center>&nbsp;<\/p>\n<p>&nbsp;<\/p>\n<p>Le secr\u00e9tariat se tient \u00e0 votre disposition pendant les heures d&#8217;ouvertures pour tous renseignements concernant la vie de la commune et bien s\u00fbr pour toutes vos d\u00e9marches administratives (inscription sur les listes \u00e9lectorales, mariages&#8230;).<\/p>\n<p>Retrouvez aussi de nombreuses informations pratiques et touristiques pour faciliter votre vie ou votre s\u00e9jour sur la commune.<\/p>\n<p>&nbsp;<\/p>\n","protected":false},"excerpt":{"rendered":"<p>Kim NIVAULT &#8211; Secr\u00e9taire g\u00e9n\u00e9rale de mairie &#8211;\u00a0 vous accueille et vous renseigne. Le secr\u00e9tariat\u00a0est ouvert\u00a0le : Lundi : 15h00 \u2013 17h30 Mardi : 09h00 \u2013 12h00 Mercredi : Ferm\u00e9 Jeudi : Ferm\u00e9 Vendredi : 14h00 \u2013 16h30Vous d\u00e9sirez des documents ou faire des recherches g\u00e9n\u00e9alogiques : nous vous conseillons\u2026<\/p>\n<p> <a class=\"continue-reading-link\" href=\"https:\/\/la-ferte-beauharnais.fr\/index.php\/secretariat-de-mairie\/\"><span>Lire la suite<\/span><i class=\"crycon-right-dir\"><\/i><\/a> <\/p>\n","protected":false},"author":1,"featured_media":0,"parent":0,"menu_order":0,"comment_status":"closed","ping_status":"closed","template":"","meta":{"_exactmetrics_skip_tracking":false,"_exactmetrics_sitenote_active":false,"_exactmetrics_sitenote_note":"","_exactmetrics_sitenote_category":0,"footnotes":""},"class_list":["post-57","page","type-page","status-publish","hentry"],"yoast_head":"<!-- This site is optimized with the Yoast SEO plugin v27.3 - https:\/\/yoast.com\/product\/yoast-seo-wordpress\/ -->\n<title>Secr\u00e9tariat de mairie - Mairie de La Fert\u00e9 Beauharnais - Site officiel de la commune<\/title>\n<meta name=\"robots\" content=\"index, follow, max-snippet:-1, max-image-preview:large, max-video-preview:-1\" \/>\n<link rel=\"canonical\" href=\"https:\/\/la-ferte-beauharnais.fr\/index.php\/secretariat-de-mairie\/\" \/>\n<meta property=\"og:locale\" content=\"fr_FR\" \/>\n<meta property=\"og:type\" content=\"article\" \/>\n<meta property=\"og:title\" content=\"Secr\u00e9tariat de mairie - Mairie de La Fert\u00e9 Beauharnais - Site officiel de la commune\" \/>\n<meta property=\"og:description\" content=\"Kim NIVAULT &#8211; Secr\u00e9taire g\u00e9n\u00e9rale de mairie &#8211;\u00a0 vous accueille et vous renseigne. Le secr\u00e9tariat\u00a0est ouvert\u00a0le : Lundi : 15h00 \u2013 17h30 Mardi : 09h00 \u2013 12h00 Mercredi : Ferm\u00e9 Jeudi : Ferm\u00e9 Vendredi : 14h00 \u2013 16h30Vous d\u00e9sirez des documents ou faire des recherches g\u00e9n\u00e9alogiques : nous vous conseillons\u2026 Lire la suite\" \/>\n<meta property=\"og:url\" content=\"https:\/\/la-ferte-beauharnais.fr\/index.php\/secretariat-de-mairie\/\" \/>\n<meta property=\"og:site_name\" content=\"Mairie de La Fert\u00e9 Beauharnais - Site officiel de la commune\" \/>\n<meta property=\"article:modified_time\" content=\"2025-10-23T09:28:24+00:00\" \/>\n<meta property=\"og:image\" content=\"http:\/\/la-ferte-beauharnais.fr\/wp-content\/uploads\/2017\/01\/logo-facebook-300x86.jpg\" \/>\n<meta name=\"twitter:card\" content=\"summary_large_image\" \/>\n<meta name=\"twitter:label1\" content=\"Dur\u00e9e de lecture estim\u00e9e\" \/>\n\t<meta name=\"twitter:data1\" content=\"1 minute\" \/>\n<script type=\"application\/ld+json\" class=\"yoast-schema-graph\">{\"@context\":\"https:\\\/\\\/schema.org\",\"@graph\":[{\"@type\":\"WebPage\",\"@id\":\"https:\\\/\\\/la-ferte-beauharnais.fr\\\/index.php\\\/secretariat-de-mairie\\\/\",\"url\":\"https:\\\/\\\/la-ferte-beauharnais.fr\\\/index.php\\\/secretariat-de-mairie\\\/\",\"name\":\"Secr\u00e9tariat de mairie - Mairie de La Fert\u00e9 Beauharnais - Site officiel de la commune\",\"isPartOf\":{\"@id\":\"https:\\\/\\\/la-ferte-beauharnais.fr\\\/#website\"},\"primaryImageOfPage\":{\"@id\":\"https:\\\/\\\/la-ferte-beauharnais.fr\\\/index.php\\\/secretariat-de-mairie\\\/#primaryimage\"},\"image\":{\"@id\":\"https:\\\/\\\/la-ferte-beauharnais.fr\\\/index.php\\\/secretariat-de-mairie\\\/#primaryimage\"},\"thumbnailUrl\":\"http:\\\/\\\/la-ferte-beauharnais.fr\\\/wp-content\\\/uploads\\\/2017\\\/01\\\/logo-facebook-300x86.jpg\",\"datePublished\":\"2017-01-30T17:14:54+00:00\",\"dateModified\":\"2025-10-23T09:28:24+00:00\",\"breadcrumb\":{\"@id\":\"https:\\\/\\\/la-ferte-beauharnais.fr\\\/index.php\\\/secretariat-de-mairie\\\/#breadcrumb\"},\"inLanguage\":\"fr-FR\",\"potentialAction\":[{\"@type\":\"ReadAction\",\"target\":[\"https:\\\/\\\/la-ferte-beauharnais.fr\\\/index.php\\\/secretariat-de-mairie\\\/\"]}]},{\"@type\":\"ImageObject\",\"inLanguage\":\"fr-FR\",\"@id\":\"https:\\\/\\\/la-ferte-beauharnais.fr\\\/index.php\\\/secretariat-de-mairie\\\/#primaryimage\",\"url\":\"http:\\\/\\\/la-ferte-beauharnais.fr\\\/wp-content\\\/uploads\\\/2017\\\/01\\\/logo-facebook-300x86.jpg\",\"contentUrl\":\"http:\\\/\\\/la-ferte-beauharnais.fr\\\/wp-content\\\/uploads\\\/2017\\\/01\\\/logo-facebook-300x86.jpg\"},{\"@type\":\"BreadcrumbList\",\"@id\":\"https:\\\/\\\/la-ferte-beauharnais.fr\\\/index.php\\\/secretariat-de-mairie\\\/#breadcrumb\",\"itemListElement\":[{\"@type\":\"ListItem\",\"position\":1,\"name\":\"Accueil\",\"item\":\"https:\\\/\\\/la-ferte-beauharnais.fr\\\/\"},{\"@type\":\"ListItem\",\"position\":2,\"name\":\"Secr\u00e9tariat de mairie\"}]},{\"@type\":\"WebSite\",\"@id\":\"https:\\\/\\\/la-ferte-beauharnais.fr\\\/#website\",\"url\":\"https:\\\/\\\/la-ferte-beauharnais.fr\\\/\",\"name\":\"Mairie de La Fert\u00e9 Beauharnais - Site officiel de la commune\",\"description\":\"Village de Sologne situ\u00e9 entre Orl\u00e9ans et Romorantin-Lanthenay.\",\"potentialAction\":[{\"@type\":\"SearchAction\",\"target\":{\"@type\":\"EntryPoint\",\"urlTemplate\":\"https:\\\/\\\/la-ferte-beauharnais.fr\\\/?s={search_term_string}\"},\"query-input\":{\"@type\":\"PropertyValueSpecification\",\"valueRequired\":true,\"valueName\":\"search_term_string\"}}],\"inLanguage\":\"fr-FR\"}]}<\/script>\n<!-- \/ Yoast SEO plugin. -->","yoast_head_json":{"title":"Secr\u00e9tariat de mairie - Mairie de La Fert\u00e9 Beauharnais - Site officiel de la commune","robots":{"index":"index","follow":"follow","max-snippet":"max-snippet:-1","max-image-preview":"max-image-preview:large","max-video-preview":"max-video-preview:-1"},"canonical":"https:\/\/la-ferte-beauharnais.fr\/index.php\/secretariat-de-mairie\/","og_locale":"fr_FR","og_type":"article","og_title":"Secr\u00e9tariat de mairie - Mairie de La Fert\u00e9 Beauharnais - Site officiel de la commune","og_description":"Kim NIVAULT &#8211; Secr\u00e9taire g\u00e9n\u00e9rale de mairie &#8211;\u00a0 vous accueille et vous renseigne. Le secr\u00e9tariat\u00a0est ouvert\u00a0le : Lundi : 15h00 \u2013 17h30 Mardi : 09h00 \u2013 12h00 Mercredi : Ferm\u00e9 Jeudi : Ferm\u00e9 Vendredi : 14h00 \u2013 16h30Vous d\u00e9sirez des documents ou faire des recherches g\u00e9n\u00e9alogiques : nous vous conseillons\u2026 Lire la suite","og_url":"https:\/\/la-ferte-beauharnais.fr\/index.php\/secretariat-de-mairie\/","og_site_name":"Mairie de La Fert\u00e9 Beauharnais - Site officiel de la commune","article_modified_time":"2025-10-23T09:28:24+00:00","og_image":[{"url":"http:\/\/la-ferte-beauharnais.fr\/wp-content\/uploads\/2017\/01\/logo-facebook-300x86.jpg","type":"","width":"","height":""}],"twitter_card":"summary_large_image","twitter_misc":{"Dur\u00e9e de lecture estim\u00e9e":"1 minute"},"schema":{"@context":"https:\/\/schema.org","@graph":[{"@type":"WebPage","@id":"https:\/\/la-ferte-beauharnais.fr\/index.php\/secretariat-de-mairie\/","url":"https:\/\/la-ferte-beauharnais.fr\/index.php\/secretariat-de-mairie\/","name":"Secr\u00e9tariat de mairie - Mairie de La Fert\u00e9 Beauharnais - Site officiel de la commune","isPartOf":{"@id":"https:\/\/la-ferte-beauharnais.fr\/#website"},"primaryImageOfPage":{"@id":"https:\/\/la-ferte-beauharnais.fr\/index.php\/secretariat-de-mairie\/#primaryimage"},"image":{"@id":"https:\/\/la-ferte-beauharnais.fr\/index.php\/secretariat-de-mairie\/#primaryimage"},"thumbnailUrl":"http:\/\/la-ferte-beauharnais.fr\/wp-content\/uploads\/2017\/01\/logo-facebook-300x86.jpg","datePublished":"2017-01-30T17:14:54+00:00","dateModified":"2025-10-23T09:28:24+00:00","breadcrumb":{"@id":"https:\/\/la-ferte-beauharnais.fr\/index.php\/secretariat-de-mairie\/#breadcrumb"},"inLanguage":"fr-FR","potentialAction":[{"@type":"ReadAction","target":["https:\/\/la-ferte-beauharnais.fr\/index.php\/secretariat-de-mairie\/"]}]},{"@type":"ImageObject","inLanguage":"fr-FR","@id":"https:\/\/la-ferte-beauharnais.fr\/index.php\/secretariat-de-mairie\/#primaryimage","url":"http:\/\/la-ferte-beauharnais.fr\/wp-content\/uploads\/2017\/01\/logo-facebook-300x86.jpg","contentUrl":"http:\/\/la-ferte-beauharnais.fr\/wp-content\/uploads\/2017\/01\/logo-facebook-300x86.jpg"},{"@type":"BreadcrumbList","@id":"https:\/\/la-ferte-beauharnais.fr\/index.php\/secretariat-de-mairie\/#breadcrumb","itemListElement":[{"@type":"ListItem","position":1,"name":"Accueil","item":"https:\/\/la-ferte-beauharnais.fr\/"},{"@type":"ListItem","position":2,"name":"Secr\u00e9tariat de mairie"}]},{"@type":"WebSite","@id":"https:\/\/la-ferte-beauharnais.fr\/#website","url":"https:\/\/la-ferte-beauharnais.fr\/","name":"Mairie de La Fert\u00e9 Beauharnais - Site officiel de la commune","description":"Village de Sologne situ\u00e9 entre Orl\u00e9ans et Romorantin-Lanthenay.","potentialAction":[{"@type":"SearchAction","target":{"@type":"EntryPoint","urlTemplate":"https:\/\/la-ferte-beauharnais.fr\/?s={search_term_string}"},"query-input":{"@type":"PropertyValueSpecification","valueRequired":true,"valueName":"search_term_string"}}],"inLanguage":"fr-FR"}]}},"_links":{"self":[{"href":"https:\/\/la-ferte-beauharnais.fr\/index.php\/wp-json\/wp\/v2\/pages\/57","targetHints":{"allow":["GET"]}}],"collection":[{"href":"https:\/\/la-ferte-beauharnais.fr\/index.php\/wp-json\/wp\/v2\/pages"}],"about":[{"href":"https:\/\/la-ferte-beauharnais.fr\/index.php\/wp-json\/wp\/v2\/types\/page"}],"author":[{"embeddable":true,"href":"https:\/\/la-ferte-beauharnais.fr\/index.php\/wp-json\/wp\/v2\/users\/1"}],"replies":[{"embeddable":true,"href":"https:\/\/la-ferte-beauharnais.fr\/index.php\/wp-json\/wp\/v2\/comments?post=57"}],"version-history":[{"count":25,"href":"https:\/\/la-ferte-beauharnais.fr\/index.php\/wp-json\/wp\/v2\/pages\/57\/revisions"}],"predecessor-version":[{"id":2088,"href":"https:\/\/la-ferte-beauharnais.fr\/index.php\/wp-json\/wp\/v2\/pages\/57\/revisions\/2088"}],"wp:attachment":[{"href":"https:\/\/la-ferte-beauharnais.fr\/index.php\/wp-json\/wp\/v2\/media?parent=57"}],"curies":[{"name":"wp","href":"https:\/\/api.w.org\/{rel}","templated":true}]}}