{"id":678,"date":"2017-09-02T17:23:20","date_gmt":"2017-09-02T15:23:20","guid":{"rendered":"http:\/\/la-ferte-beauharnais.fr\/?page_id=678"},"modified":"2024-08-05T20:12:14","modified_gmt":"2024-08-05T18:12:14","slug":"loisirs","status":"publish","type":"page","link":"https:\/\/la-ferte-beauharnais.fr\/index.php\/loisirs\/","title":{"rendered":"Loisirs"},"content":{"rendered":"\t\t<div data-elementor-type=\"wp-page\" data-elementor-id=\"678\" class=\"elementor elementor-678\" data-elementor-post-type=\"page\">\n\t\t\t\t\t\t<section class=\"elementor-section elementor-top-section elementor-element elementor-element-b7e7f2b elementor-section-boxed elementor-section-height-default elementor-section-height-default\" data-id=\"b7e7f2b\" data-element_type=\"section\" data-e-type=\"section\">\n\t\t\t\t\t\t<div class=\"elementor-container elementor-column-gap-default\">\n\t\t\t\t\t<div class=\"elementor-column elementor-col-100 elementor-top-column elementor-element elementor-element-caf65ac\" data-id=\"caf65ac\" data-element_type=\"column\" data-e-type=\"column\">\n\t\t\t<div class=\"elementor-widget-wrap elementor-element-populated\">\n\t\t\t\t\t\t<section class=\"elementor-section elementor-inner-section elementor-element elementor-element-1e83f6c elementor-section-boxed elementor-section-height-default elementor-section-height-default\" data-id=\"1e83f6c\" data-element_type=\"section\" data-e-type=\"section\">\n\t\t\t\t\t\t<div class=\"elementor-container elementor-column-gap-default\">\n\t\t\t\t\t<div class=\"elementor-column elementor-col-50 elementor-inner-column elementor-element elementor-element-a0a658e\" data-id=\"a0a658e\" data-element_type=\"column\" data-e-type=\"column\">\n\t\t\t<div class=\"elementor-widget-wrap elementor-element-populated\">\n\t\t\t\t\t\t<div class=\"elementor-element elementor-element-5ad441c elementor-widget elementor-widget-image\" data-id=\"5ad441c\" data-element_type=\"widget\" data-e-type=\"widget\" data-widget_type=\"image.default\">\n\t\t\t\t<div class=\"elementor-widget-container\">\n\t\t\t\t\t\t\t\t\t\t\t\t\t\t\t\t<a href=\"https:\/\/la-ferte-beauharnais.fr\/wp-content\/uploads\/2024\/08\/Guide-Touristique-Sologne-des-Etangs_Juin-2024-1.pdf\" target=\"_blank\">\n\t\t\t\t\t\t\t<img fetchpriority=\"high\" decoding=\"async\" width=\"500\" height=\"712\" src=\"https:\/\/la-ferte-beauharnais.fr\/wp-content\/uploads\/2024\/08\/Gite-de-la-taille-des-champs_Sologne-insolite_small.jpg\" class=\"attachment-large size-large wp-image-2065\" alt=\"\" srcset=\"https:\/\/la-ferte-beauharnais.fr\/wp-content\/uploads\/2024\/08\/Gite-de-la-taille-des-champs_Sologne-insolite_small.jpg 500w, https:\/\/la-ferte-beauharnais.fr\/wp-content\/uploads\/2024\/08\/Gite-de-la-taille-des-champs_Sologne-insolite_small-211x300.jpg 211w, https:\/\/la-ferte-beauharnais.fr\/wp-content\/uploads\/2024\/08\/Gite-de-la-taille-des-champs_Sologne-insolite_small-105x150.jpg 105w\" sizes=\"(max-width: 500px) 100vw, 500px\" \/>\t\t\t\t\t\t\t\t<\/a>\n\t\t\t\t\t\t\t\t\t\t\t\t\t\t\t<\/div>\n\t\t\t\t<\/div>\n\t\t\t\t\t<\/div>\n\t\t<\/div>\n\t\t\t\t<div class=\"elementor-column elementor-col-50 elementor-inner-column elementor-element elementor-element-1cc081c\" data-id=\"1cc081c\" data-element_type=\"column\" data-e-type=\"column\">\n\t\t\t<div class=\"elementor-widget-wrap elementor-element-populated\">\n\t\t\t\t\t\t<div class=\"elementor-element elementor-element-694b645 elementor-widget elementor-widget-heading\" data-id=\"694b645\" data-element_type=\"widget\" data-e-type=\"widget\" data-widget_type=\"heading.default\">\n\t\t\t\t<div class=\"elementor-widget-container\">\n\t\t\t\t\t<h2 class=\"elementor-heading-title elementor-size-default\">Id\u00e9es de sorties<\/h2>\t\t\t\t<\/div>\n\t\t\t\t<\/div>\n\t\t\t\t<div class=\"elementor-element elementor-element-504bc24 elementor-widget-divider--view-line elementor-widget elementor-widget-divider\" data-id=\"504bc24\" data-element_type=\"widget\" data-e-type=\"widget\" data-widget_type=\"divider.default\">\n\t\t\t\t<div class=\"elementor-widget-container\">\n\t\t\t\t\t\t\t<div class=\"elementor-divider\">\n\t\t\t<span class=\"elementor-divider-separator\">\n\t\t\t\t\t\t<\/span>\n\t\t<\/div>\n\t\t\t\t\t\t<\/div>\n\t\t\t\t<\/div>\n\t\t\t\t<div class=\"elementor-element elementor-element-5b5fb8c elementor-widget elementor-widget-text-editor\" data-id=\"5b5fb8c\" data-element_type=\"widget\" data-e-type=\"widget\" data-widget_type=\"text-editor.default\">\n\t\t\t\t<div class=\"elementor-widget-container\">\n\t\t\t\t\t\t\t\t\t<p>Visiter, d\u00e9couvrir, d\u00e9guster\u2026 T\u00e9l\u00e9chargez le guide des incontournables \u00e0 faire et \u00e0 voir dans la communaut\u00e9 de commune et alentours&#8230;<\/p>\t\t\t\t\t\t\t\t<\/div>\n\t\t\t\t<\/div>\n\t\t\t\t\t<\/div>\n\t\t<\/div>\n\t\t\t\t\t<\/div>\n\t\t<\/section>\n\t\t\t\t\t<\/div>\n\t\t<\/div>\n\t\t\t\t\t<\/div>\n\t\t<\/section>\n\t\t\t\t<section class=\"elementor-section elementor-top-section elementor-element elementor-element-3d27444 elementor-section-boxed elementor-section-height-default elementor-section-height-default\" data-id=\"3d27444\" data-element_type=\"section\" data-e-type=\"section\">\n\t\t\t\t\t\t<div class=\"elementor-container elementor-column-gap-default\">\n\t\t\t\t\t<div class=\"elementor-column elementor-col-100 elementor-top-column elementor-element elementor-element-583868c\" data-id=\"583868c\" data-element_type=\"column\" data-e-type=\"column\">\n\t\t\t<div class=\"elementor-widget-wrap elementor-element-populated\">\n\t\t\t\t\t\t<div class=\"elementor-element elementor-element-90680ff elementor-widget elementor-widget-heading\" data-id=\"90680ff\" data-element_type=\"widget\" data-e-type=\"widget\" data-widget_type=\"heading.default\">\n\t\t\t\t<div class=\"elementor-widget-container\">\n\t\t\t\t\t<h2 class=\"elementor-heading-title elementor-size-default\"> Gymnastique volontaire\u00a0<\/h2>\t\t\t\t<\/div>\n\t\t\t\t<\/div>\n\t\t\t\t<div class=\"elementor-element elementor-element-5fe746e elementor-widget elementor-widget-image\" data-id=\"5fe746e\" data-element_type=\"widget\" data-e-type=\"widget\" data-widget_type=\"image.default\">\n\t\t\t\t<div class=\"elementor-widget-container\">\n\t\t\t\t\t\t\t\t\t\t\t\t\t\t\t\t<a href=\"https:\/\/la-ferte-beauharnais.fr\/wp-content\/uploads\/2023\/01\/20230118130237.pdf\" target=\"_blank\">\n\t\t\t\t\t\t\t<img decoding=\"async\" width=\"900\" height=\"552\" src=\"https:\/\/la-ferte-beauharnais.fr\/wp-content\/uploads\/2023\/01\/gym-1024x628.jpg\" class=\"attachment-large size-large wp-image-1871\" alt=\"\" srcset=\"https:\/\/la-ferte-beauharnais.fr\/wp-content\/uploads\/2023\/01\/gym-1024x628.jpg 1024w, https:\/\/la-ferte-beauharnais.fr\/wp-content\/uploads\/2023\/01\/gym-300x184.jpg 300w, https:\/\/la-ferte-beauharnais.fr\/wp-content\/uploads\/2023\/01\/gym-768x471.jpg 768w, https:\/\/la-ferte-beauharnais.fr\/wp-content\/uploads\/2023\/01\/gym-150x92.jpg 150w, https:\/\/la-ferte-beauharnais.fr\/wp-content\/uploads\/2023\/01\/gym.jpg 1413w\" sizes=\"(max-width: 900px) 100vw, 900px\" \/>\t\t\t\t\t\t\t\t<\/a>\n\t\t\t\t\t\t\t\t\t\t\t\t\t\t\t<\/div>\n\t\t\t\t<\/div>\n\t\t\t\t<div class=\"elementor-element elementor-element-22d28cf elementor-widget-divider--view-line elementor-widget elementor-widget-divider\" data-id=\"22d28cf\" data-element_type=\"widget\" data-e-type=\"widget\" data-widget_type=\"divider.default\">\n\t\t\t\t<div class=\"elementor-widget-container\">\n\t\t\t\t\t\t\t<div class=\"elementor-divider\">\n\t\t\t<span class=\"elementor-divider-separator\">\n\t\t\t\t\t\t<\/span>\n\t\t<\/div>\n\t\t\t\t\t\t<\/div>\n\t\t\t\t<\/div>\n\t\t\t\t\t<\/div>\n\t\t<\/div>\n\t\t\t\t\t<\/div>\n\t\t<\/section>\n\t\t\t\t<section class=\"elementor-section elementor-top-section elementor-element elementor-element-4accf3c elementor-section-boxed elementor-section-height-default elementor-section-height-default\" data-id=\"4accf3c\" data-element_type=\"section\" data-e-type=\"section\">\n\t\t\t\t\t\t<div class=\"elementor-container elementor-column-gap-default\">\n\t\t\t\t\t<div class=\"elementor-column elementor-col-100 elementor-top-column elementor-element elementor-element-63eb0fc\" data-id=\"63eb0fc\" data-element_type=\"column\" data-e-type=\"column\">\n\t\t\t<div class=\"elementor-widget-wrap elementor-element-populated\">\n\t\t\t\t\t\t<div class=\"elementor-element elementor-element-1cc16a6 elementor-widget elementor-widget-text-editor\" data-id=\"1cc16a6\" data-element_type=\"widget\" data-e-type=\"widget\" data-widget_type=\"text-editor.default\">\n\t\t\t\t<div class=\"elementor-widget-container\">\n\t\t\t\t\t\t\t\t\t<p>Retrouvez les autres associations communautaires (Handball, Badminton, Tennis, musique) sur <a href=\"https:\/\/www.sologne-des-etangs.fr\/\">https:\/\/www.sologne-des-etangs.fr\/<\/a> dans l\u2019onglet loisirs.<\/p>\t\t\t\t\t\t\t\t<\/div>\n\t\t\t\t<\/div>\n\t\t\t\t\t<\/div>\n\t\t<\/div>\n\t\t\t\t\t<\/div>\n\t\t<\/section>\n\t\t\t\t<\/div>\n\t\t","protected":false},"excerpt":{"rendered":"<p>Id\u00e9es de sorties Visiter, d\u00e9couvrir, d\u00e9guster\u2026 T\u00e9l\u00e9chargez le guide des incontournables \u00e0 faire et \u00e0 voir dans la communaut\u00e9 de commune et alentours&#8230; Gymnastique volontaire\u00a0 Retrouvez les autres associations communautaires (Handball, Badminton, Tennis, musique) sur https:\/\/www.sologne-des-etangs.fr\/ dans l\u2019onglet loisirs.<\/p>\n<p> <a class=\"continue-reading-link\" href=\"https:\/\/la-ferte-beauharnais.fr\/index.php\/loisirs\/\"><span>Lire la suite<\/span><i class=\"crycon-right-dir\"><\/i><\/a> <\/p>\n","protected":false},"author":1,"featured_media":0,"parent":0,"menu_order":0,"comment_status":"closed","ping_status":"closed","template":"","meta":{"_exactmetrics_skip_tracking":false,"_exactmetrics_sitenote_active":false,"_exactmetrics_sitenote_note":"","_exactmetrics_sitenote_category":0,"footnotes":""},"class_list":["post-678","page","type-page","status-publish","hentry"],"yoast_head":"<!-- This site is optimized with the Yoast SEO plugin v27.3 - https:\/\/yoast.com\/product\/yoast-seo-wordpress\/ -->\n<title>Loisirs - Mairie de La Fert\u00e9 Beauharnais - Site officiel de la commune<\/title>\n<meta name=\"robots\" content=\"index, follow, max-snippet:-1, max-image-preview:large, max-video-preview:-1\" \/>\n<link rel=\"canonical\" href=\"https:\/\/la-ferte-beauharnais.fr\/index.php\/loisirs\/\" \/>\n<meta property=\"og:locale\" content=\"fr_FR\" \/>\n<meta property=\"og:type\" content=\"article\" \/>\n<meta property=\"og:title\" content=\"Loisirs - Mairie de La Fert\u00e9 Beauharnais - Site officiel de la commune\" \/>\n<meta property=\"og:description\" content=\"Id\u00e9es de sorties Visiter, d\u00e9couvrir, d\u00e9guster\u2026 T\u00e9l\u00e9chargez le guide des incontournables \u00e0 faire et \u00e0 voir dans la communaut\u00e9 de commune et alentours&#8230; Gymnastique volontaire\u00a0 Retrouvez les autres associations communautaires (Handball, Badminton, Tennis, musique) sur https:\/\/www.sologne-des-etangs.fr\/ dans l\u2019onglet loisirs. Lire la suite\" \/>\n<meta property=\"og:url\" content=\"https:\/\/la-ferte-beauharnais.fr\/index.php\/loisirs\/\" \/>\n<meta property=\"og:site_name\" content=\"Mairie de La Fert\u00e9 Beauharnais - Site officiel de la commune\" \/>\n<meta property=\"article:modified_time\" content=\"2024-08-05T18:12:14+00:00\" \/>\n<meta property=\"og:image\" content=\"https:\/\/la-ferte-beauharnais.fr\/wp-content\/uploads\/2024\/08\/Gite-de-la-taille-des-champs_Sologne-insolite_small.jpg\" \/>\n<meta name=\"twitter:card\" content=\"summary_large_image\" \/>\n<meta name=\"twitter:label1\" content=\"Dur\u00e9e de lecture estim\u00e9e\" \/>\n\t<meta name=\"twitter:data1\" content=\"1 minute\" \/>\n<script type=\"application\/ld+json\" class=\"yoast-schema-graph\">{\"@context\":\"https:\\\/\\\/schema.org\",\"@graph\":[{\"@type\":\"WebPage\",\"@id\":\"https:\\\/\\\/la-ferte-beauharnais.fr\\\/index.php\\\/loisirs\\\/\",\"url\":\"https:\\\/\\\/la-ferte-beauharnais.fr\\\/index.php\\\/loisirs\\\/\",\"name\":\"Loisirs - Mairie de La Fert\u00e9 Beauharnais - Site officiel de la commune\",\"isPartOf\":{\"@id\":\"https:\\\/\\\/la-ferte-beauharnais.fr\\\/#website\"},\"primaryImageOfPage\":{\"@id\":\"https:\\\/\\\/la-ferte-beauharnais.fr\\\/index.php\\\/loisirs\\\/#primaryimage\"},\"image\":{\"@id\":\"https:\\\/\\\/la-ferte-beauharnais.fr\\\/index.php\\\/loisirs\\\/#primaryimage\"},\"thumbnailUrl\":\"https:\\\/\\\/la-ferte-beauharnais.fr\\\/wp-content\\\/uploads\\\/2024\\\/08\\\/Gite-de-la-taille-des-champs_Sologne-insolite_small.jpg\",\"datePublished\":\"2017-09-02T15:23:20+00:00\",\"dateModified\":\"2024-08-05T18:12:14+00:00\",\"breadcrumb\":{\"@id\":\"https:\\\/\\\/la-ferte-beauharnais.fr\\\/index.php\\\/loisirs\\\/#breadcrumb\"},\"inLanguage\":\"fr-FR\",\"potentialAction\":[{\"@type\":\"ReadAction\",\"target\":[\"https:\\\/\\\/la-ferte-beauharnais.fr\\\/index.php\\\/loisirs\\\/\"]}]},{\"@type\":\"ImageObject\",\"inLanguage\":\"fr-FR\",\"@id\":\"https:\\\/\\\/la-ferte-beauharnais.fr\\\/index.php\\\/loisirs\\\/#primaryimage\",\"url\":\"https:\\\/\\\/la-ferte-beauharnais.fr\\\/wp-content\\\/uploads\\\/2024\\\/08\\\/Gite-de-la-taille-des-champs_Sologne-insolite_small.jpg\",\"contentUrl\":\"https:\\\/\\\/la-ferte-beauharnais.fr\\\/wp-content\\\/uploads\\\/2024\\\/08\\\/Gite-de-la-taille-des-champs_Sologne-insolite_small.jpg\",\"width\":500,\"height\":712},{\"@type\":\"BreadcrumbList\",\"@id\":\"https:\\\/\\\/la-ferte-beauharnais.fr\\\/index.php\\\/loisirs\\\/#breadcrumb\",\"itemListElement\":[{\"@type\":\"ListItem\",\"position\":1,\"name\":\"Accueil\",\"item\":\"https:\\\/\\\/la-ferte-beauharnais.fr\\\/\"},{\"@type\":\"ListItem\",\"position\":2,\"name\":\"Loisirs\"}]},{\"@type\":\"WebSite\",\"@id\":\"https:\\\/\\\/la-ferte-beauharnais.fr\\\/#website\",\"url\":\"https:\\\/\\\/la-ferte-beauharnais.fr\\\/\",\"name\":\"Mairie de La Fert\u00e9 Beauharnais - Site officiel de la commune\",\"description\":\"Village de Sologne situ\u00e9 entre Orl\u00e9ans et Romorantin-Lanthenay.\",\"potentialAction\":[{\"@type\":\"SearchAction\",\"target\":{\"@type\":\"EntryPoint\",\"urlTemplate\":\"https:\\\/\\\/la-ferte-beauharnais.fr\\\/?s={search_term_string}\"},\"query-input\":{\"@type\":\"PropertyValueSpecification\",\"valueRequired\":true,\"valueName\":\"search_term_string\"}}],\"inLanguage\":\"fr-FR\"}]}<\/script>\n<!-- \/ Yoast SEO plugin. -->","yoast_head_json":{"title":"Loisirs - Mairie de La Fert\u00e9 Beauharnais - Site officiel de la commune","robots":{"index":"index","follow":"follow","max-snippet":"max-snippet:-1","max-image-preview":"max-image-preview:large","max-video-preview":"max-video-preview:-1"},"canonical":"https:\/\/la-ferte-beauharnais.fr\/index.php\/loisirs\/","og_locale":"fr_FR","og_type":"article","og_title":"Loisirs - Mairie de La Fert\u00e9 Beauharnais - Site officiel de la commune","og_description":"Id\u00e9es de sorties Visiter, d\u00e9couvrir, d\u00e9guster\u2026 T\u00e9l\u00e9chargez le guide des incontournables \u00e0 faire et \u00e0 voir dans la communaut\u00e9 de commune et alentours&#8230; Gymnastique volontaire\u00a0 Retrouvez les autres associations communautaires (Handball, Badminton, Tennis, musique) sur https:\/\/www.sologne-des-etangs.fr\/ dans l\u2019onglet loisirs. Lire la suite","og_url":"https:\/\/la-ferte-beauharnais.fr\/index.php\/loisirs\/","og_site_name":"Mairie de La Fert\u00e9 Beauharnais - Site officiel de la commune","article_modified_time":"2024-08-05T18:12:14+00:00","og_image":[{"url":"https:\/\/la-ferte-beauharnais.fr\/wp-content\/uploads\/2024\/08\/Gite-de-la-taille-des-champs_Sologne-insolite_small.jpg","type":"","width":"","height":""}],"twitter_card":"summary_large_image","twitter_misc":{"Dur\u00e9e de lecture estim\u00e9e":"1 minute"},"schema":{"@context":"https:\/\/schema.org","@graph":[{"@type":"WebPage","@id":"https:\/\/la-ferte-beauharnais.fr\/index.php\/loisirs\/","url":"https:\/\/la-ferte-beauharnais.fr\/index.php\/loisirs\/","name":"Loisirs - Mairie de La Fert\u00e9 Beauharnais - Site officiel de la commune","isPartOf":{"@id":"https:\/\/la-ferte-beauharnais.fr\/#website"},"primaryImageOfPage":{"@id":"https:\/\/la-ferte-beauharnais.fr\/index.php\/loisirs\/#primaryimage"},"image":{"@id":"https:\/\/la-ferte-beauharnais.fr\/index.php\/loisirs\/#primaryimage"},"thumbnailUrl":"https:\/\/la-ferte-beauharnais.fr\/wp-content\/uploads\/2024\/08\/Gite-de-la-taille-des-champs_Sologne-insolite_small.jpg","datePublished":"2017-09-02T15:23:20+00:00","dateModified":"2024-08-05T18:12:14+00:00","breadcrumb":{"@id":"https:\/\/la-ferte-beauharnais.fr\/index.php\/loisirs\/#breadcrumb"},"inLanguage":"fr-FR","potentialAction":[{"@type":"ReadAction","target":["https:\/\/la-ferte-beauharnais.fr\/index.php\/loisirs\/"]}]},{"@type":"ImageObject","inLanguage":"fr-FR","@id":"https:\/\/la-ferte-beauharnais.fr\/index.php\/loisirs\/#primaryimage","url":"https:\/\/la-ferte-beauharnais.fr\/wp-content\/uploads\/2024\/08\/Gite-de-la-taille-des-champs_Sologne-insolite_small.jpg","contentUrl":"https:\/\/la-ferte-beauharnais.fr\/wp-content\/uploads\/2024\/08\/Gite-de-la-taille-des-champs_Sologne-insolite_small.jpg","width":500,"height":712},{"@type":"BreadcrumbList","@id":"https:\/\/la-ferte-beauharnais.fr\/index.php\/loisirs\/#breadcrumb","itemListElement":[{"@type":"ListItem","position":1,"name":"Accueil","item":"https:\/\/la-ferte-beauharnais.fr\/"},{"@type":"ListItem","position":2,"name":"Loisirs"}]},{"@type":"WebSite","@id":"https:\/\/la-ferte-beauharnais.fr\/#website","url":"https:\/\/la-ferte-beauharnais.fr\/","name":"Mairie de La Fert\u00e9 Beauharnais - Site officiel de la commune","description":"Village de Sologne situ\u00e9 entre Orl\u00e9ans et Romorantin-Lanthenay.","potentialAction":[{"@type":"SearchAction","target":{"@type":"EntryPoint","urlTemplate":"https:\/\/la-ferte-beauharnais.fr\/?s={search_term_string}"},"query-input":{"@type":"PropertyValueSpecification","valueRequired":true,"valueName":"search_term_string"}}],"inLanguage":"fr-FR"}]}},"_links":{"self":[{"href":"https:\/\/la-ferte-beauharnais.fr\/index.php\/wp-json\/wp\/v2\/pages\/678","targetHints":{"allow":["GET"]}}],"collection":[{"href":"https:\/\/la-ferte-beauharnais.fr\/index.php\/wp-json\/wp\/v2\/pages"}],"about":[{"href":"https:\/\/la-ferte-beauharnais.fr\/index.php\/wp-json\/wp\/v2\/types\/page"}],"author":[{"embeddable":true,"href":"https:\/\/la-ferte-beauharnais.fr\/index.php\/wp-json\/wp\/v2\/users\/1"}],"replies":[{"embeddable":true,"href":"https:\/\/la-ferte-beauharnais.fr\/index.php\/wp-json\/wp\/v2\/comments?post=678"}],"version-history":[{"count":22,"href":"https:\/\/la-ferte-beauharnais.fr\/index.php\/wp-json\/wp\/v2\/pages\/678\/revisions"}],"predecessor-version":[{"id":2068,"href":"https:\/\/la-ferte-beauharnais.fr\/index.php\/wp-json\/wp\/v2\/pages\/678\/revisions\/2068"}],"wp:attachment":[{"href":"https:\/\/la-ferte-beauharnais.fr\/index.php\/wp-json\/wp\/v2\/media?parent=678"}],"curies":[{"name":"wp","href":"https:\/\/api.w.org\/{rel}","templated":true}]}}