{"id":739,"date":"2018-01-30T10:05:58","date_gmt":"2018-01-30T09:05:58","guid":{"rendered":"http:\/\/la-ferte-beauharnais.fr\/?page_id=739"},"modified":"2018-01-30T10:16:25","modified_gmt":"2018-01-30T09:16:25","slug":"transports","status":"publish","type":"page","link":"https:\/\/la-ferte-beauharnais.fr\/index.php\/transports\/","title":{"rendered":"Transports"},"content":{"rendered":"<p><a href=\"https:\/\/www.remi-centrevaldeloire.fr\/\" target=\"_blank\" rel=\"noopener\"><img fetchpriority=\"high\" decoding=\"async\" class=\"wp-image-744 size-large aligncenter\" title=\"Acc\u00e9der au site Remi Centre Val de Loire\" src=\"https:\/\/la-ferte-beauharnais.fr\/wp-content\/uploads\/2018\/01\/maquette-R\u00e9mi-small-1024x439.jpg\" alt=\"\" width=\"900\" height=\"386\" srcset=\"https:\/\/la-ferte-beauharnais.fr\/wp-content\/uploads\/2018\/01\/maquette-R\u00e9mi-small-1024x439.jpg 1024w, https:\/\/la-ferte-beauharnais.fr\/wp-content\/uploads\/2018\/01\/maquette-R\u00e9mi-small-300x129.jpg 300w, https:\/\/la-ferte-beauharnais.fr\/wp-content\/uploads\/2018\/01\/maquette-R\u00e9mi-small-768x329.jpg 768w, https:\/\/la-ferte-beauharnais.fr\/wp-content\/uploads\/2018\/01\/maquette-R\u00e9mi-small-250x107.jpg 250w, https:\/\/la-ferte-beauharnais.fr\/wp-content\/uploads\/2018\/01\/maquette-R\u00e9mi-small-150x64.jpg 150w, https:\/\/la-ferte-beauharnais.fr\/wp-content\/uploads\/2018\/01\/maquette-R\u00e9mi-small.jpg 1654w\" sizes=\"(max-width: 900px) 100vw, 900px\" \/><\/a><\/p>\n<p>&nbsp;<\/p>\n<p><strong>A t\u00e9l\u00e9charger :<\/strong><\/p>\n<ul>\n<li><a href=\"https:\/\/la-ferte-beauharnais.fr\/wp-content\/uploads\/2018\/01\/formulaire-de-demande-de-carte-R\u00e9mi-2017-2018.pdf\" target=\"_blank\" rel=\"noopener\">Formulaire de demande de carte Remi<\/a><\/li>\n<li><a href=\"https:\/\/la-ferte-beauharnais.fr\/wp-content\/uploads\/2018\/01\/PLAN_RESEAU_REMI_41_2017.pdf\" target=\"_blank\" rel=\"noopener\">Plan r\u00e9seau Loir et cher<\/a><\/li>\n<li><a href=\"https:\/\/la-ferte-beauharnais.fr\/wp-content\/uploads\/2018\/01\/LIGNE-03-REMI-FICHES-HORAIRES.pdf\" target=\"_blank\" rel=\"noopener\">Fiche horaires ligne 3<\/a><\/li>\n<\/ul>\n<p>&nbsp;<\/p>\n","protected":false},"excerpt":{"rendered":"<p>&nbsp; A t\u00e9l\u00e9charger : Formulaire de demande de carte Remi Plan r\u00e9seau Loir et cher Fiche horaires ligne 3 &nbsp;<\/p>\n<p> <a class=\"continue-reading-link\" href=\"https:\/\/la-ferte-beauharnais.fr\/index.php\/transports\/\"><span>Lire la suite<\/span><i class=\"crycon-right-dir\"><\/i><\/a> <\/p>\n","protected":false},"author":1,"featured_media":0,"parent":0,"menu_order":0,"comment_status":"closed","ping_status":"closed","template":"","meta":{"_exactmetrics_skip_tracking":false,"_exactmetrics_sitenote_active":false,"_exactmetrics_sitenote_note":"","_exactmetrics_sitenote_category":0,"footnotes":""},"class_list":["post-739","page","type-page","status-publish","hentry"],"yoast_head":"<!-- This site is optimized with the Yoast SEO plugin v27.3 - https:\/\/yoast.com\/product\/yoast-seo-wordpress\/ -->\n<title>Transports - Mairie de La Fert\u00e9 Beauharnais - Site officiel de la commune<\/title>\n<meta name=\"robots\" content=\"index, follow, max-snippet:-1, max-image-preview:large, max-video-preview:-1\" \/>\n<link rel=\"canonical\" href=\"https:\/\/la-ferte-beauharnais.fr\/index.php\/transports\/\" \/>\n<meta property=\"og:locale\" content=\"fr_FR\" \/>\n<meta property=\"og:type\" content=\"article\" \/>\n<meta property=\"og:title\" content=\"Transports - Mairie de La Fert\u00e9 Beauharnais - Site officiel de la commune\" \/>\n<meta property=\"og:description\" content=\"&nbsp; A t\u00e9l\u00e9charger : Formulaire de demande de carte Remi Plan r\u00e9seau Loir et cher Fiche horaires ligne 3 &nbsp; Lire la suite\" \/>\n<meta property=\"og:url\" content=\"https:\/\/la-ferte-beauharnais.fr\/index.php\/transports\/\" \/>\n<meta property=\"og:site_name\" content=\"Mairie de La Fert\u00e9 Beauharnais - Site officiel de la commune\" \/>\n<meta property=\"article:modified_time\" content=\"2018-01-30T09:16:25+00:00\" \/>\n<meta name=\"twitter:card\" content=\"summary_large_image\" \/>\n<script type=\"application\/ld+json\" class=\"yoast-schema-graph\">{\"@context\":\"https:\\\/\\\/schema.org\",\"@graph\":[{\"@type\":\"WebPage\",\"@id\":\"https:\\\/\\\/la-ferte-beauharnais.fr\\\/index.php\\\/transports\\\/\",\"url\":\"https:\\\/\\\/la-ferte-beauharnais.fr\\\/index.php\\\/transports\\\/\",\"name\":\"Transports - Mairie de La Fert\u00e9 Beauharnais - Site officiel de la commune\",\"isPartOf\":{\"@id\":\"https:\\\/\\\/la-ferte-beauharnais.fr\\\/#website\"},\"datePublished\":\"2018-01-30T09:05:58+00:00\",\"dateModified\":\"2018-01-30T09:16:25+00:00\",\"breadcrumb\":{\"@id\":\"https:\\\/\\\/la-ferte-beauharnais.fr\\\/index.php\\\/transports\\\/#breadcrumb\"},\"inLanguage\":\"fr-FR\",\"potentialAction\":[{\"@type\":\"ReadAction\",\"target\":[\"https:\\\/\\\/la-ferte-beauharnais.fr\\\/index.php\\\/transports\\\/\"]}]},{\"@type\":\"BreadcrumbList\",\"@id\":\"https:\\\/\\\/la-ferte-beauharnais.fr\\\/index.php\\\/transports\\\/#breadcrumb\",\"itemListElement\":[{\"@type\":\"ListItem\",\"position\":1,\"name\":\"Accueil\",\"item\":\"https:\\\/\\\/la-ferte-beauharnais.fr\\\/\"},{\"@type\":\"ListItem\",\"position\":2,\"name\":\"Transports\"}]},{\"@type\":\"WebSite\",\"@id\":\"https:\\\/\\\/la-ferte-beauharnais.fr\\\/#website\",\"url\":\"https:\\\/\\\/la-ferte-beauharnais.fr\\\/\",\"name\":\"Mairie de La Fert\u00e9 Beauharnais - Site officiel de la commune\",\"description\":\"Village de Sologne situ\u00e9 entre Orl\u00e9ans et Romorantin-Lanthenay.\",\"potentialAction\":[{\"@type\":\"SearchAction\",\"target\":{\"@type\":\"EntryPoint\",\"urlTemplate\":\"https:\\\/\\\/la-ferte-beauharnais.fr\\\/?s={search_term_string}\"},\"query-input\":{\"@type\":\"PropertyValueSpecification\",\"valueRequired\":true,\"valueName\":\"search_term_string\"}}],\"inLanguage\":\"fr-FR\"}]}<\/script>\n<!-- \/ Yoast SEO plugin. -->","yoast_head_json":{"title":"Transports - Mairie de La Fert\u00e9 Beauharnais - Site officiel de la commune","robots":{"index":"index","follow":"follow","max-snippet":"max-snippet:-1","max-image-preview":"max-image-preview:large","max-video-preview":"max-video-preview:-1"},"canonical":"https:\/\/la-ferte-beauharnais.fr\/index.php\/transports\/","og_locale":"fr_FR","og_type":"article","og_title":"Transports - Mairie de La Fert\u00e9 Beauharnais - Site officiel de la commune","og_description":"&nbsp; A t\u00e9l\u00e9charger : Formulaire de demande de carte Remi Plan r\u00e9seau Loir et cher Fiche horaires ligne 3 &nbsp; Lire la suite","og_url":"https:\/\/la-ferte-beauharnais.fr\/index.php\/transports\/","og_site_name":"Mairie de La Fert\u00e9 Beauharnais - Site officiel de la commune","article_modified_time":"2018-01-30T09:16:25+00:00","twitter_card":"summary_large_image","schema":{"@context":"https:\/\/schema.org","@graph":[{"@type":"WebPage","@id":"https:\/\/la-ferte-beauharnais.fr\/index.php\/transports\/","url":"https:\/\/la-ferte-beauharnais.fr\/index.php\/transports\/","name":"Transports - Mairie de La Fert\u00e9 Beauharnais - Site officiel de la commune","isPartOf":{"@id":"https:\/\/la-ferte-beauharnais.fr\/#website"},"datePublished":"2018-01-30T09:05:58+00:00","dateModified":"2018-01-30T09:16:25+00:00","breadcrumb":{"@id":"https:\/\/la-ferte-beauharnais.fr\/index.php\/transports\/#breadcrumb"},"inLanguage":"fr-FR","potentialAction":[{"@type":"ReadAction","target":["https:\/\/la-ferte-beauharnais.fr\/index.php\/transports\/"]}]},{"@type":"BreadcrumbList","@id":"https:\/\/la-ferte-beauharnais.fr\/index.php\/transports\/#breadcrumb","itemListElement":[{"@type":"ListItem","position":1,"name":"Accueil","item":"https:\/\/la-ferte-beauharnais.fr\/"},{"@type":"ListItem","position":2,"name":"Transports"}]},{"@type":"WebSite","@id":"https:\/\/la-ferte-beauharnais.fr\/#website","url":"https:\/\/la-ferte-beauharnais.fr\/","name":"Mairie de La Fert\u00e9 Beauharnais - Site officiel de la commune","description":"Village de Sologne situ\u00e9 entre Orl\u00e9ans et Romorantin-Lanthenay.","potentialAction":[{"@type":"SearchAction","target":{"@type":"EntryPoint","urlTemplate":"https:\/\/la-ferte-beauharnais.fr\/?s={search_term_string}"},"query-input":{"@type":"PropertyValueSpecification","valueRequired":true,"valueName":"search_term_string"}}],"inLanguage":"fr-FR"}]}},"_links":{"self":[{"href":"https:\/\/la-ferte-beauharnais.fr\/index.php\/wp-json\/wp\/v2\/pages\/739","targetHints":{"allow":["GET"]}}],"collection":[{"href":"https:\/\/la-ferte-beauharnais.fr\/index.php\/wp-json\/wp\/v2\/pages"}],"about":[{"href":"https:\/\/la-ferte-beauharnais.fr\/index.php\/wp-json\/wp\/v2\/types\/page"}],"author":[{"embeddable":true,"href":"https:\/\/la-ferte-beauharnais.fr\/index.php\/wp-json\/wp\/v2\/users\/1"}],"replies":[{"embeddable":true,"href":"https:\/\/la-ferte-beauharnais.fr\/index.php\/wp-json\/wp\/v2\/comments?post=739"}],"version-history":[{"count":4,"href":"https:\/\/la-ferte-beauharnais.fr\/index.php\/wp-json\/wp\/v2\/pages\/739\/revisions"}],"predecessor-version":[{"id":748,"href":"https:\/\/la-ferte-beauharnais.fr\/index.php\/wp-json\/wp\/v2\/pages\/739\/revisions\/748"}],"wp:attachment":[{"href":"https:\/\/la-ferte-beauharnais.fr\/index.php\/wp-json\/wp\/v2\/media?parent=739"}],"curies":[{"name":"wp","href":"https:\/\/api.w.org\/{rel}","templated":true}]}}