{"id":952,"date":"2019-07-18T14:19:28","date_gmt":"2019-07-18T12:19:28","guid":{"rendered":"http:\/\/la-ferte-beauharnais.fr\/?page_id=952"},"modified":"2019-10-18T20:01:23","modified_gmt":"2019-10-18T18:01:23","slug":"regles-de-voisinage","status":"publish","type":"page","link":"https:\/\/la-ferte-beauharnais.fr\/index.php\/regles-de-voisinage\/","title":{"rendered":"R\u00e8gles de voisinage"},"content":{"rendered":"\t\t<div data-elementor-type=\"wp-page\" data-elementor-id=\"952\" class=\"elementor elementor-952\" data-elementor-post-type=\"page\">\n\t\t\t\t\t\t<section class=\"elementor-section elementor-top-section elementor-element elementor-element-246c641 elementor-section-content-middle elementor-reverse-mobile elementor-section-boxed elementor-section-height-default elementor-section-height-default\" data-id=\"246c641\" data-element_type=\"section\" data-e-type=\"section\">\n\t\t\t\t\t\t<div class=\"elementor-container elementor-column-gap-no\">\n\t\t\t\t\t<div class=\"elementor-column elementor-col-50 elementor-top-column elementor-element elementor-element-786bd22d\" data-id=\"786bd22d\" data-element_type=\"column\" data-e-type=\"column\">\n\t\t\t<div class=\"elementor-widget-wrap elementor-element-populated\">\n\t\t\t\t\t\t<div class=\"elementor-element elementor-element-615af523 elementor-widget elementor-widget-heading\" data-id=\"615af523\" data-element_type=\"widget\" data-e-type=\"widget\" data-widget_type=\"heading.default\">\n\t\t\t\t<div class=\"elementor-widget-container\">\n\t\t\t\t\t<h4 class=\"elementor-heading-title elementor-size-default\">Autorisations en mati\u00e8re de bruits de voisinage<\/h4>\t\t\t\t<\/div>\n\t\t\t\t<\/div>\n\t\t\t\t<div class=\"elementor-element elementor-element-2768341 elementor-widget elementor-widget-text-editor\" data-id=\"2768341\" data-element_type=\"widget\" data-e-type=\"widget\" data-widget_type=\"text-editor.default\">\n\t\t\t\t<div class=\"elementor-widget-container\">\n\t\t\t\t\t\t\t\t\t<p>Les bruits de voisinage sont autoris\u00e9s\u00a0suivant l\u2019arr\u00eat\u00e9 pr\u00e9fectoral du 12\/07\/2017 :<\/p><p>Les jours ouvrables : 8h30-12h00 \/ 14h00-19h00<\/p><p>Samedi : 09h00-12h00 \/ 15h00-19h00<\/p><p>Dimanche et jours f\u00e9ri\u00e9s : 10h00-12h00<\/p>\t\t\t\t\t\t\t\t<\/div>\n\t\t\t\t<\/div>\n\t\t\t\t<div class=\"elementor-element elementor-element-42772a2e elementor-widget elementor-widget-button\" data-id=\"42772a2e\" data-element_type=\"widget\" data-e-type=\"widget\" data-widget_type=\"button.default\">\n\t\t\t\t<div class=\"elementor-widget-container\">\n\t\t\t\t\t\t\t\t\t<div class=\"elementor-button-wrapper\">\n\t\t\t\t\t<a class=\"elementor-button elementor-button-link elementor-size-sm elementor-animation-grow\" href=\"https:\/\/la-ferte-beauharnais.fr\/wp-content\/uploads\/2019\/07\/Arr\u00eat\u00e9-pr\u00e9fectoral-du12-juillet-2017-pr\u00e9vention-et-lutte-contre-les-bruits-de-voisinage.pdf\" target=\"_blank\">\n\t\t\t\t\t\t<span class=\"elementor-button-content-wrapper\">\n\t\t\t\t\t\t\t\t\t<span class=\"elementor-button-text\">Voir l'arr\u00eat\u00e9<\/span>\n\t\t\t\t\t<\/span>\n\t\t\t\t\t<\/a>\n\t\t\t\t<\/div>\n\t\t\t\t\t\t\t\t<\/div>\n\t\t\t\t<\/div>\n\t\t\t\t\t<\/div>\n\t\t<\/div>\n\t\t\t\t<div class=\"elementor-column elementor-col-50 elementor-top-column elementor-element elementor-element-c90c8d0\" data-id=\"c90c8d0\" data-element_type=\"column\" data-e-type=\"column\">\n\t\t\t<div class=\"elementor-widget-wrap elementor-element-populated\">\n\t\t\t\t\t\t<div class=\"elementor-element elementor-element-3bcdca97 elementor-widget elementor-widget-image\" data-id=\"3bcdca97\" data-element_type=\"widget\" data-e-type=\"widget\" data-widget_type=\"image.default\">\n\t\t\t\t<div class=\"elementor-widget-container\">\n\t\t\t\t\t\t\t\t\t\t\t\t\t\t\t<img fetchpriority=\"high\" decoding=\"async\" width=\"336\" height=\"277\" src=\"https:\/\/la-ferte-beauharnais.fr\/wp-content\/uploads\/2019\/07\/bruit-de-voisinage2.png\" class=\"attachment-full size-full wp-image-967\" alt=\"\" srcset=\"https:\/\/la-ferte-beauharnais.fr\/wp-content\/uploads\/2019\/07\/bruit-de-voisinage2.png 336w, https:\/\/la-ferte-beauharnais.fr\/wp-content\/uploads\/2019\/07\/bruit-de-voisinage2-300x247.png 300w, https:\/\/la-ferte-beauharnais.fr\/wp-content\/uploads\/2019\/07\/bruit-de-voisinage2-150x124.png 150w\" sizes=\"(max-width: 336px) 100vw, 336px\" \/>\t\t\t\t\t\t\t\t\t\t\t\t\t\t\t<\/div>\n\t\t\t\t<\/div>\n\t\t\t\t\t<\/div>\n\t\t<\/div>\n\t\t\t\t\t<\/div>\n\t\t<\/section>\n\t\t\t\t<section class=\"elementor-section elementor-top-section elementor-element elementor-element-7db0242 elementor-section-content-middle elementor-reverse-mobile elementor-section-boxed elementor-section-height-default elementor-section-height-default\" data-id=\"7db0242\" data-element_type=\"section\" data-e-type=\"section\">\n\t\t\t\t\t\t<div class=\"elementor-container elementor-column-gap-no\">\n\t\t\t\t\t<div class=\"elementor-column elementor-col-50 elementor-top-column elementor-element elementor-element-511ada0\" data-id=\"511ada0\" data-element_type=\"column\" data-e-type=\"column\">\n\t\t\t<div class=\"elementor-widget-wrap elementor-element-populated\">\n\t\t\t\t\t\t<div class=\"elementor-element elementor-element-8c25234 elementor-widget elementor-widget-heading\" data-id=\"8c25234\" data-element_type=\"widget\" data-e-type=\"widget\" data-widget_type=\"heading.default\">\n\t\t\t\t<div class=\"elementor-widget-container\">\n\t\t\t\t\t<h4 class=\"elementor-heading-title elementor-size-default\">Feux de jardins<\/h4>\t\t\t\t<\/div>\n\t\t\t\t<\/div>\n\t\t\t\t<div class=\"elementor-element elementor-element-c991c22 elementor-widget elementor-widget-text-editor\" data-id=\"c991c22\" data-element_type=\"widget\" data-e-type=\"widget\" data-widget_type=\"text-editor.default\">\n\t\t\t\t<div class=\"elementor-widget-container\">\n\t\t\t\t\t\t\t\t\t<p><span style=\"font-family: 'Source Sans Pro';\">Les feux de jardins sont strictement interdits toute l\u2019ann\u00e9e.<\/span><\/p>\t\t\t\t\t\t\t\t<\/div>\n\t\t\t\t<\/div>\n\t\t\t\t<div class=\"elementor-element elementor-element-d347052 elementor-widget elementor-widget-button\" data-id=\"d347052\" data-element_type=\"widget\" data-e-type=\"widget\" data-widget_type=\"button.default\">\n\t\t\t\t<div class=\"elementor-widget-container\">\n\t\t\t\t\t\t\t\t\t<div class=\"elementor-button-wrapper\">\n\t\t\t\t\t<a class=\"elementor-button elementor-button-link elementor-size-sm elementor-animation-grow\" href=\"https:\/\/la-ferte-beauharnais.fr\/wp-content\/uploads\/2019\/09\/arr\u00eat\u00e9-41-2018-08-29-001-pr\u00e9vention-des-incendies.pdf\" target=\"_blank\">\n\t\t\t\t\t\t<span class=\"elementor-button-content-wrapper\">\n\t\t\t\t\t\t\t\t\t<span class=\"elementor-button-text\">Voir l'arr\u00eat\u00e9<\/span>\n\t\t\t\t\t<\/span>\n\t\t\t\t\t<\/a>\n\t\t\t\t<\/div>\n\t\t\t\t\t\t\t\t<\/div>\n\t\t\t\t<\/div>\n\t\t\t\t\t<\/div>\n\t\t<\/div>\n\t\t\t\t<div class=\"elementor-column elementor-col-50 elementor-top-column elementor-element elementor-element-b93def4\" data-id=\"b93def4\" data-element_type=\"column\" data-e-type=\"column\">\n\t\t\t<div class=\"elementor-widget-wrap elementor-element-populated\">\n\t\t\t\t\t\t<div class=\"elementor-element elementor-element-d8135f6 elementor-widget elementor-widget-image\" data-id=\"d8135f6\" data-element_type=\"widget\" data-e-type=\"widget\" data-widget_type=\"image.default\">\n\t\t\t\t<div class=\"elementor-widget-container\">\n\t\t\t\t\t\t\t\t\t\t\t\t\t\t\t<img decoding=\"async\" width=\"800\" height=\"445\" src=\"https:\/\/la-ferte-beauharnais.fr\/wp-content\/uploads\/2019\/09\/img.png\" class=\"attachment-full size-full wp-image-992\" alt=\"\" srcset=\"https:\/\/la-ferte-beauharnais.fr\/wp-content\/uploads\/2019\/09\/img.png 800w, https:\/\/la-ferte-beauharnais.fr\/wp-content\/uploads\/2019\/09\/img-300x167.png 300w, https:\/\/la-ferte-beauharnais.fr\/wp-content\/uploads\/2019\/09\/img-768x427.png 768w, https:\/\/la-ferte-beauharnais.fr\/wp-content\/uploads\/2019\/09\/img-150x83.png 150w\" sizes=\"(max-width: 800px) 100vw, 800px\" \/>\t\t\t\t\t\t\t\t\t\t\t\t\t\t\t<\/div>\n\t\t\t\t<\/div>\n\t\t\t\t\t<\/div>\n\t\t<\/div>\n\t\t\t\t\t<\/div>\n\t\t<\/section>\n\t\t\t\t<\/div>\n\t\t","protected":false},"excerpt":{"rendered":"<p>Autorisations en mati\u00e8re de bruits de voisinage Les bruits de voisinage sont autoris\u00e9s\u00a0suivant l\u2019arr\u00eat\u00e9 pr\u00e9fectoral du 12\/07\/2017 : Les jours ouvrables : 8h30-12h00 \/ 14h00-19h00 Samedi : 09h00-12h00 \/ 15h00-19h00 Dimanche et jours f\u00e9ri\u00e9s : 10h00-12h00 Voir l&#8217;arr\u00eat\u00e9 Feux de jardins Les feux de jardins sont strictement interdits toute l\u2019ann\u00e9e.\u2026<\/p>\n<p> <a class=\"continue-reading-link\" href=\"https:\/\/la-ferte-beauharnais.fr\/index.php\/regles-de-voisinage\/\"><span>Lire la suite<\/span><i class=\"crycon-right-dir\"><\/i><\/a> <\/p>\n","protected":false},"author":1,"featured_media":0,"parent":0,"menu_order":0,"comment_status":"closed","ping_status":"closed","template":"","meta":{"_exactmetrics_skip_tracking":false,"_exactmetrics_sitenote_active":false,"_exactmetrics_sitenote_note":"","_exactmetrics_sitenote_category":0,"footnotes":""},"class_list":["post-952","page","type-page","status-publish","hentry"],"yoast_head":"<!-- This site is optimized with the Yoast SEO plugin v27.3 - https:\/\/yoast.com\/product\/yoast-seo-wordpress\/ -->\n<title>R\u00e8gles de voisinage - Mairie de La Fert\u00e9 Beauharnais - Site officiel de la commune<\/title>\n<meta name=\"robots\" content=\"index, follow, max-snippet:-1, max-image-preview:large, max-video-preview:-1\" \/>\n<link rel=\"canonical\" href=\"https:\/\/la-ferte-beauharnais.fr\/index.php\/regles-de-voisinage\/\" \/>\n<meta property=\"og:locale\" content=\"fr_FR\" \/>\n<meta property=\"og:type\" content=\"article\" \/>\n<meta property=\"og:title\" content=\"R\u00e8gles de voisinage - Mairie de La Fert\u00e9 Beauharnais - Site officiel de la commune\" \/>\n<meta property=\"og:description\" content=\"Autorisations en mati\u00e8re de bruits de voisinage Les bruits de voisinage sont autoris\u00e9s\u00a0suivant l\u2019arr\u00eat\u00e9 pr\u00e9fectoral du 12\/07\/2017 : Les jours ouvrables : 8h30-12h00 \/ 14h00-19h00 Samedi : 09h00-12h00 \/ 15h00-19h00 Dimanche et jours f\u00e9ri\u00e9s : 10h00-12h00 Voir l&#8217;arr\u00eat\u00e9 Feux de jardins Les feux de jardins sont strictement interdits toute l\u2019ann\u00e9e.\u2026 Lire la suite\" \/>\n<meta property=\"og:url\" content=\"https:\/\/la-ferte-beauharnais.fr\/index.php\/regles-de-voisinage\/\" \/>\n<meta property=\"og:site_name\" content=\"Mairie de La Fert\u00e9 Beauharnais - Site officiel de la commune\" \/>\n<meta property=\"article:modified_time\" content=\"2019-10-18T18:01:23+00:00\" \/>\n<meta property=\"og:image\" content=\"http:\/\/la-ferte-beauharnais.fr\/wp-content\/uploads\/2019\/07\/bruit-de-voisinage2.png\" \/>\n<meta name=\"twitter:card\" content=\"summary_large_image\" \/>\n<script type=\"application\/ld+json\" class=\"yoast-schema-graph\">{\"@context\":\"https:\\\/\\\/schema.org\",\"@graph\":[{\"@type\":\"WebPage\",\"@id\":\"https:\\\/\\\/la-ferte-beauharnais.fr\\\/index.php\\\/regles-de-voisinage\\\/\",\"url\":\"https:\\\/\\\/la-ferte-beauharnais.fr\\\/index.php\\\/regles-de-voisinage\\\/\",\"name\":\"R\u00e8gles de voisinage - Mairie de La Fert\u00e9 Beauharnais - Site officiel de la commune\",\"isPartOf\":{\"@id\":\"https:\\\/\\\/la-ferte-beauharnais.fr\\\/#website\"},\"primaryImageOfPage\":{\"@id\":\"https:\\\/\\\/la-ferte-beauharnais.fr\\\/index.php\\\/regles-de-voisinage\\\/#primaryimage\"},\"image\":{\"@id\":\"https:\\\/\\\/la-ferte-beauharnais.fr\\\/index.php\\\/regles-de-voisinage\\\/#primaryimage\"},\"thumbnailUrl\":\"http:\\\/\\\/la-ferte-beauharnais.fr\\\/wp-content\\\/uploads\\\/2019\\\/07\\\/bruit-de-voisinage2.png\",\"datePublished\":\"2019-07-18T12:19:28+00:00\",\"dateModified\":\"2019-10-18T18:01:23+00:00\",\"breadcrumb\":{\"@id\":\"https:\\\/\\\/la-ferte-beauharnais.fr\\\/index.php\\\/regles-de-voisinage\\\/#breadcrumb\"},\"inLanguage\":\"fr-FR\",\"potentialAction\":[{\"@type\":\"ReadAction\",\"target\":[\"https:\\\/\\\/la-ferte-beauharnais.fr\\\/index.php\\\/regles-de-voisinage\\\/\"]}]},{\"@type\":\"ImageObject\",\"inLanguage\":\"fr-FR\",\"@id\":\"https:\\\/\\\/la-ferte-beauharnais.fr\\\/index.php\\\/regles-de-voisinage\\\/#primaryimage\",\"url\":\"http:\\\/\\\/la-ferte-beauharnais.fr\\\/wp-content\\\/uploads\\\/2019\\\/07\\\/bruit-de-voisinage2.png\",\"contentUrl\":\"http:\\\/\\\/la-ferte-beauharnais.fr\\\/wp-content\\\/uploads\\\/2019\\\/07\\\/bruit-de-voisinage2.png\"},{\"@type\":\"BreadcrumbList\",\"@id\":\"https:\\\/\\\/la-ferte-beauharnais.fr\\\/index.php\\\/regles-de-voisinage\\\/#breadcrumb\",\"itemListElement\":[{\"@type\":\"ListItem\",\"position\":1,\"name\":\"Accueil\",\"item\":\"https:\\\/\\\/la-ferte-beauharnais.fr\\\/\"},{\"@type\":\"ListItem\",\"position\":2,\"name\":\"R\u00e8gles de voisinage\"}]},{\"@type\":\"WebSite\",\"@id\":\"https:\\\/\\\/la-ferte-beauharnais.fr\\\/#website\",\"url\":\"https:\\\/\\\/la-ferte-beauharnais.fr\\\/\",\"name\":\"Mairie de La Fert\u00e9 Beauharnais - Site officiel de la commune\",\"description\":\"Village de Sologne situ\u00e9 entre Orl\u00e9ans et Romorantin-Lanthenay.\",\"potentialAction\":[{\"@type\":\"SearchAction\",\"target\":{\"@type\":\"EntryPoint\",\"urlTemplate\":\"https:\\\/\\\/la-ferte-beauharnais.fr\\\/?s={search_term_string}\"},\"query-input\":{\"@type\":\"PropertyValueSpecification\",\"valueRequired\":true,\"valueName\":\"search_term_string\"}}],\"inLanguage\":\"fr-FR\"}]}<\/script>\n<!-- \/ Yoast SEO plugin. -->","yoast_head_json":{"title":"R\u00e8gles de voisinage - Mairie de La Fert\u00e9 Beauharnais - Site officiel de la commune","robots":{"index":"index","follow":"follow","max-snippet":"max-snippet:-1","max-image-preview":"max-image-preview:large","max-video-preview":"max-video-preview:-1"},"canonical":"https:\/\/la-ferte-beauharnais.fr\/index.php\/regles-de-voisinage\/","og_locale":"fr_FR","og_type":"article","og_title":"R\u00e8gles de voisinage - Mairie de La Fert\u00e9 Beauharnais - Site officiel de la commune","og_description":"Autorisations en mati\u00e8re de bruits de voisinage Les bruits de voisinage sont autoris\u00e9s\u00a0suivant l\u2019arr\u00eat\u00e9 pr\u00e9fectoral du 12\/07\/2017 : Les jours ouvrables : 8h30-12h00 \/ 14h00-19h00 Samedi : 09h00-12h00 \/ 15h00-19h00 Dimanche et jours f\u00e9ri\u00e9s : 10h00-12h00 Voir l&#8217;arr\u00eat\u00e9 Feux de jardins Les feux de jardins sont strictement interdits toute l\u2019ann\u00e9e.\u2026 Lire la suite","og_url":"https:\/\/la-ferte-beauharnais.fr\/index.php\/regles-de-voisinage\/","og_site_name":"Mairie de La Fert\u00e9 Beauharnais - Site officiel de la commune","article_modified_time":"2019-10-18T18:01:23+00:00","og_image":[{"url":"http:\/\/la-ferte-beauharnais.fr\/wp-content\/uploads\/2019\/07\/bruit-de-voisinage2.png","type":"","width":"","height":""}],"twitter_card":"summary_large_image","schema":{"@context":"https:\/\/schema.org","@graph":[{"@type":"WebPage","@id":"https:\/\/la-ferte-beauharnais.fr\/index.php\/regles-de-voisinage\/","url":"https:\/\/la-ferte-beauharnais.fr\/index.php\/regles-de-voisinage\/","name":"R\u00e8gles de voisinage - Mairie de La Fert\u00e9 Beauharnais - Site officiel de la commune","isPartOf":{"@id":"https:\/\/la-ferte-beauharnais.fr\/#website"},"primaryImageOfPage":{"@id":"https:\/\/la-ferte-beauharnais.fr\/index.php\/regles-de-voisinage\/#primaryimage"},"image":{"@id":"https:\/\/la-ferte-beauharnais.fr\/index.php\/regles-de-voisinage\/#primaryimage"},"thumbnailUrl":"http:\/\/la-ferte-beauharnais.fr\/wp-content\/uploads\/2019\/07\/bruit-de-voisinage2.png","datePublished":"2019-07-18T12:19:28+00:00","dateModified":"2019-10-18T18:01:23+00:00","breadcrumb":{"@id":"https:\/\/la-ferte-beauharnais.fr\/index.php\/regles-de-voisinage\/#breadcrumb"},"inLanguage":"fr-FR","potentialAction":[{"@type":"ReadAction","target":["https:\/\/la-ferte-beauharnais.fr\/index.php\/regles-de-voisinage\/"]}]},{"@type":"ImageObject","inLanguage":"fr-FR","@id":"https:\/\/la-ferte-beauharnais.fr\/index.php\/regles-de-voisinage\/#primaryimage","url":"http:\/\/la-ferte-beauharnais.fr\/wp-content\/uploads\/2019\/07\/bruit-de-voisinage2.png","contentUrl":"http:\/\/la-ferte-beauharnais.fr\/wp-content\/uploads\/2019\/07\/bruit-de-voisinage2.png"},{"@type":"BreadcrumbList","@id":"https:\/\/la-ferte-beauharnais.fr\/index.php\/regles-de-voisinage\/#breadcrumb","itemListElement":[{"@type":"ListItem","position":1,"name":"Accueil","item":"https:\/\/la-ferte-beauharnais.fr\/"},{"@type":"ListItem","position":2,"name":"R\u00e8gles de voisinage"}]},{"@type":"WebSite","@id":"https:\/\/la-ferte-beauharnais.fr\/#website","url":"https:\/\/la-ferte-beauharnais.fr\/","name":"Mairie de La Fert\u00e9 Beauharnais - Site officiel de la commune","description":"Village de Sologne situ\u00e9 entre Orl\u00e9ans et Romorantin-Lanthenay.","potentialAction":[{"@type":"SearchAction","target":{"@type":"EntryPoint","urlTemplate":"https:\/\/la-ferte-beauharnais.fr\/?s={search_term_string}"},"query-input":{"@type":"PropertyValueSpecification","valueRequired":true,"valueName":"search_term_string"}}],"inLanguage":"fr-FR"}]}},"_links":{"self":[{"href":"https:\/\/la-ferte-beauharnais.fr\/index.php\/wp-json\/wp\/v2\/pages\/952","targetHints":{"allow":["GET"]}}],"collection":[{"href":"https:\/\/la-ferte-beauharnais.fr\/index.php\/wp-json\/wp\/v2\/pages"}],"about":[{"href":"https:\/\/la-ferte-beauharnais.fr\/index.php\/wp-json\/wp\/v2\/types\/page"}],"author":[{"embeddable":true,"href":"https:\/\/la-ferte-beauharnais.fr\/index.php\/wp-json\/wp\/v2\/users\/1"}],"replies":[{"embeddable":true,"href":"https:\/\/la-ferte-beauharnais.fr\/index.php\/wp-json\/wp\/v2\/comments?post=952"}],"version-history":[{"count":7,"href":"https:\/\/la-ferte-beauharnais.fr\/index.php\/wp-json\/wp\/v2\/pages\/952\/revisions"}],"predecessor-version":[{"id":1006,"href":"https:\/\/la-ferte-beauharnais.fr\/index.php\/wp-json\/wp\/v2\/pages\/952\/revisions\/1006"}],"wp:attachment":[{"href":"https:\/\/la-ferte-beauharnais.fr\/index.php\/wp-json\/wp\/v2\/media?parent=952"}],"curies":[{"name":"wp","href":"https:\/\/api.w.org\/{rel}","templated":true}]}}